{"id":21466,"date":"2025-08-04T14:51:34","date_gmt":"2025-08-04T12:51:34","guid":{"rendered":"https:\/\/mokaefti.ch\/produkte-im-angebot\/"},"modified":"2025-09-18T09:26:45","modified_gmt":"2025-09-18T07:26:45","slug":"produkte-im-angebot","status":"publish","type":"page","link":"https:\/\/mokaefti.ch\/de\/produkte-im-angebot\/","title":{"rendered":"Produkte im Angebot"},"content":{"rendered":"\t\t<div data-elementor-type=\"wp-page\" data-elementor-id=\"21466\" class=\"elementor elementor-21466 elementor-18880\" data-elementor-post-type=\"page\">\n\t\t\t\t\t\t<section data-particle_enable=\"false\" data-particle-mobile-disabled=\"false\" class=\"elementor-section elementor-top-section elementor-element elementor-element-6a125133 elementor-section-stretched elementor-section-full_width elementor-section-height-default elementor-section-height-default wpr-particle-no wpr-jarallax-no wpr-parallax-no wpr-sticky-section-no wpr-equal-height-no\" data-id=\"6a125133\" data-element_type=\"section\" data-e-type=\"section\" data-settings=\"{&quot;stretch_section&quot;:&quot;section-stretched&quot;,&quot;background_background&quot;:&quot;classic&quot;}\">\n\t\t\t\t\t\t<div class=\"elementor-container elementor-column-gap-no\">\n\t\t\t\t\t<div class=\"elementor-column elementor-col-100 elementor-top-column elementor-element elementor-element-4d0f7889\" data-id=\"4d0f7889\" data-element_type=\"column\" data-e-type=\"column\">\n\t\t\t<div class=\"elementor-widget-wrap elementor-element-populated\">\n\t\t\t\t\t\t<div class=\"elementor-element elementor-element-ac284f eael-product-grid-column-tablet-2 eael-product-grid-column-3 elementor-invisible elementor-widget elementor-widget-eicon-woocommerce\" data-id=\"ac284f\" data-element_type=\"widget\" data-e-type=\"widget\" data-settings=\"{&quot;_animation&quot;:&quot;fadeInUp&quot;}\" data-widget_type=\"eicon-woocommerce.default\">\n\t\t\t\t\t\n        <div class=\"eael-product-grid eael-product-simple grid\" id=\"eael-product-grid\" data-widget-id=\"ac284f\" data-page-id=\"21466\" data-nonce=\"4efea0ffa2\" >\n            <div class=\"woocommerce\">\n                <ul class=\"products eael-post-appender eael-post-appender-ac284f\" data-ssi-desktop=\"no\" data-ssi-tablet=\"no\" data-ssi-mobile=\"no\" data-layout-mode=\"grid\"> <li class=\"product \">\n<div class=\"eael-product-wrap\" data-src=\"\" data-src-hover=\"\">\n    <a href=\"https:\/\/mokaefti.ch\/de\/online-kaufen\/crema-caffe-im-1-liter-pack\/\" class=\"woocommerce-LoopProduct-link woocommerce-loop-product__link\"><img fetchpriority=\"high\" decoding=\"async\" width=\"300\" height=\"300\" src=\"https:\/\/mokaefti.ch\/wp-content\/uploads\/2025\/01\/crema-fredda-caffe-300x300.png\" class=\"attachment-woocommerce_thumbnail size-woocommerce_thumbnail wvs-archive-product-image\" alt=\"Kalte Kaffeecreme\" loading=\"eager\" srcset=\"https:\/\/mokaefti.ch\/wp-content\/uploads\/2025\/01\/crema-fredda-caffe-300x300.png 300w, https:\/\/mokaefti.ch\/wp-content\/uploads\/2025\/01\/crema-fredda-caffe-1024x1024.png 1024w, https:\/\/mokaefti.ch\/wp-content\/uploads\/2025\/01\/crema-fredda-caffe-150x150.png 150w, https:\/\/mokaefti.ch\/wp-content\/uploads\/2025\/01\/crema-fredda-caffe-768x768.png 768w, https:\/\/mokaefti.ch\/wp-content\/uploads\/2025\/01\/crema-fredda-caffe-560x560.png 560w, https:\/\/mokaefti.ch\/wp-content\/uploads\/2025\/01\/crema-fredda-caffe-900x900.png 900w, https:\/\/mokaefti.ch\/wp-content\/uploads\/2025\/01\/crema-fredda-caffe-600x600.png 600w, https:\/\/mokaefti.ch\/wp-content\/uploads\/2025\/01\/crema-fredda-caffe-100x100.png 100w, https:\/\/mokaefti.ch\/wp-content\/uploads\/2025\/01\/crema-fredda-caffe.png 1080w\" sizes=\"(max-width: 300px) 100vw, 300px\" \/><\/a><div class=\"eael-product-title\">\n    <a href=\"https:\/\/mokaefti.ch\/de\/online-kaufen\/crema-caffe-im-1-liter-pack\/\" class=\"woocommerce-LoopProduct-link woocommerce-loop-product__link\"><h2 class=\"woocommerce-loop-product__title\">CREMA CAFF\u00c8 IM 1-LITER-PACK<\/h2><\/a>\n    <\/div><span class=\"onsale sale-preset-3 \">Reduziert<\/span><div class=\"eael-product-price\"><del aria-hidden=\"true\"><span class=\"woocommerce-Price-amount amount\"><bdi><span class=\"woocommerce-Price-currencySymbol\">&#67;&#72;&#70;<\/span>13.99<\/bdi><\/span><\/del> <span class=\"screen-reader-text\">Urspr\u00fcnglicher Preis war: &#067;&#072;&#070;13.99<\/span><ins aria-hidden=\"true\"><span class=\"woocommerce-Price-amount amount\"><bdi><span class=\"woocommerce-Price-currencySymbol\">&#67;&#72;&#70;<\/span>10.99<\/bdi><\/span><\/ins><span class=\"screen-reader-text\">Aktueller Preis ist: &#067;&#072;&#070;10.99.<\/span><\/div>    <a href=\"\/de\/wp-json\/wp\/v2\/pages\/21466?add-to-cart=21199\" aria-describedby=\"woocommerce_loop_add_to_cart_link_describedby_21199\" data-quantity=\"1\" class=\"button product_type_simple add_to_cart_button ajax_add_to_cart\" data-product_id=\"21199\" data-product_sku=\"8900\" aria-label=\"In den Warenkorb legen: \u201eCREMA CAFF\u00c8 IM 1-LITER-PACK\u201c\" rel=\"nofollow\" data-success_message=\"\u201eCREMA CAFF\u00c8 IM 1-LITER-PACK\u201c wurde deinem Warenkorb hinzugef\u00fcgt\" role=\"button\">In den Warenkorb<\/a>\t<span id=\"woocommerce_loop_add_to_cart_link_describedby_21199\" class=\"screen-reader-text\">\n\t\t\t<\/span>\n    \n<\/div>\n\n<\/li> <li class=\"product \">\n<div class=\"eael-product-wrap\" data-src=\"\" data-src-hover=\"\">\n    <a href=\"https:\/\/mokaefti.ch\/de\/online-kaufen\/sublime-kaffee-ganze-bohne-1000-g\/\" class=\"woocommerce-LoopProduct-link woocommerce-loop-product__link\"><img decoding=\"async\" width=\"300\" height=\"300\" src=\"https:\/\/mokaefti.ch\/wp-content\/uploads\/2022\/09\/1-300x300.png\" class=\"attachment-woocommerce_thumbnail size-woocommerce_thumbnail wvs-archive-product-image\" alt=\"Sublime Bohnen 1000 gr.\" loading=\"eager\" srcset=\"https:\/\/mokaefti.ch\/wp-content\/uploads\/2022\/09\/1-300x300.png 300w, https:\/\/mokaefti.ch\/wp-content\/uploads\/2022\/09\/1-1024x1024.png 1024w, https:\/\/mokaefti.ch\/wp-content\/uploads\/2022\/09\/1-150x150.png 150w, https:\/\/mokaefti.ch\/wp-content\/uploads\/2022\/09\/1-768x768.png 768w, https:\/\/mokaefti.ch\/wp-content\/uploads\/2022\/09\/1-600x600.png 600w, https:\/\/mokaefti.ch\/wp-content\/uploads\/2022\/09\/1-100x100.png 100w, https:\/\/mokaefti.ch\/wp-content\/uploads\/2022\/09\/1.png 1080w\" sizes=\"(max-width: 300px) 100vw, 300px\" \/><\/a><div class=\"eael-product-title\">\n    <a href=\"https:\/\/mokaefti.ch\/de\/online-kaufen\/sublime-kaffee-ganze-bohne-1000-g\/\" class=\"woocommerce-LoopProduct-link woocommerce-loop-product__link\"><h2 class=\"woocommerce-loop-product__title\">SUBLIME KAFFEE BOHNEN 1000G<\/h2><\/a>\n    <\/div><div class=\"eael-product-price\"><span class=\"woocommerce-Price-amount amount\"><bdi><span class=\"woocommerce-Price-currencySymbol\">&#67;&#72;&#70;<\/span>27.50<\/bdi><\/span><\/div>    <a href=\"\/de\/wp-json\/wp\/v2\/pages\/21466?add-to-cart=21396\" aria-describedby=\"woocommerce_loop_add_to_cart_link_describedby_21396\" data-quantity=\"1\" class=\"button product_type_simple add_to_cart_button ajax_add_to_cart\" data-product_id=\"21396\" data-product_sku=\"30101\" aria-label=\"In den Warenkorb legen: \u201eSUBLIME KAFFEE BOHNEN 1000G\u201c\" rel=\"nofollow\" data-success_message=\"\u201eSUBLIME KAFFEE BOHNEN 1000G\u201c wurde deinem Warenkorb hinzugef\u00fcgt\" role=\"button\">In den Warenkorb<\/a>\t<span id=\"woocommerce_loop_add_to_cart_link_describedby_21396\" class=\"screen-reader-text\">\n\t\t\t<\/span>\n    \n<\/div>\n\n<\/li> <li class=\"product \">\n<div class=\"eael-product-wrap\" data-src=\"\" data-src-hover=\"\">\n    <a href=\"https:\/\/mokaefti.ch\/de\/online-kaufen\/sublime-kaffeebohnen-500g\/\" class=\"woocommerce-LoopProduct-link woocommerce-loop-product__link\"><img decoding=\"async\" width=\"300\" height=\"300\" src=\"https:\/\/mokaefti.ch\/wp-content\/uploads\/2022\/09\/2-300x300.png\" class=\"attachment-woocommerce_thumbnail size-woocommerce_thumbnail wvs-archive-product-image\" alt=\"Sublime Bohnen 500 gr.\" loading=\"eager\" srcset=\"https:\/\/mokaefti.ch\/wp-content\/uploads\/2022\/09\/2-300x300.png 300w, https:\/\/mokaefti.ch\/wp-content\/uploads\/2022\/09\/2-1024x1024.png 1024w, https:\/\/mokaefti.ch\/wp-content\/uploads\/2022\/09\/2-150x150.png 150w, https:\/\/mokaefti.ch\/wp-content\/uploads\/2022\/09\/2-768x768.png 768w, https:\/\/mokaefti.ch\/wp-content\/uploads\/2022\/09\/2-600x600.png 600w, https:\/\/mokaefti.ch\/wp-content\/uploads\/2022\/09\/2-100x100.png 100w, https:\/\/mokaefti.ch\/wp-content\/uploads\/2022\/09\/2.png 1080w\" sizes=\"(max-width: 300px) 100vw, 300px\" \/><\/a><div class=\"eael-product-title\">\n    <a href=\"https:\/\/mokaefti.ch\/de\/online-kaufen\/sublime-kaffeebohnen-500g\/\" class=\"woocommerce-LoopProduct-link woocommerce-loop-product__link\"><h2 class=\"woocommerce-loop-product__title\">SUBLIME KAFFEE BOHNEN 500G<\/h2><\/a>\n    <\/div><div class=\"eael-product-price\"><span class=\"woocommerce-Price-amount amount\"><bdi><span class=\"woocommerce-Price-currencySymbol\">&#67;&#72;&#70;<\/span>14.50<\/bdi><\/span><\/div>    <a href=\"\/de\/wp-json\/wp\/v2\/pages\/21466?add-to-cart=21393\" aria-describedby=\"woocommerce_loop_add_to_cart_link_describedby_21393\" data-quantity=\"1\" class=\"button product_type_simple add_to_cart_button ajax_add_to_cart\" data-product_id=\"21393\" data-product_sku=\"30051\" aria-label=\"In den Warenkorb legen: \u201eSUBLIME KAFFEE BOHNEN 500G\u201c\" rel=\"nofollow\" data-success_message=\"\u201eSUBLIME KAFFEE BOHNEN 500G\u201c wurde deinem Warenkorb hinzugef\u00fcgt\" role=\"button\">In den Warenkorb<\/a>\t<span id=\"woocommerce_loop_add_to_cart_link_describedby_21393\" class=\"screen-reader-text\">\n\t\t\t<\/span>\n    \n<\/div>\n\n<\/li> <li class=\"product \">\n<div class=\"eael-product-wrap\" data-src=\"\" data-src-hover=\"\">\n    <a href=\"https:\/\/mokaefti.ch\/de\/online-kaufen\/sublime-kaffeebohnen-250g\/\" class=\"woocommerce-LoopProduct-link woocommerce-loop-product__link\"><img decoding=\"async\" width=\"300\" height=\"300\" src=\"https:\/\/mokaefti.ch\/wp-content\/uploads\/2022\/09\/3-300x300.png\" class=\"attachment-woocommerce_thumbnail size-woocommerce_thumbnail wvs-archive-product-image\" alt=\"Sublime Bohnen 250 gr.\" loading=\"eager\" srcset=\"https:\/\/mokaefti.ch\/wp-content\/uploads\/2022\/09\/3-300x300.png 300w, https:\/\/mokaefti.ch\/wp-content\/uploads\/2022\/09\/3-1024x1024.png 1024w, https:\/\/mokaefti.ch\/wp-content\/uploads\/2022\/09\/3-150x150.png 150w, https:\/\/mokaefti.ch\/wp-content\/uploads\/2022\/09\/3-768x768.png 768w, https:\/\/mokaefti.ch\/wp-content\/uploads\/2022\/09\/3-600x600.png 600w, https:\/\/mokaefti.ch\/wp-content\/uploads\/2022\/09\/3-100x100.png 100w, https:\/\/mokaefti.ch\/wp-content\/uploads\/2022\/09\/3.png 1080w\" sizes=\"(max-width: 300px) 100vw, 300px\" \/><\/a><div class=\"eael-product-title\">\n    <a href=\"https:\/\/mokaefti.ch\/de\/online-kaufen\/sublime-kaffeebohnen-250g\/\" class=\"woocommerce-LoopProduct-link woocommerce-loop-product__link\"><h2 class=\"woocommerce-loop-product__title\">SUBLIME KAFFEE BOHNEN 250G<\/h2><\/a>\n    <\/div><div class=\"eael-product-price\"><span class=\"woocommerce-Price-amount amount\"><bdi><span class=\"woocommerce-Price-currencySymbol\">&#67;&#72;&#70;<\/span>7.90<\/bdi><\/span><\/div>    <a href=\"\/de\/wp-json\/wp\/v2\/pages\/21466?add-to-cart=21390\" aria-describedby=\"woocommerce_loop_add_to_cart_link_describedby_21390\" data-quantity=\"1\" class=\"button product_type_simple add_to_cart_button ajax_add_to_cart\" data-product_id=\"21390\" data-product_sku=\"30251\" aria-label=\"In den Warenkorb legen: \u201eSUBLIME KAFFEE BOHNEN 250G\u201c\" rel=\"nofollow\" data-success_message=\"\u201eSUBLIME KAFFEE BOHNEN 250G\u201c wurde deinem Warenkorb hinzugef\u00fcgt\" role=\"button\">In den Warenkorb<\/a>\t<span id=\"woocommerce_loop_add_to_cart_link_describedby_21390\" class=\"screen-reader-text\">\n\t\t\t<\/span>\n    \n<\/div>\n\n<\/li> <li class=\"product \">\n<div class=\"eael-product-wrap\" data-src=\"\" data-src-hover=\"\">\n    <a href=\"https:\/\/mokaefti.ch\/de\/online-kaufen\/sublime-gemahlener-kaffee-250g\/\" class=\"woocommerce-LoopProduct-link woocommerce-loop-product__link\"><img decoding=\"async\" width=\"300\" height=\"300\" src=\"https:\/\/mokaefti.ch\/wp-content\/uploads\/2022\/08\/19-300x300.png\" class=\"attachment-woocommerce_thumbnail size-woocommerce_thumbnail wvs-archive-product-image\" alt=\"Sublime gemahlener Kaffee 250g\" loading=\"eager\" srcset=\"https:\/\/mokaefti.ch\/wp-content\/uploads\/2022\/08\/19-300x300.png 300w, https:\/\/mokaefti.ch\/wp-content\/uploads\/2022\/08\/19-1024x1024.png 1024w, https:\/\/mokaefti.ch\/wp-content\/uploads\/2022\/08\/19-150x150.png 150w, https:\/\/mokaefti.ch\/wp-content\/uploads\/2022\/08\/19-768x768.png 768w, https:\/\/mokaefti.ch\/wp-content\/uploads\/2022\/08\/19-600x600.png 600w, https:\/\/mokaefti.ch\/wp-content\/uploads\/2022\/08\/19-100x100.png 100w, https:\/\/mokaefti.ch\/wp-content\/uploads\/2022\/08\/19.png 1080w\" sizes=\"(max-width: 300px) 100vw, 300px\" \/><\/a><div class=\"eael-product-title\">\n    <a href=\"https:\/\/mokaefti.ch\/de\/online-kaufen\/sublime-gemahlener-kaffee-250g\/\" class=\"woocommerce-LoopProduct-link woocommerce-loop-product__link\"><h2 class=\"woocommerce-loop-product__title\">SUBLIME KAFFEE GEMAHLEN 250G<\/h2><\/a>\n    <\/div><div class=\"eael-product-price\"><span class=\"woocommerce-Price-amount amount\"><bdi><span class=\"woocommerce-Price-currencySymbol\">&#67;&#72;&#70;<\/span>7.65<\/bdi><\/span><\/div>    <a href=\"\/de\/wp-json\/wp\/v2\/pages\/21466?add-to-cart=21402\" aria-describedby=\"woocommerce_loop_add_to_cart_link_describedby_21402\" data-quantity=\"1\" class=\"button product_type_simple add_to_cart_button ajax_add_to_cart\" data-product_id=\"21402\" data-product_sku=\"32251\" aria-label=\"In den Warenkorb legen: \u201eSUBLIME KAFFEE GEMAHLEN 250G\u201c\" rel=\"nofollow\" data-success_message=\"\u201eSUBLIME KAFFEE GEMAHLEN 250G\u201c wurde deinem Warenkorb hinzugef\u00fcgt\" role=\"button\">In den Warenkorb<\/a>\t<span id=\"woocommerce_loop_add_to_cart_link_describedby_21402\" class=\"screen-reader-text\">\n\t\t\t<\/span>\n    \n<\/div>\n\n<\/li> <li class=\"product \">\n<div class=\"eael-product-wrap\" data-src=\"\" data-src-hover=\"\">\n    <a href=\"https:\/\/mokaefti.ch\/de\/online-kaufen\/sublime-gemahlener-kaffee-500g\/\" class=\"woocommerce-LoopProduct-link woocommerce-loop-product__link\"><img decoding=\"async\" width=\"300\" height=\"300\" src=\"https:\/\/mokaefti.ch\/wp-content\/uploads\/2022\/08\/20-300x300.png\" class=\"attachment-woocommerce_thumbnail size-woocommerce_thumbnail wvs-archive-product-image\" alt=\"Sublime gemahlener Kaffee 500g\" loading=\"eager\" srcset=\"https:\/\/mokaefti.ch\/wp-content\/uploads\/2022\/08\/20-300x300.png 300w, https:\/\/mokaefti.ch\/wp-content\/uploads\/2022\/08\/20-1024x1024.png 1024w, https:\/\/mokaefti.ch\/wp-content\/uploads\/2022\/08\/20-150x150.png 150w, https:\/\/mokaefti.ch\/wp-content\/uploads\/2022\/08\/20-768x768.png 768w, https:\/\/mokaefti.ch\/wp-content\/uploads\/2022\/08\/20-600x600.png 600w, https:\/\/mokaefti.ch\/wp-content\/uploads\/2022\/08\/20-100x100.png 100w, https:\/\/mokaefti.ch\/wp-content\/uploads\/2022\/08\/20.png 1080w\" sizes=\"(max-width: 300px) 100vw, 300px\" \/><\/a><div class=\"eael-product-title\">\n    <a href=\"https:\/\/mokaefti.ch\/de\/online-kaufen\/sublime-gemahlener-kaffee-500g\/\" class=\"woocommerce-LoopProduct-link woocommerce-loop-product__link\"><h2 class=\"woocommerce-loop-product__title\">SUBLIME KAFFEE GEMAHLEN 500G<\/h2><\/a>\n    <\/div><div class=\"eael-product-price\"><span class=\"woocommerce-Price-amount amount\"><bdi><span class=\"woocommerce-Price-currencySymbol\">&#67;&#72;&#70;<\/span>14.50<\/bdi><\/span><\/div>    <a href=\"\/de\/wp-json\/wp\/v2\/pages\/21466?add-to-cart=21405\" aria-describedby=\"woocommerce_loop_add_to_cart_link_describedby_21405\" data-quantity=\"1\" class=\"button product_type_simple add_to_cart_button ajax_add_to_cart\" data-product_id=\"21405\" data-product_sku=\"32051\" aria-label=\"In den Warenkorb legen: \u201eSUBLIME KAFFEE GEMAHLEN 500G\u201c\" rel=\"nofollow\" data-success_message=\"\u201eSUBLIME KAFFEE GEMAHLEN 500G\u201c wurde deinem Warenkorb hinzugef\u00fcgt\" role=\"button\">In den Warenkorb<\/a>\t<span id=\"woocommerce_loop_add_to_cart_link_describedby_21405\" class=\"screen-reader-text\">\n\t\t\t<\/span>\n    \n<\/div>\n\n<\/li><\/ul>            <\/div>\n        <\/div>\n\n        <script type=\"text\/javascript\">\n            jQuery(document).ready(function($) {\n                var $scope = jQuery(\".elementor-element-ac284f\");\n                var $products = $('.products', $scope);\n                var $layout_mode = $products.data('layout-mode');\n                \n                if ( $layout_mode === 'masonry' ) {\n                    \/\/ init isotope\n                    var $isotope_products = $products.isotope({\n                        itemSelector: \"li.product\",\n                        layoutMode: $layout_mode,\n                        percentPosition: true\n                    });\n\n                    $isotope_products.imagesLoaded().progress( function() {\n                        $isotope_products.isotope('layout');\n                    })\n                    \n                }\n            });\n        <\/script>\n        \t\t\t\t<\/div>\n\t\t\t\t\t<\/div>\n\t\t<\/div>\n\t\t\t\t\t<\/div>\n\t\t<\/section>\n\t\t\t\t<\/div>\n\t\t","protected":false},"excerpt":{"rendered":"<p>Crema Caff\u00e8 in brick 1 lt Reduziert&#67;&#72;&#70;&nbsp;13.99 Il prezzo originale era: &#067;&#072;&#070;&nbsp;13.99.&#67;&#72;&#70;&nbsp;10.99Il prezzo attuale \u00e8: &#067;&#072;&#070;&nbsp;10.99. Aggiungi al carrello Sublime caff\u00e8 in grani 1000 g &#67;&#72;&#70;&nbsp;27.50 Aggiungi al carrello Sublime caff\u00e8 in grani 500g &#67;&#72;&#70;&nbsp;14.50 Aggiungi al carrello Sublime caff\u00e8 in grani 250g &#67;&#72;&#70;&nbsp;7.90 Aggiungi al carrello Sublime caff\u00e8 macinato 250g &#67;&#72;&#70;&nbsp;7.65 Aggiungi al carrello Sublime caff\u00e8 macinato 500g &#67;&#72;&#70;&nbsp;14.50 Aggiungi al carrello<\/p>\n","protected":false},"author":12,"featured_media":0,"parent":0,"menu_order":0,"comment_status":"closed","ping_status":"closed","template":"elementor_header_footer","meta":{"_acf_changed":false,"_eb_attr":"","inline_featured_image":false,"footnotes":""},"folder":[348],"class_list":["post-21466","page","type-page","status-publish","hentry"],"acf":[],"aioseo_notices":[],"_links":{"self":[{"href":"https:\/\/mokaefti.ch\/de\/wp-json\/wp\/v2\/pages\/21466","targetHints":{"allow":["GET"]}}],"collection":[{"href":"https:\/\/mokaefti.ch\/de\/wp-json\/wp\/v2\/pages"}],"about":[{"href":"https:\/\/mokaefti.ch\/de\/wp-json\/wp\/v2\/types\/page"}],"author":[{"embeddable":true,"href":"https:\/\/mokaefti.ch\/de\/wp-json\/wp\/v2\/users\/12"}],"replies":[{"embeddable":true,"href":"https:\/\/mokaefti.ch\/de\/wp-json\/wp\/v2\/comments?post=21466"}],"version-history":[{"count":0,"href":"https:\/\/mokaefti.ch\/de\/wp-json\/wp\/v2\/pages\/21466\/revisions"}],"wp:attachment":[{"href":"https:\/\/mokaefti.ch\/de\/wp-json\/wp\/v2\/media?parent=21466"}],"wp:term":[{"taxonomy":"folder","embeddable":true,"href":"https:\/\/mokaefti.ch\/de\/wp-json\/wp\/v2\/folder?post=21466"}],"curies":[{"name":"wp","href":"https:\/\/api.w.org\/{rel}","templated":true}]}}