{"id":21977,"date":"2022-08-19T11:25:01","date_gmt":"2022-08-19T09:25:01","guid":{"rendered":"https:\/\/mokaefti.ch\/fuer-hotels-und-bueros\/"},"modified":"2025-11-11T11:39:29","modified_gmt":"2025-11-11T10:39:29","slug":"fuer-hotels-und-bueros","status":"publish","type":"page","link":"https:\/\/mokaefti.ch\/de\/fuer-hotels-und-bueros\/","title":{"rendered":"F\u00fcr Hotels und B\u00fcros"},"content":{"rendered":"\t\t<div data-elementor-type=\"wp-page\" data-elementor-id=\"21977\" class=\"elementor elementor-21977 elementor-675\" data-elementor-post-type=\"page\">\n\t\t\t\t\t\t<section data-particle_enable=\"false\" data-particle-mobile-disabled=\"false\" class=\"elementor-section elementor-top-section elementor-element elementor-element-1f94467a elementor-section-full_width elementor-section-content-middle elementor-section-height-default elementor-section-height-default wpr-particle-no wpr-jarallax-no wpr-parallax-no wpr-sticky-section-no wpr-equal-height-no\" data-id=\"1f94467a\" data-element_type=\"section\" data-e-type=\"section\" data-settings=\"{&quot;background_background&quot;:&quot;classic&quot;}\">\n\t\t\t\t\t\t\t<div class=\"elementor-background-overlay\"><\/div>\n\t\t\t\t\t\t\t<div class=\"elementor-container elementor-column-gap-no\">\n\t\t\t\t\t<div class=\"elementor-column elementor-col-100 elementor-top-column elementor-element elementor-element-2a41ad50\" data-id=\"2a41ad50\" data-element_type=\"column\" data-e-type=\"column\">\n\t\t\t<div class=\"elementor-widget-wrap elementor-element-populated\">\n\t\t\t\t\t\t<section data-particle_enable=\"false\" data-particle-mobile-disabled=\"false\" class=\"elementor-section elementor-inner-section elementor-element elementor-element-4de5f619 elementor-section-content-middle elementor-section-boxed elementor-section-height-default elementor-section-height-default wpr-particle-no wpr-jarallax-no wpr-parallax-no wpr-sticky-section-no wpr-equal-height-no\" data-id=\"4de5f619\" data-element_type=\"section\" data-e-type=\"section\">\n\t\t\t\t\t\t<div class=\"elementor-container elementor-column-gap-default\">\n\t\t\t\t\t<div class=\"elementor-column elementor-col-100 elementor-inner-column elementor-element elementor-element-11290d59\" data-id=\"11290d59\" data-element_type=\"column\" data-e-type=\"column\">\n\t\t\t<div class=\"elementor-widget-wrap elementor-element-populated\">\n\t\t\t\t\t\t<div class=\"elementor-element elementor-element-5afd6768 animated-slow elementor-invisible elementor-widget elementor-widget-heading\" data-id=\"5afd6768\" data-element_type=\"widget\" data-e-type=\"widget\" data-settings=\"{&quot;_animation&quot;:&quot;zoomIn&quot;}\" data-widget_type=\"heading.default\">\n\t\t\t\t\t<h2 class=\"elementor-heading-title elementor-size-default\">Kaffee und Kaffeemaschinen f\u00fcr B\u00fcros und Gastronomiebetriebe<\/h2>\t\t\t\t<\/div>\n\t\t\t\t\t<\/div>\n\t\t<\/div>\n\t\t\t\t\t<\/div>\n\t\t<\/section>\n\t\t\t\t\t<\/div>\n\t\t<\/div>\n\t\t\t\t\t<\/div>\n\t\t<\/section>\n\t\t<div data-particle_enable=\"false\" data-particle-mobile-disabled=\"false\" class=\"elementor-element elementor-element-4d9c289 e-flex e-con-boxed wpr-particle-no wpr-jarallax-no wpr-parallax-no wpr-sticky-section-no wpr-equal-height-no e-con e-parent\" data-id=\"4d9c289\" data-element_type=\"container\" data-e-type=\"container\">\n\t\t\t\t\t<div class=\"e-con-inner\">\n\t\t\t\t<div class=\"elementor-element elementor-element-f96a88c elementor-widget elementor-widget-text-editor\" data-id=\"f96a88c\" data-element_type=\"widget\" data-e-type=\"widget\" data-widget_type=\"text-editor.default\">\n\t\t\t\t\t\t\t\t\t<p>Unsere Produkte sind auch f\u00fcr B\u00fcros, Hotels und Bed &amp; Breakfasts konzipiert, die ihren Mitarbeitern und Kunden guten Kaffee anbieten m\u00f6chten. Wenn Sie dieser Kategorie angeh\u00f6ren, probieren Sie unsere Kapseln, die Nespresso-kompatibel sind, FAP-Kapseln oder die umweltfreundlichen <b>Moka Efti-Pads<\/b>. Erwerben Sie eine unserer halb-professionellen Maschinen f\u00fcr alle Verwendungszwecke und servieren Sie einen beispielhaften Espresso zu.<\/p>\t\t\t\t\t\t\t\t<\/div>\n\t\t\t\t\t<\/div>\n\t\t\t\t<\/div>\n\t\t\t\t<section data-particle_enable=\"false\" data-particle-mobile-disabled=\"false\" class=\"elementor-section elementor-top-section elementor-element elementor-element-69a41cb9 elementor-section-full_width elementor-section-height-default elementor-section-height-default wpr-particle-no wpr-jarallax-no wpr-parallax-no wpr-sticky-section-no wpr-equal-height-no\" data-id=\"69a41cb9\" data-element_type=\"section\" data-e-type=\"section\">\n\t\t\t\t\t\t<div class=\"elementor-container elementor-column-gap-default\">\n\t\t\t\t\t<div class=\"elementor-column elementor-col-100 elementor-top-column elementor-element elementor-element-47694a79\" data-id=\"47694a79\" data-element_type=\"column\" data-e-type=\"column\">\n\t\t\t<div class=\"elementor-widget-wrap elementor-element-populated\">\n\t\t\t\t\t\t<section data-particle_enable=\"false\" data-particle-mobile-disabled=\"false\" class=\"elementor-section elementor-inner-section elementor-element elementor-element-734e7a4b elementor-section-full_width elementor-section-height-default elementor-section-height-default wpr-particle-no wpr-jarallax-no wpr-parallax-no wpr-sticky-section-no wpr-equal-height-no\" data-id=\"734e7a4b\" data-element_type=\"section\" data-e-type=\"section\">\n\t\t\t\t\t\t<div class=\"elementor-container elementor-column-gap-default\">\n\t\t\t\t\t<div class=\"elementor-column elementor-col-20 elementor-inner-column elementor-element elementor-element-b0ae7b9 animated-slow elementor-invisible\" data-id=\"b0ae7b9\" data-element_type=\"column\" data-e-type=\"column\" data-settings=\"{&quot;background_background&quot;:&quot;classic&quot;,&quot;animation&quot;:&quot;fadeInLeft&quot;}\">\n\t\t\t<div class=\"elementor-widget-wrap elementor-element-populated\">\n\t\t\t\t\t\t<div class=\"elementor-element elementor-element-7b90248a eael-team-align-centered elementor-widget elementor-widget-eael-team-member\" data-id=\"7b90248a\" data-element_type=\"widget\" data-e-type=\"widget\" data-widget_type=\"eael-team-member.default\">\n\t\t\t\t\t\n\n\t<div id=\"eael-team-member-7b90248a\" class=\"eael-team-item eael-team-members-centered \">\n\t\t<div class=\"eael-team-item-inner\">\n\t\t\t<div class=\"eael-team-image\">\n\t\t\t\t<figure>\n\t\t\t\t\t\t\t\t\t\t<img decoding=\"async\" src=\"https:\/\/mokaefti.ch\/wp-content\/uploads\/2022\/08\/capsule-compatibili-nespresso.png\" alt=\"\">\n\t\t\t\t\t\t\t\t\t<\/figure>\n\t\t\t\t\n\t\t\t\t\n\t\t\t<\/div>\n\n\t\t\t<div class=\"eael-team-content\">\n\t\t\t\t<h2 class=\"eael-team-member-name\"> NESPRESSO-KOMPATIBLE KAPSELN<\/h2><h3 class=\"eael-team-member-position\"><\/h3>\n\t\t\t\t\t\t\t\t\t\t\t\t\t\t<p class=\"eael-team-text\">Unsere Kaffeekapseln sind sowohl mit Nespresso-Haushaltsmaschinen als auch mit Moka Efti-Maschinen der Linie Casa kompatibel. Kaufen Sie sie und nehmen Sie die ganze Qualit\u00e4t des Moka Efti-Kaffees mit: ein Kaffee mit intensivem Geschmack, der den Gaumen nie entt\u00e4uscht.<\/p>\n\t\t\t\t\t\t\t<\/div>\n\t\t<\/div>\n\t<\/div>\n\t\t\t\t\t<\/div>\n\t\t\t\t\t<\/div>\n\t\t<\/div>\n\t\t\t\t<div class=\"elementor-column elementor-col-20 elementor-inner-column elementor-element elementor-element-ccc9751 animated-slow elementor-invisible\" data-id=\"ccc9751\" data-element_type=\"column\" data-e-type=\"column\" data-settings=\"{&quot;background_background&quot;:&quot;classic&quot;,&quot;animation&quot;:&quot;fadeInUp&quot;}\">\n\t\t\t<div class=\"elementor-widget-wrap elementor-element-populated\">\n\t\t\t\t\t\t<div class=\"elementor-element elementor-element-46eaf71 eael-team-align-centered elementor-widget elementor-widget-eael-team-member\" data-id=\"46eaf71\" data-element_type=\"widget\" data-e-type=\"widget\" data-widget_type=\"eael-team-member.default\">\n\t\t\t\t\t\n\n\t<div id=\"eael-team-member-46eaf71\" class=\"eael-team-item eael-team-members-centered \">\n\t\t<div class=\"eael-team-item-inner\">\n\t\t\t<div class=\"eael-team-image\">\n\t\t\t\t<figure>\n\t\t\t\t\t\t\t\t\t\t<img decoding=\"async\" src=\"https:\/\/mokaefti.ch\/wp-content\/uploads\/2022\/08\/capsule-fap.png\" alt=\"\">\n\t\t\t\t\t\t\t\t\t<\/figure>\n\t\t\t\t\n\t\t\t\t\n\t\t\t<\/div>\n\n\t\t\t<div class=\"eael-team-content\">\n\t\t\t\t<h2 class=\"eael-team-member-name\">KAPSELN FAP<\/h2><h3 class=\"eael-team-member-position\"><\/h3>\n\t\t\t\t\t\t\t\t\t\t\t\t\t\t<p class=\"eael-team-text\">Mit den FAP-Kapseln k\u00f6nnen Sie dank der Verwendung kompatibler Maschinen einen ausgezeichneten Kaffee zubereiten, genau wie in der Bar. Verw\u00f6hnen Sie Ihre Kunden mit einer angenehmen Pause dank des Aromas und des Geschmacks eines Kaffees, der mit den besten Bohnen auf dem Markt hergestellt wird. \n<\/p>\n\t\t\t\t\t\t\t<\/div>\n\t\t<\/div>\n\t<\/div>\n\t\t\t\t\t<\/div>\n\t\t\t\t\t<\/div>\n\t\t<\/div>\n\t\t\t\t<div class=\"elementor-column elementor-col-20 elementor-inner-column elementor-element elementor-element-d95bdbe animated-slow elementor-invisible\" data-id=\"d95bdbe\" data-element_type=\"column\" data-e-type=\"column\" data-settings=\"{&quot;background_background&quot;:&quot;classic&quot;,&quot;animation&quot;:&quot;fadeInUp&quot;}\">\n\t\t\t<div class=\"elementor-widget-wrap elementor-element-populated\">\n\t\t\t\t\t\t<div class=\"elementor-element elementor-element-01a2146 eael-team-align-centered elementor-widget elementor-widget-eael-team-member\" data-id=\"01a2146\" data-element_type=\"widget\" data-e-type=\"widget\" data-widget_type=\"eael-team-member.default\">\n\t\t\t\t\t\n\n\t<div id=\"eael-team-member-01a2146\" class=\"eael-team-item eael-team-members-centered \">\n\t\t<div class=\"eael-team-item-inner\">\n\t\t\t<div class=\"eael-team-image\">\n\t\t\t\t<figure>\n\t\t\t\t\t\t\t\t\t\t<img decoding=\"async\" src=\"https:\/\/mokaefti.ch\/wp-content\/uploads\/2022\/07\/caffe-moka-efti-cialde.png\" alt=\"\">\n\t\t\t\t\t\t\t\t\t<\/figure>\n\t\t\t\t\n\t\t\t\t\n\t\t\t<\/div>\n\n\t\t\t<div class=\"eael-team-content\">\n\t\t\t\t<h2 class=\"eael-team-member-name\"> PADS ECO-FRIENDLY<\/h2><h3 class=\"eael-team-member-position\"><\/h3>\n\t\t\t\t\t\t\t\t\t\t\t\t\t\t<p class=\"eael-team-text\">W\u00e4hlen Sie Moka Efti-Pads, wenn Sie ein \u201egr\u00fcnes\u201c Produkt w\u00fcnschen. Sie bestehen aus biologisch abbaubaren Materialien, sind aber auch praktisch und hygienisch: Setzen Sie sie in die Maschine ein und entfernen Sie sie, ohne ein Staubkorn zu verlieren! Probieren Sie jedes Aroma und bieten Sie Ihren Kunden die beste Auswahl.<\/p>\n\t\t\t\t\t\t\t<\/div>\n\t\t<\/div>\n\t<\/div>\n\t\t\t\t\t<\/div>\n\t\t\t\t\t<\/div>\n\t\t<\/div>\n\t\t\t\t<div class=\"elementor-column elementor-col-20 elementor-inner-column elementor-element elementor-element-8eb1493 animated-slow elementor-invisible\" data-id=\"8eb1493\" data-element_type=\"column\" data-e-type=\"column\" data-settings=\"{&quot;background_background&quot;:&quot;classic&quot;,&quot;animation&quot;:&quot;fadeInUp&quot;}\">\n\t\t\t<div class=\"elementor-widget-wrap elementor-element-populated\">\n\t\t\t\t\t\t<div class=\"elementor-element elementor-element-550846b eael-team-align-centered elementor-widget elementor-widget-eael-team-member\" data-id=\"550846b\" data-element_type=\"widget\" data-e-type=\"widget\" data-widget_type=\"eael-team-member.default\">\n\t\t\t\t\t\n\n\t<div id=\"eael-team-member-550846b\" class=\"eael-team-item eael-team-members-centered \">\n\t\t<div class=\"eael-team-item-inner\">\n\t\t\t<div class=\"eael-team-image\">\n\t\t\t\t<figure>\n\t\t\t\t\t\t\t\t\t\t<img decoding=\"async\" src=\"https:\/\/mokaefti.ch\/wp-content\/uploads\/2022\/08\/caffetterie_03.png\" alt=\"\">\n\t\t\t\t\t\t\t\t\t<\/figure>\n\t\t\t\t\n\t\t\t\t\n\t\t\t<\/div>\n\n\t\t\t<div class=\"eael-team-content\">\n\t\t\t\t<h2 class=\"eael-team-member-name\"> KAFFEEMASCHINEN<\/h2><h3 class=\"eael-team-member-position\"><\/h3>\n\t\t\t\t\t\t\t\t\t\t\t\t\t\t<p class=\"eael-team-text\">Die Kaffeemaschinen der semiprofessionellen Linien und der Hauslinien von Moka Efti sind kompakt, solide und haben ein gutes Design. Kaufen Sie diese f\u00fcr Ihr B\u00fcro oder f\u00fcr Ihr Zuhause: ein Touch mit Stil und Geschmack, den Sie sich nicht entgehen lassen sollten. W\u00e4hlen Sie die Maschine aus, die am besten zu Ihren Bed\u00fcrfnissen passt.<\/p>\n\t\t\t\t\t\t\t<\/div>\n\t\t<\/div>\n\t<\/div>\n\t\t\t\t\t<\/div>\n\t\t\t\t\t<\/div>\n\t\t<\/div>\n\t\t\t\t<div class=\"elementor-column elementor-col-20 elementor-inner-column elementor-element elementor-element-6a7b9f5b animated-slow elementor-invisible\" data-id=\"6a7b9f5b\" data-element_type=\"column\" data-e-type=\"column\" data-settings=\"{&quot;background_background&quot;:&quot;classic&quot;,&quot;animation&quot;:&quot;fadeInRight&quot;}\">\n\t\t\t<div class=\"elementor-widget-wrap elementor-element-populated\">\n\t\t\t\t\t\t<div class=\"elementor-element elementor-element-2ce9fac2 eael-team-align-centered elementor-widget elementor-widget-eael-team-member\" data-id=\"2ce9fac2\" data-element_type=\"widget\" data-e-type=\"widget\" data-widget_type=\"eael-team-member.default\">\n\t\t\t\t\t\n\n\t<div id=\"eael-team-member-2ce9fac2\" class=\"eael-team-item eael-team-members-centered \">\n\t\t<div class=\"eael-team-item-inner\">\n\t\t\t<div class=\"eael-team-image\">\n\t\t\t\t<figure>\n\t\t\t\t\t\t\t\t\t\t<img decoding=\"async\" src=\"https:\/\/mokaefti.ch\/wp-content\/uploads\/2022\/08\/merchandise-2.png\" alt=\"\">\n\t\t\t\t\t\t\t\t\t<\/figure>\n\t\t\t\t\n\t\t\t\t\n\t\t\t<\/div>\n\n\t\t\t<div class=\"eael-team-content\">\n\t\t\t\t<h2 class=\"eael-team-member-name\">MERCHANDISE<\/h2><h3 class=\"eael-team-member-position\"><\/h3>\n\t\t\t\t\t\t\t\t\t\t\t\t\t\t<p class=\"eael-team-text\">Fragen Sie nach unseren Marken-Tassen, Untertassen und anderen Artikeln f\u00fcr Ihr B\u00fcro oder Ihr Hotel: Gerne liefern wir Ihnen alles, was Sie f\u00fcr das Fr\u00fchst\u00fcck und f\u00fcr die kleine Kaffeepausen ben\u00f6tigen!\n<\/p>\n\t\t\t\t\t\t\t<\/div>\n\t\t<\/div>\n\t<\/div>\n\t\t\t\t\t<\/div>\n\t\t\t\t\t<\/div>\n\t\t<\/div>\n\t\t\t\t\t<\/div>\n\t\t<\/section>\n\t\t\t\t\t<\/div>\n\t\t<\/div>\n\t\t\t\t\t<\/div>\n\t\t<\/section>\n\t\t\t\t<section data-particle_enable=\"false\" data-particle-mobile-disabled=\"false\" class=\"elementor-section elementor-inner-section elementor-element elementor-element-6b097635 elementor-section-content-middle elementor-section-boxed elementor-section-height-default elementor-section-height-default wpr-particle-no wpr-jarallax-no wpr-parallax-no wpr-sticky-section-no wpr-equal-height-no\" data-id=\"6b097635\" data-element_type=\"section\" data-e-type=\"section\" id=\"cta-section\" data-settings=\"{&quot;background_background&quot;:&quot;classic&quot;}\">\n\t\t\t\t\t\t<div class=\"elementor-container elementor-column-gap-no\">\n\t\t\t\t\t<div class=\"elementor-column elementor-col-50 elementor-inner-column elementor-element elementor-element-4c1b32ad\" data-id=\"4c1b32ad\" data-element_type=\"column\" data-e-type=\"column\">\n\t\t\t<div class=\"elementor-widget-wrap elementor-element-populated\">\n\t\t\t\t\t\t<div class=\"elementor-element elementor-element-7db842e0 elementor-widget elementor-widget-heading\" data-id=\"7db842e0\" data-element_type=\"widget\" data-e-type=\"widget\" data-widget_type=\"heading.default\">\n\t\t\t\t\t<h2 class=\"elementor-heading-title elementor-size-default\">Wir sind hier, um Ihnen den bestm\u00f6glichen Support zu bieten.<\/h2>\t\t\t\t<\/div>\n\t\t\t\t<div class=\"elementor-element elementor-element-1e23b0b elementor-widget elementor-widget-text-editor\" data-id=\"1e23b0b\" data-element_type=\"widget\" data-e-type=\"widget\" data-widget_type=\"text-editor.default\">\n\t\t\t\t\t\t\t\t\t<p>Kontaktieren Sie uns unverbindlich. Unsere Berater stehen Ihnen zur Verf\u00fcgung, um Ihre Bed\u00fcrfnisse zu beurteilen. <\/p>\t\t\t\t\t\t\t\t<\/div>\n\t\t\t\t\t<\/div>\n\t\t<\/div>\n\t\t\t\t<div class=\"elementor-column elementor-col-50 elementor-inner-column elementor-element elementor-element-663d30d9\" data-id=\"663d30d9\" data-element_type=\"column\" data-e-type=\"column\">\n\t\t\t<div class=\"elementor-widget-wrap elementor-element-populated\">\n\t\t\t\t\t\t<div class=\"elementor-element elementor-element-3d81be5e elementor-widget__width-auto elementor-mobile-align-justify elementor-widget elementor-widget-button\" data-id=\"3d81be5e\" data-element_type=\"widget\" data-e-type=\"widget\" data-widget_type=\"button.default\">\n\t\t\t\t\t\t\t\t\t\t<a class=\"elementor-button elementor-button-link elementor-size-sm\" href=\"https:\/\/mokaefti.ch\/contatti\/\">\n\t\t\t\t\t\t<span class=\"elementor-button-content-wrapper\">\n\t\t\t\t\t\t\t\t\t<span class=\"elementor-button-text\">Kontaktieren Sie uns!<\/span>\n\t\t\t\t\t<\/span>\n\t\t\t\t\t<\/a>\n\t\t\t\t\t\t\t\t<\/div>\n\t\t\t\t\t<\/div>\n\t\t<\/div>\n\t\t\t\t\t<\/div>\n\t\t<\/section>\n\t\t\t\t<\/div>\n\t\t","protected":false},"excerpt":{"rendered":"<p>Kaffee und Kaffeemaschinen f\u00fcr B\u00fcros und Gastronomiebetriebe Unsere Produkte sind auch f\u00fcr B\u00fcros, Hotels und Bed &amp; Breakfasts konzipiert, die ihren Mitarbeitern und Kunden guten Kaffee anbieten m\u00f6chten. Wenn Sie dieser Kategorie angeh\u00f6ren, probieren Sie unsere Kapseln, die Nespresso-kompatibel sind, FAP-Kapseln oder die umweltfreundlichen Moka Efti-Pads. Erwerben Sie eine unserer halb-professionellen Maschinen f\u00fcr alle Verwendungszwecke und servieren Sie einen beispielhaften Espresso zu. NESPRESSO-KOMPATIBLE KAPSELN Unsere Kaffeekapseln sind sowohl mit Nespresso-Haushaltsmaschinen als auch mit Moka Efti-Maschinen der Linie Casa kompatibel. Kaufen Sie sie und nehmen Sie die ganze Qualit\u00e4t des Moka Efti-Kaffees mit: ein Kaffee mit intensivem Geschmack, der den Gaumen nie entt\u00e4uscht. KAPSELN FAP Mit den FAP-Kapseln k\u00f6nnen Sie dank der Verwendung kompatibler Maschinen einen ausgezeichneten Kaffee zubereiten, genau wie in der Bar. Verw\u00f6hnen Sie Ihre Kunden mit einer angenehmen Pause dank des Aromas und des Geschmacks eines Kaffees, der mit den besten Bohnen auf dem Markt hergestellt wird. PADS ECO-FRIENDLY W\u00e4hlen Sie Moka Efti-Pads, wenn Sie ein \u201egr\u00fcnes\u201c Produkt w\u00fcnschen. Sie bestehen aus biologisch abbaubaren Materialien, sind aber auch praktisch und hygienisch: Setzen Sie sie in die Maschine ein und entfernen Sie sie, ohne ein Staubkorn zu verlieren! Probieren Sie jedes Aroma und bieten Sie Ihren Kunden die beste Auswahl. KAFFEEMASCHINEN Die Kaffeemaschinen der semiprofessionellen Linien und der Hauslinien von Moka Efti sind kompakt, solide und haben ein gutes Design. Kaufen Sie diese f\u00fcr Ihr B\u00fcro oder f\u00fcr Ihr Zuhause: ein Touch mit Stil und Geschmack, den Sie sich nicht entgehen lassen sollten. W\u00e4hlen Sie die Maschine aus, die am besten zu Ihren Bed\u00fcrfnissen passt. MERCHANDISE Fragen Sie nach unseren Marken-Tassen, Untertassen und anderen Artikeln f\u00fcr Ihr B\u00fcro oder Ihr Hotel: Gerne liefern wir Ihnen alles, was Sie f\u00fcr das Fr\u00fchst\u00fcck und f\u00fcr die kleine Kaffeepausen ben\u00f6tigen! Wir sind hier, um Ihnen den bestm\u00f6glichen Support zu bieten. Kontaktieren Sie uns unverbindlich. Unsere Berater stehen Ihnen zur Verf\u00fcgung, um Ihre Bed\u00fcrfnisse zu beurteilen. Kontaktieren Sie uns!<\/p>\n","protected":false},"author":3129,"featured_media":0,"parent":0,"menu_order":0,"comment_status":"closed","ping_status":"closed","template":"elementor_header_footer","meta":{"_acf_changed":false,"_eb_attr":"","inline_featured_image":false,"footnotes":""},"folder":[],"class_list":["post-21977","page","type-page","status-publish","hentry"],"acf":[],"aioseo_notices":[],"_links":{"self":[{"href":"https:\/\/mokaefti.ch\/de\/wp-json\/wp\/v2\/pages\/21977","targetHints":{"allow":["GET"]}}],"collection":[{"href":"https:\/\/mokaefti.ch\/de\/wp-json\/wp\/v2\/pages"}],"about":[{"href":"https:\/\/mokaefti.ch\/de\/wp-json\/wp\/v2\/types\/page"}],"author":[{"embeddable":true,"href":"https:\/\/mokaefti.ch\/de\/wp-json\/wp\/v2\/users\/3129"}],"replies":[{"embeddable":true,"href":"https:\/\/mokaefti.ch\/de\/wp-json\/wp\/v2\/comments?post=21977"}],"version-history":[{"count":0,"href":"https:\/\/mokaefti.ch\/de\/wp-json\/wp\/v2\/pages\/21977\/revisions"}],"wp:attachment":[{"href":"https:\/\/mokaefti.ch\/de\/wp-json\/wp\/v2\/media?parent=21977"}],"wp:term":[{"taxonomy":"folder","embeddable":true,"href":"https:\/\/mokaefti.ch\/de\/wp-json\/wp\/v2\/folder?post=21977"}],"curies":[{"name":"wp","href":"https:\/\/api.w.org\/{rel}","templated":true}]}}