{"id":24802,"date":"2022-08-19T15:52:39","date_gmt":"2022-08-19T13:52:39","guid":{"rendered":"https:\/\/mokaefti.ch\/unternehmen\/"},"modified":"2025-11-13T09:05:24","modified_gmt":"2025-11-13T08:05:24","slug":"unternehmen","status":"publish","type":"page","link":"https:\/\/mokaefti.ch\/de\/unternehmen\/","title":{"rendered":"Unternehmen"},"content":{"rendered":"\t\t<div data-elementor-type=\"wp-page\" data-elementor-id=\"24802\" class=\"elementor elementor-24802 elementor-721\" data-elementor-post-type=\"page\">\n\t\t\t\t\t\t<section data-particle_enable=\"false\" data-particle-mobile-disabled=\"false\" class=\"elementor-section elementor-top-section elementor-element elementor-element-6fabc0a3 elementor-section-boxed elementor-section-height-default elementor-section-height-default wpr-particle-no wpr-jarallax-no wpr-parallax-no wpr-sticky-section-no wpr-equal-height-no\" data-id=\"6fabc0a3\" data-element_type=\"section\" data-e-type=\"section\" data-settings=\"{&quot;background_background&quot;:&quot;classic&quot;}\">\n\t\t\t\t\t\t<div class=\"elementor-container elementor-column-gap-default\">\n\t\t\t\t\t<div class=\"elementor-column elementor-col-100 elementor-top-column elementor-element elementor-element-3235040\" data-id=\"3235040\" data-element_type=\"column\" data-e-type=\"column\">\n\t\t\t<div class=\"elementor-widget-wrap elementor-element-populated\">\n\t\t\t\t\t\t<div class=\"elementor-element elementor-element-6f871f7a elementor-widget__width-initial elementor-widget-tablet__width-initial elementor-widget-mobile__width-inherit elementor-invisible elementor-widget elementor-widget-heading\" data-id=\"6f871f7a\" data-element_type=\"widget\" data-e-type=\"widget\" data-settings=\"{&quot;_animation&quot;:&quot;fadeInDown&quot;,&quot;_animation_delay&quot;:1000}\" data-widget_type=\"heading.default\">\n\t\t\t\t\t<h2 class=\"elementor-heading-title elementor-size-default\">DIE ENTWICKLUNG\nGEHT WEITER<\/h2>\t\t\t\t<\/div>\n\t\t\t\t\t<\/div>\n\t\t<\/div>\n\t\t\t\t\t<\/div>\n\t\t<\/section>\n\t\t\t\t<section data-particle_enable=\"false\" data-particle-mobile-disabled=\"false\" class=\"elementor-section elementor-top-section elementor-element elementor-element-2ab802b0 elementor-section-full_width elementor-section-height-min-height elementor-section-height-default elementor-section-items-middle wpr-particle-no wpr-jarallax-no wpr-parallax-no wpr-sticky-section-no wpr-equal-height-no\" data-id=\"2ab802b0\" data-element_type=\"section\" data-e-type=\"section\" data-settings=\"{&quot;background_background&quot;:&quot;classic&quot;}\">\n\t\t\t\t\t\t<div class=\"elementor-container elementor-column-gap-no\">\n\t\t\t\t\t<div class=\"elementor-column elementor-col-100 elementor-top-column elementor-element elementor-element-50b29491\" data-id=\"50b29491\" data-element_type=\"column\" data-e-type=\"column\">\n\t\t\t<div class=\"elementor-widget-wrap\">\n\t\t\t\t\t\t\t<\/div>\n\t\t<\/div>\n\t\t\t\t\t<\/div>\n\t\t<\/section>\n\t\t\t\t<section data-particle_enable=\"false\" data-particle-mobile-disabled=\"false\" class=\"elementor-section elementor-top-section elementor-element elementor-element-51326dc9 elementor-section-full_width elementor-section-height-default elementor-section-height-default wpr-particle-no wpr-jarallax-no wpr-parallax-no wpr-sticky-section-no wpr-equal-height-no\" data-id=\"51326dc9\" data-element_type=\"section\" data-e-type=\"section\" data-settings=\"{&quot;background_background&quot;:&quot;classic&quot;}\">\n\t\t\t\t\t\t<div class=\"elementor-container elementor-column-gap-no\">\n\t\t\t\t\t<div class=\"elementor-column elementor-col-100 elementor-top-column elementor-element elementor-element-1cb1fbd1\" data-id=\"1cb1fbd1\" data-element_type=\"column\" data-e-type=\"column\">\n\t\t\t<div class=\"elementor-widget-wrap elementor-element-populated\">\n\t\t\t\t\t\t<div class=\"elementor-element elementor-element-25cba91b elementor-invisible elementor-widget elementor-widget-heading\" data-id=\"25cba91b\" data-element_type=\"widget\" data-e-type=\"widget\" data-settings=\"{&quot;_animation&quot;:&quot;fadeInUp&quot;}\" data-widget_type=\"heading.default\">\n\t\t\t\t\t<h2 class=\"elementor-heading-title elementor-size-default\">DIE KUNST DER R\u00d6STUNG<\/h2>\t\t\t\t<\/div>\n\t\t\t\t<section data-particle_enable=\"false\" data-particle-mobile-disabled=\"false\" class=\"elementor-section elementor-inner-section elementor-element elementor-element-3e8f07be elementor-section-content-middle elementor-section-boxed elementor-section-height-default elementor-section-height-default wpr-particle-no wpr-jarallax-no wpr-parallax-no wpr-sticky-section-no wpr-equal-height-no\" data-id=\"3e8f07be\" data-element_type=\"section\" data-e-type=\"section\">\n\t\t\t\t\t\t<div class=\"elementor-container elementor-column-gap-default\">\n\t\t\t\t\t<div class=\"elementor-column elementor-col-50 elementor-inner-column elementor-element elementor-element-c698491\" data-id=\"c698491\" data-element_type=\"column\" data-e-type=\"column\" data-settings=\"{&quot;background_background&quot;:&quot;classic&quot;}\">\n\t\t\t<div class=\"elementor-widget-wrap elementor-element-populated\">\n\t\t\t\t\t\t<div class=\"elementor-element elementor-element-840ca48 elementor-invisible elementor-widget elementor-widget-image\" data-id=\"840ca48\" data-element_type=\"widget\" data-e-type=\"widget\" data-settings=\"{&quot;_animation&quot;:&quot;bounceInLeft&quot;}\" data-widget_type=\"image.default\">\n\t\t\t\t\t\t\t\t\t\t\t\t\t\t\t<img fetchpriority=\"high\" decoding=\"async\" width=\"1920\" height=\"640\" src=\"https:\/\/mokaefti.ch\/wp-content\/uploads\/2025\/11\/chicchi-caffe-produzione-scaled.webp\" class=\"attachment-full size-full wp-image-25287\" alt=\"\" srcset=\"https:\/\/mokaefti.ch\/wp-content\/uploads\/2025\/11\/chicchi-caffe-produzione-scaled.webp 1920w, https:\/\/mokaefti.ch\/wp-content\/uploads\/2025\/11\/chicchi-caffe-produzione-300x100.webp 300w, https:\/\/mokaefti.ch\/wp-content\/uploads\/2025\/11\/chicchi-caffe-produzione-1024x341.webp 1024w, https:\/\/mokaefti.ch\/wp-content\/uploads\/2025\/11\/chicchi-caffe-produzione-768x256.webp 768w, https:\/\/mokaefti.ch\/wp-content\/uploads\/2025\/11\/chicchi-caffe-produzione-1536x512.webp 1536w, https:\/\/mokaefti.ch\/wp-content\/uploads\/2025\/11\/chicchi-caffe-produzione-600x200.jpg 600w\" sizes=\"(max-width: 1920px) 100vw, 1920px\" \/>\t\t\t\t\t\t\t\t\t\t\t\t\t\t\t<\/div>\n\t\t\t\t\t<\/div>\n\t\t<\/div>\n\t\t\t\t<div class=\"elementor-column elementor-col-50 elementor-inner-column elementor-element elementor-element-44e4443c\" data-id=\"44e4443c\" data-element_type=\"column\" data-e-type=\"column\">\n\t\t\t<div class=\"elementor-widget-wrap elementor-element-populated\">\n\t\t\t\t\t\t<div class=\"elementor-element elementor-element-4c9d7c2a elementor-widget__width-initial elementor-absolute elementor-widget elementor-widget-image\" data-id=\"4c9d7c2a\" data-element_type=\"widget\" data-e-type=\"widget\" data-settings=\"{&quot;motion_fx_motion_fx_scrolling&quot;:&quot;yes&quot;,&quot;motion_fx_translateX_effect&quot;:&quot;yes&quot;,&quot;motion_fx_translateX_speed&quot;:{&quot;unit&quot;:&quot;px&quot;,&quot;size&quot;:1,&quot;sizes&quot;:[]},&quot;_position&quot;:&quot;absolute&quot;,&quot;motion_fx_translateX_affectedRange&quot;:{&quot;unit&quot;:&quot;%&quot;,&quot;size&quot;:&quot;&quot;,&quot;sizes&quot;:{&quot;start&quot;:0,&quot;end&quot;:100}},&quot;motion_fx_devices&quot;:[&quot;desktop&quot;,&quot;tablet&quot;,&quot;mobile&quot;]}\" data-widget_type=\"image.default\">\n\t\t\t\t\t\t\t\t\t\t\t\t\t\t\t<img decoding=\"async\" width=\"500\" height=\"500\" src=\"https:\/\/mokaefti.ch\/wp-content\/uploads\/2022\/08\/e2a81ae5-2d4e-4036-8d4d-9e0954ded452.png\" class=\"attachment-full size-full wp-image-14938\" alt=\"\" srcset=\"https:\/\/mokaefti.ch\/wp-content\/uploads\/2022\/08\/e2a81ae5-2d4e-4036-8d4d-9e0954ded452.png 500w, https:\/\/mokaefti.ch\/wp-content\/uploads\/2022\/08\/e2a81ae5-2d4e-4036-8d4d-9e0954ded452-300x300.png 300w, https:\/\/mokaefti.ch\/wp-content\/uploads\/2022\/08\/e2a81ae5-2d4e-4036-8d4d-9e0954ded452-150x150.png 150w, https:\/\/mokaefti.ch\/wp-content\/uploads\/2022\/08\/e2a81ae5-2d4e-4036-8d4d-9e0954ded452-100x100.png 100w\" sizes=\"(max-width: 500px) 100vw, 500px\" \/>\t\t\t\t\t\t\t\t\t\t\t\t\t\t\t<\/div>\n\t\t\t\t<div class=\"elementor-element elementor-element-58ddd03b elementor-invisible elementor-widget elementor-widget-heading\" data-id=\"58ddd03b\" data-element_type=\"widget\" data-e-type=\"widget\" data-settings=\"{&quot;_animation&quot;:&quot;bounceInRight&quot;}\" data-widget_type=\"heading.default\">\n\t\t\t\t\t<h3 class=\"elementor-heading-title elementor-size-default\">WIR SIND<\/h3>\t\t\t\t<\/div>\n\t\t\t\t<div class=\"elementor-element elementor-element-ab688d7 elementor-invisible elementor-widget elementor-widget-heading\" data-id=\"ab688d7\" data-element_type=\"widget\" data-e-type=\"widget\" data-settings=\"{&quot;_animation&quot;:&quot;bounceInRight&quot;}\" data-widget_type=\"heading.default\">\n\t\t\t\t\t<p class=\"elementor-heading-title elementor-size-default\">Wir sind auf den Import, die R\u00f6stung und den Verkauf von Kaffee spezialisiert und geh\u00f6ren dank unserer\nErfahrung zu den Branchenf\u00fchrern in der Schweiz. Unsere Vertriebsorganisation erm\u00f6glicht es uns, das\ngesamte Schweizer Gebiet fl\u00e4chendeckend zu bedienen, sowohl \u00fcber den professionellen Ho.Re.Ca.-Kanal\nals auch durch den direkten Online Verkauf an Endverbraucher. In unserer gro\u00dfz\u00fcgigen, eigenen Anlage\nk\u00fcmmern wir uns um die Lagerung aller Chargen, die R\u00f6stung sowie die Verpackung der fertigen Produkte.\nDen anschlie\u00dfenden Vertrieb f\u00fchren wir sowohl mit eigenen Mitteln als auch in Zusammenarbeit mit\nmodernen Transportunternehmen durch.<\/p>\t\t\t\t<\/div>\n\t\t\t\t\t<\/div>\n\t\t<\/div>\n\t\t\t\t\t<\/div>\n\t\t<\/section>\n\t\t\t\t<section data-particle_enable=\"false\" data-particle-mobile-disabled=\"false\" class=\"elementor-section elementor-inner-section elementor-element elementor-element-6944fe15 elementor-section-content-middle elementor-reverse-mobile elementor-section-boxed elementor-section-height-default elementor-section-height-default wpr-particle-no wpr-jarallax-no wpr-parallax-no wpr-sticky-section-no wpr-equal-height-no\" data-id=\"6944fe15\" data-element_type=\"section\" data-e-type=\"section\" data-settings=\"{&quot;background_background&quot;:&quot;classic&quot;}\">\n\t\t\t\t\t\t<div class=\"elementor-container elementor-column-gap-default\">\n\t\t\t\t\t<div class=\"elementor-column elementor-col-50 elementor-inner-column elementor-element elementor-element-482bdfa2\" data-id=\"482bdfa2\" data-element_type=\"column\" data-e-type=\"column\">\n\t\t\t<div class=\"elementor-widget-wrap elementor-element-populated\">\n\t\t\t\t\t\t<div class=\"elementor-element elementor-element-477a791e elementor-invisible elementor-widget elementor-widget-heading\" data-id=\"477a791e\" data-element_type=\"widget\" data-e-type=\"widget\" data-settings=\"{&quot;_animation&quot;:&quot;bounceInLeft&quot;}\" data-widget_type=\"heading.default\">\n\t\t\t\t\t<h3 class=\"elementor-heading-title elementor-size-default\">F\u00dcR EINEN AUSSERGEW\u00d6HNLICHEN KAFFEE<\/h3>\t\t\t\t<\/div>\n\t\t\t\t<div class=\"elementor-element elementor-element-7f0ae347 elementor-invisible elementor-widget elementor-widget-heading\" data-id=\"7f0ae347\" data-element_type=\"widget\" data-e-type=\"widget\" data-settings=\"{&quot;_animation&quot;:&quot;bounceInLeft&quot;}\" data-widget_type=\"heading.default\">\n\t\t\t\t\t<p class=\"elementor-heading-title elementor-size-default\">Von der Ernte bis zum Mahlen ist die Produktion des Kaffees, so wie wir ihn t\u00e4glich genie\u00dfen, eine wahre\nReise, die Erfahrung und spezielles Wissen erfordert. Unser Unternehmen hat diese Herausforderung von\nAnfang an mit Begeisterung und Hingabe angenommen, stets bereit, den Entwicklungen eines vielseitigen\nund sich st\u00e4ndig wandelnden Marktes zu folgen. Ein so allt\u00e4gliches Ritual wie der Kaffee ist heute das\nErgebnis einer gelungenen Verbindung von Innovation und Tradition. Auch wenn moderne Technologien\ndie Produktionsprozesse verbessert und die Zubereitung des Kaffees f\u00fcr die Verbraucher beschleunigt\nhaben, gibt es eine entscheidende Phase, die nach wie vor eng mit der Tradition verbunden ist: die Auswahl\nder Rohkaffees.<\/p>\t\t\t\t<\/div>\n\t\t\t\t<div class=\"elementor-element elementor-element-5c90dacc animated-fast elementor-invisible elementor-widget elementor-widget-button\" data-id=\"5c90dacc\" data-element_type=\"widget\" data-e-type=\"widget\" data-settings=\"{&quot;_animation&quot;:&quot;bounceInLeft&quot;}\" data-widget_type=\"button.default\">\n\t\t\t\t\t\t\t\t\t\t<a class=\"elementor-button elementor-size-sm\" role=\"button\">\n\t\t\t\t\t\t<span class=\"elementor-button-content-wrapper\">\n\t\t\t\t\t\t\t\t\t<span class=\"elementor-button-text\">Die Leidenschaft f\u00fcr Kaffee wird seit Generationen in unserer Familie weitergegeben und hat im Laufe der Zeit stetig an Professionalit\u00e4t und Erfahrung gewonnen. Heute sind wir ein Unternehmen, das auf starken Werten basiert: der Auswahl hochwertiger Rohstoffe, der Eigenproduktion aller Mischungen und der Pflege langfristiger Beziehungen zu unseren Kunden<\/span>\n\t\t\t\t\t<\/span>\n\t\t\t\t\t<\/a>\n\t\t\t\t\t\t\t\t<\/div>\n\t\t\t\t<div class=\"elementor-element elementor-element-30c68ce elementor-align-left elementor-widget elementor-widget-button\" data-id=\"30c68ce\" data-element_type=\"widget\" data-e-type=\"widget\" data-widget_type=\"button.default\">\n\t\t\t\t\t\t\t\t\t\t<a class=\"elementor-button elementor-button-link elementor-size-sm\" href=\"https:\/\/mokaefti.ch\/de\/unsere-geschichte-moka-efti\/\">\n\t\t\t\t\t\t<span class=\"elementor-button-content-wrapper\">\n\t\t\t\t\t\t\t\t\t<span class=\"elementor-button-text\">DIE URSPR\u00dcNGE<\/span>\n\t\t\t\t\t<\/span>\n\t\t\t\t\t<\/a>\n\t\t\t\t\t\t\t\t<\/div>\n\t\t\t\t\t<\/div>\n\t\t<\/div>\n\t\t\t\t<div class=\"elementor-column elementor-col-50 elementor-inner-column elementor-element elementor-element-2f365921\" data-id=\"2f365921\" data-element_type=\"column\" data-e-type=\"column\">\n\t\t\t<div class=\"elementor-widget-wrap elementor-element-populated\">\n\t\t\t\t\t\t<div class=\"elementor-element elementor-element-7bcf992 elementor-invisible elementor-widget elementor-widget-image\" data-id=\"7bcf992\" data-element_type=\"widget\" data-e-type=\"widget\" data-settings=\"{&quot;_animation&quot;:&quot;bounceInRight&quot;}\" data-widget_type=\"image.default\">\n\t\t\t\t\t\t\t\t\t\t\t\t\t\t\t<img decoding=\"async\" width=\"600\" height=\"662\" src=\"https:\/\/mokaefti.ch\/wp-content\/uploads\/2022\/08\/caffe_01.png\" class=\"attachment-full size-full wp-image-1433\" alt=\"\" srcset=\"https:\/\/mokaefti.ch\/wp-content\/uploads\/2022\/08\/caffe_01.png 600w, https:\/\/mokaefti.ch\/wp-content\/uploads\/2022\/08\/caffe_01-272x300.png 272w\" sizes=\"(max-width: 600px) 100vw, 600px\" \/>\t\t\t\t\t\t\t\t\t\t\t\t\t\t\t<\/div>\n\t\t\t\t\t<\/div>\n\t\t<\/div>\n\t\t\t\t\t<\/div>\n\t\t<\/section>\n\t\t\t\t<section data-particle_enable=\"false\" data-particle-mobile-disabled=\"false\" class=\"elementor-section elementor-inner-section elementor-element elementor-element-53f2945 elementor-section-content-middle elementor-section-boxed elementor-section-height-default elementor-section-height-default wpr-particle-no wpr-jarallax-no wpr-parallax-no wpr-sticky-section-no wpr-equal-height-no\" data-id=\"53f2945\" data-element_type=\"section\" data-e-type=\"section\">\n\t\t\t\t\t\t<div class=\"elementor-container elementor-column-gap-default\">\n\t\t\t\t\t<div class=\"elementor-column elementor-col-50 elementor-inner-column elementor-element elementor-element-59e807c5\" data-id=\"59e807c5\" data-element_type=\"column\" data-e-type=\"column\">\n\t\t\t<div class=\"elementor-widget-wrap elementor-element-populated\">\n\t\t\t\t\t\t<div class=\"elementor-element elementor-element-512a2037 elementor-invisible elementor-widget elementor-widget-image\" data-id=\"512a2037\" data-element_type=\"widget\" data-e-type=\"widget\" data-settings=\"{&quot;_animation&quot;:&quot;bounceInLeft&quot;}\" data-widget_type=\"image.default\">\n\t\t\t\t\t\t\t\t\t\t\t\t\t\t\t<img loading=\"lazy\" decoding=\"async\" width=\"1980\" height=\"1320\" src=\"https:\/\/mokaefti.ch\/wp-content\/uploads\/2022\/08\/coffee-and-arabica-coffee-plantation-harvest-day-2022-01-28-18-30-33-utc.jpg\" class=\"attachment-full size-full wp-image-1364\" alt=\"\" srcset=\"https:\/\/mokaefti.ch\/wp-content\/uploads\/2022\/08\/coffee-and-arabica-coffee-plantation-harvest-day-2022-01-28-18-30-33-utc.jpg 1980w, https:\/\/mokaefti.ch\/wp-content\/uploads\/2022\/08\/coffee-and-arabica-coffee-plantation-harvest-day-2022-01-28-18-30-33-utc-600x400.jpg 600w, https:\/\/mokaefti.ch\/wp-content\/uploads\/2022\/08\/coffee-and-arabica-coffee-plantation-harvest-day-2022-01-28-18-30-33-utc-300x200.jpg 300w, https:\/\/mokaefti.ch\/wp-content\/uploads\/2022\/08\/coffee-and-arabica-coffee-plantation-harvest-day-2022-01-28-18-30-33-utc-1024x683.jpg 1024w, https:\/\/mokaefti.ch\/wp-content\/uploads\/2022\/08\/coffee-and-arabica-coffee-plantation-harvest-day-2022-01-28-18-30-33-utc-768x512.jpg 768w, https:\/\/mokaefti.ch\/wp-content\/uploads\/2022\/08\/coffee-and-arabica-coffee-plantation-harvest-day-2022-01-28-18-30-33-utc-1536x1024.jpg 1536w, https:\/\/mokaefti.ch\/wp-content\/uploads\/2022\/08\/coffee-and-arabica-coffee-plantation-harvest-day-2022-01-28-18-30-33-utc-1920x1280.jpg 1920w\" sizes=\"(max-width: 1980px) 100vw, 1980px\" \/>\t\t\t\t\t\t\t\t\t\t\t\t\t\t\t<\/div>\n\t\t\t\t\t<\/div>\n\t\t<\/div>\n\t\t\t\t<div class=\"elementor-column elementor-col-50 elementor-inner-column elementor-element elementor-element-f8e5534\" data-id=\"f8e5534\" data-element_type=\"column\" data-e-type=\"column\">\n\t\t\t<div class=\"elementor-widget-wrap elementor-element-populated\">\n\t\t\t\t\t\t<div class=\"elementor-element elementor-element-64553cf8 elementor-invisible elementor-widget elementor-widget-heading\" data-id=\"64553cf8\" data-element_type=\"widget\" data-e-type=\"widget\" data-settings=\"{&quot;_animation&quot;:&quot;bounceInRight&quot;}\" data-widget_type=\"heading.default\">\n\t\t\t\t\t<h3 class=\"elementor-heading-title elementor-size-default\">DIE PERFEKTE HARMONIE<\/h3>\t\t\t\t<\/div>\n\t\t\t\t<div class=\"elementor-element elementor-element-31259c35 elementor-invisible elementor-widget elementor-widget-heading\" data-id=\"31259c35\" data-element_type=\"widget\" data-e-type=\"widget\" data-settings=\"{&quot;_animation&quot;:&quot;bounceInRight&quot;}\" data-widget_type=\"heading.default\">\n\t\t\t\t\t<p class=\"elementor-heading-title elementor-size-default\">Seit Jahren w\u00e4hlen wir die besten Arabica- und Robusta-Kaffeesorten von Plantagen in verschiedenen\ntropischen Regionen Mittelamerikas, S\u00fcdamerikas, Asiens und Afrikas aus. Durch die Kombination von\nKaffeebohnen unterschiedlicher Herkunft k\u00f6nnen wir die besten Mischungen kreieren, deren Geschmack\n\u00fcber die Zeit unver\u00e4ndert bleibt. Jede unserer Mischungen enth\u00e4lt unterschiedliche Anteile von Robusta-\nund Arabica-Kaffee aus \u00c4thiopien, Tansania, Kolumbien, Guatemala, Peru, Brasilien, Indien und Indonesien.\nAcht verschiedene Urspr\u00fcnge, die ein perfektes Gleichgewicht schaffen, vergleichbar mit Noten, die eine\nmusikalische Symphonie bilden.<\/p>\t\t\t\t<\/div>\n\t\t\t\t\t<\/div>\n\t\t<\/div>\n\t\t\t\t\t<\/div>\n\t\t<\/section>\n\t\t\t\t\t<\/div>\n\t\t<\/div>\n\t\t\t\t\t<\/div>\n\t\t<\/section>\n\t\t\t\t<\/div>\n\t\t","protected":false},"excerpt":{"rendered":"<p>DIE ENTWICKLUNG GEHT WEITER DIE KUNST DER R\u00d6STUNG WIR SIND Wir sind auf den Import, die R\u00f6stung und den Verkauf von Kaffee spezialisiert und geh\u00f6ren dank unserer Erfahrung zu den Branchenf\u00fchrern in der Schweiz. Unsere Vertriebsorganisation erm\u00f6glicht es uns, das gesamte Schweizer Gebiet fl\u00e4chendeckend zu bedienen, sowohl \u00fcber den professionellen Ho.Re.Ca.-Kanal als auch durch den direkten Online Verkauf an Endverbraucher. In unserer gro\u00dfz\u00fcgigen, eigenen Anlage k\u00fcmmern wir uns um die Lagerung aller Chargen, die R\u00f6stung sowie die Verpackung der fertigen Produkte. Den anschlie\u00dfenden Vertrieb f\u00fchren wir sowohl mit eigenen Mitteln als auch in Zusammenarbeit mit modernen Transportunternehmen durch. F\u00dcR EINEN AUSSERGEW\u00d6HNLICHEN KAFFEE Von der Ernte bis zum Mahlen ist die Produktion des Kaffees, so wie wir ihn t\u00e4glich genie\u00dfen, eine wahre Reise, die Erfahrung und spezielles Wissen erfordert. Unser Unternehmen hat diese Herausforderung von Anfang an mit Begeisterung und Hingabe angenommen, stets bereit, den Entwicklungen eines vielseitigen und sich st\u00e4ndig wandelnden Marktes zu folgen. Ein so allt\u00e4gliches Ritual wie der Kaffee ist heute das Ergebnis einer gelungenen Verbindung von Innovation und Tradition. Auch wenn moderne Technologien die Produktionsprozesse verbessert und die Zubereitung des Kaffees f\u00fcr die Verbraucher beschleunigt haben, gibt es eine entscheidende Phase, die nach wie vor eng mit der Tradition verbunden ist: die Auswahl der Rohkaffees. Die Leidenschaft f\u00fcr Kaffee wird seit Generationen in unserer Familie weitergegeben und hat im Laufe der Zeit stetig an Professionalit\u00e4t und Erfahrung gewonnen. Heute sind wir ein Unternehmen, das auf starken Werten basiert: der Auswahl hochwertiger Rohstoffe, der Eigenproduktion aller Mischungen und der Pflege langfristiger Beziehungen zu unseren Kunden DIE URSPR\u00dcNGE DIE PERFEKTE HARMONIE Seit Jahren w\u00e4hlen wir die besten Arabica- und Robusta-Kaffeesorten von Plantagen in verschiedenen tropischen Regionen Mittelamerikas, S\u00fcdamerikas, Asiens und Afrikas aus. Durch die Kombination von Kaffeebohnen unterschiedlicher Herkunft k\u00f6nnen wir die besten Mischungen kreieren, deren Geschmack \u00fcber die Zeit unver\u00e4ndert bleibt. Jede unserer Mischungen enth\u00e4lt unterschiedliche Anteile von Robusta- und Arabica-Kaffee aus \u00c4thiopien, Tansania, Kolumbien, Guatemala, Peru, Brasilien, Indien und Indonesien. Acht verschiedene Urspr\u00fcnge, die ein perfektes Gleichgewicht schaffen, vergleichbar mit Noten, die eine musikalische Symphonie bilden.<\/p>\n","protected":false},"author":3129,"featured_media":0,"parent":0,"menu_order":0,"comment_status":"closed","ping_status":"closed","template":"elementor_header_footer","meta":{"_acf_changed":false,"_eb_attr":"","inline_featured_image":false,"footnotes":""},"folder":[],"class_list":["post-24802","page","type-page","status-publish","hentry"],"acf":[],"aioseo_notices":[],"_links":{"self":[{"href":"https:\/\/mokaefti.ch\/de\/wp-json\/wp\/v2\/pages\/24802","targetHints":{"allow":["GET"]}}],"collection":[{"href":"https:\/\/mokaefti.ch\/de\/wp-json\/wp\/v2\/pages"}],"about":[{"href":"https:\/\/mokaefti.ch\/de\/wp-json\/wp\/v2\/types\/page"}],"author":[{"embeddable":true,"href":"https:\/\/mokaefti.ch\/de\/wp-json\/wp\/v2\/users\/3129"}],"replies":[{"embeddable":true,"href":"https:\/\/mokaefti.ch\/de\/wp-json\/wp\/v2\/comments?post=24802"}],"version-history":[{"count":0,"href":"https:\/\/mokaefti.ch\/de\/wp-json\/wp\/v2\/pages\/24802\/revisions"}],"wp:attachment":[{"href":"https:\/\/mokaefti.ch\/de\/wp-json\/wp\/v2\/media?parent=24802"}],"wp:term":[{"taxonomy":"folder","embeddable":true,"href":"https:\/\/mokaefti.ch\/de\/wp-json\/wp\/v2\/folder?post=24802"}],"curies":[{"name":"wp","href":"https:\/\/api.w.org\/{rel}","templated":true}]}}