{"id":24876,"date":"2022-08-31T15:23:49","date_gmt":"2022-08-31T13:23:49","guid":{"rendered":"https:\/\/mokaefti.ch\/allgemeine-geschaeftsbedingungen\/"},"modified":"2025-11-06T17:18:51","modified_gmt":"2025-11-06T16:18:51","slug":"allgemeine-geschaeftsbedingungen","status":"publish","type":"page","link":"https:\/\/mokaefti.ch\/de\/allgemeine-geschaeftsbedingungen\/","title":{"rendered":"ALLGEMEINE GESCH\u00c4FTSBEDINGUNGEN"},"content":{"rendered":"\t\t<div data-elementor-type=\"wp-page\" data-elementor-id=\"24876\" class=\"elementor elementor-24876 elementor-11\" data-elementor-post-type=\"page\">\n\t\t\t\t<div data-particle_enable=\"false\" data-particle-mobile-disabled=\"false\" class=\"elementor-element elementor-element-32365752 e-flex e-con-boxed wpr-particle-no wpr-jarallax-no wpr-parallax-no wpr-sticky-section-no wpr-equal-height-no e-con e-parent\" data-id=\"32365752\" data-element_type=\"container\" data-e-type=\"container\">\n\t\t\t\t\t<div class=\"e-con-inner\">\n\t\t\t\t<div class=\"elementor-element elementor-element-e9192be elementor-widget elementor-widget-text-editor\" data-id=\"e9192be\" data-element_type=\"widget\" data-e-type=\"widget\" data-widget_type=\"text-editor.default\">\n\t\t\t\t\t\t\t\t\t<p class=\"my-2 [&amp;+p]:mt-4 [&amp;_strong:has(+br)]:inline-block [&amp;_strong:has(+br)]:pb-2\"><strong>Geltungsbereich \/ Vertragsabschluss<\/strong><br>MOKA EFTI ist eine Marke im Besitz der S.A.C.C.A. mit Sitz in via A. Maspoli, 4 6850 Mendrisio. Die Website <a class=\"reset interactable cursor-pointer decoration-1 underline-offset-1 text-super hover:underline font-semibold\" href=\"http:\/\/www.mokaefti.ch\/\" target=\"_blank\" rel=\"nofollow noopener\"><span class=\"text-box-trim-both\">www.mokaefti.ch<\/span><\/a> ist der offizielle E-Commerce der Firma S.A.C.C.A. Societ\u00e0 Anonima Caff\u00e8 Coloniali e Affini, nachfolgend S.A.C.C.A. F\u00fcr jede Gesch\u00e4ftsbeziehung zwischen S.A.C.C.A. und dem Kunden gelten ausschlie\u00dflich die folgenden allgemeinen Bedingungen.  F\u00fcr alle Gesch\u00e4ftsbeziehungen zwischen S.A.C.C.A. und dem Kunden gelten ausschliesslich die folgenden Allgemeinen Gesch\u00e4ftsbedingungen. Ein Vertrag mit S.A.C.C.A. wird abgeschlossen, wenn der Kunde eine E-Commerce-Bestellung abschickt. \u00c4nderungen der Gesch\u00e4ftsbedingungen werden nicht ohne die schriftliche Zustimmung von S.A.C.C.A. anerkannt.<\/p><p class=\"my-2 [&amp;+p]:mt-4 [&amp;_strong:has(+br)]:inline-block [&amp;_strong:has(+br)]:pb-2\"><strong>Eigentum<\/strong><br>Die Ware bleibt Eigentum der S.A.C.C.A. bis zur vollst\u00e4ndigen Bezahlung durch den Kunden.<\/p><p class=\"my-2 [&amp;+p]:mt-4 [&amp;_strong:has(+br)]:inline-block [&amp;_strong:has(+br)]:pb-2\"><strong>Angebot<\/strong><br>Alle im Shop aufgef\u00fchrten Produkte werden direkt vom Hersteller geliefert. Die Lieferung erfolgt per Post oder Kurier. Im Falle eines vor\u00fcbergehenden Mangels eines Artikels wird der Kunde benachrichtigt. Die angegebenen Lieferfristen sind als Richtwerte zu verstehen. Eine Entsch\u00e4digung f\u00fcr eine \u00dcberschreitung der normalen Fristen wird unter keinen Umst\u00e4nden geleistet.<\/p><p class=\"my-2 [&amp;+p]:mt-4 [&amp;_strong:has(+br)]:inline-block [&amp;_strong:has(+br)]:pb-2\"><strong>Preise<\/strong><br>Alle Preise verstehen sich in Schweizer Franken und gelten f\u00fcr den Schweizer Markt. Die von uns angegebenen Preise verstehen sich zuz\u00fcglich der gesetzlichen Mehrwertsteuer. Als Zuschlag zu den angegebenen Preisen wird f\u00fcr jede Lieferung in die Schweiz ein Versandkostenbeitrag von CHF 9,00 f\u00fcr jede Sendung unter CHF 50 berechnet.<\/p><p class=\"my-2 [&amp;+p]:mt-4 [&amp;_strong:has(+br)]:inline-block [&amp;_strong:has(+br)]:pb-2\"><strong>Lieferung<\/strong><br>In der Schweiz wird die bestellte Ware in der Regel innerhalb von 7 Tagen geliefert.<\/p><p class=\"my-2 [&amp;+p]:mt-4 [&amp;_strong:has(+br)]:inline-block [&amp;_strong:has(+br)]:pb-2\"><strong>Zahlungsmodalit\u00e4ten<\/strong><br>Die Zahlung muss per Kreditkarte, PayPal oder per Bank\u00fcberweisung erfolgen.<\/p><p class=\"my-2 [&amp;+p]:mt-4 [&amp;_strong:has(+br)]:inline-block [&amp;_strong:has(+br)]:pb-2\"><strong>Widerrufsrecht<\/strong><br>Auf gekaufte Produkte gew\u00e4hren wir ein Widerrufsrecht. Der Widerruf muss innerhalb von 7 Tagen nach Erhalt der Ware, schriftlich (Brief oder E-Mail) mitgeteilt werden. F\u00fcr die Best\u00e4tigung des Widerrufs ist das Versanddatum des Widerrufs massgebend. Der Widerruf ist zu richten oder zu senden an: S.A.C.C.A via A. Maspoli, 4 6850 Mendrisio, oder an <a class=\"reset interactable cursor-pointer decoration-1 underline-offset-1 text-super hover:underline font-semibold\" href=\"mailto:ordini@mokaefti.ch\" target=\"_blank\" rel=\"nofollow noopener\"><span class=\"text-box-trim-both\">ordini@mokaefti.ch<\/span><\/a>. Im Falle eines Widerrufs ist die Ware in der Originalverpackung zu retournieren. Die Kosten f\u00fcr die R\u00fccksendung der Ware tr\u00e4gt der Kunde, der Kaufpreis wird unmittelbar nach Erhalt der Ware zur\u00fcckerstattet. Wir behalten uns das Recht vor, bei Besch\u00e4digung oder Gebrauch der zur\u00fcckgesandten Ware Abz\u00fcge vom Kaufpreis vorzunehmen.<\/p><p class=\"my-2 [&amp;+p]:mt-4 [&amp;_strong:has(+br)]:inline-block [&amp;_strong:has(+br)]:pb-2\"><strong>Haftung \/ Garantie<\/strong><br>Die S.A.C.C.A. haftet f\u00fcr Sachsch\u00e4den und Garantien nach den gesetzlichen Bestimmungen.<\/p><p class=\"my-2 [&amp;+p]:mt-4 [&amp;_strong:has(+br)]:inline-block [&amp;_strong:has(+br)]:pb-2\"><strong>Verpflichtungen \/ Gerichtsstand<\/strong><br>Diese Verkaufsbedingungen unterliegen dem Schweizer Recht und werden nach diesem ausgelegt. Gerichtsstand f\u00fcr Rechtsstreitigkeiten jeglicher Art ist der Sitz der Gesellschaft, d.h. Mendrisio.<\/p><p class=\"my-2 [&amp;+p]:mt-4 [&amp;_strong:has(+br)]:inline-block [&amp;_strong:has(+br)]:pb-2\"><strong>Salvatorische Klausel<\/strong><br>Alles was nicht in diesen allgemeinen Bedingungen enthalten oder beschrieben ist, unterliegt dem Schweizer Recht.<\/p>\t\t\t\t\t\t\t\t<\/div>\n\t\t\t\t\t<\/div>\n\t\t\t\t<\/div>\n\t\t\t\t<\/div>\n\t\t","protected":false},"excerpt":{"rendered":"<p>Geltungsbereich \/ VertragsabschlussMOKA EFTI ist eine Marke im Besitz der S.A.C.C.A. mit Sitz in via A. Maspoli, 4 6850 Mendrisio. Die Website www.mokaefti.ch ist der offizielle E-Commerce der Firma S.A.C.C.A. Societ\u00e0 Anonima Caff\u00e8 Coloniali e Affini, nachfolgend S.A.C.C.A. F\u00fcr jede Gesch\u00e4ftsbeziehung zwischen S.A.C.C.A. und dem Kunden gelten ausschlie\u00dflich die folgenden allgemeinen Bedingungen. F\u00fcr alle Gesch\u00e4ftsbeziehungen zwischen S.A.C.C.A. und dem Kunden gelten ausschliesslich die folgenden Allgemeinen Gesch\u00e4ftsbedingungen. Ein Vertrag mit S.A.C.C.A. wird abgeschlossen, wenn der Kunde eine E-Commerce-Bestellung abschickt. \u00c4nderungen der Gesch\u00e4ftsbedingungen werden nicht ohne die schriftliche Zustimmung von S.A.C.C.A. anerkannt. EigentumDie Ware bleibt Eigentum der S.A.C.C.A. bis zur vollst\u00e4ndigen Bezahlung durch den Kunden. AngebotAlle im Shop aufgef\u00fchrten Produkte werden direkt vom Hersteller geliefert. Die Lieferung erfolgt per Post oder Kurier. Im Falle eines vor\u00fcbergehenden Mangels eines Artikels wird der Kunde benachrichtigt. Die angegebenen Lieferfristen sind als Richtwerte zu verstehen. Eine Entsch\u00e4digung f\u00fcr eine \u00dcberschreitung der normalen Fristen wird unter keinen Umst\u00e4nden geleistet. PreiseAlle Preise verstehen sich in Schweizer Franken und gelten f\u00fcr den Schweizer Markt. Die von uns angegebenen Preise verstehen sich zuz\u00fcglich der gesetzlichen Mehrwertsteuer. Als Zuschlag zu den angegebenen Preisen wird f\u00fcr jede Lieferung in die Schweiz ein Versandkostenbeitrag von CHF 9,00 f\u00fcr jede Sendung unter CHF 50 berechnet. LieferungIn der Schweiz wird die bestellte Ware in der Regel innerhalb von 7 Tagen geliefert. Zahlungsmodalit\u00e4tenDie Zahlung muss per Kreditkarte, PayPal oder per Bank\u00fcberweisung erfolgen. WiderrufsrechtAuf gekaufte Produkte gew\u00e4hren wir ein Widerrufsrecht. Der Widerruf muss innerhalb von 7 Tagen nach Erhalt der Ware, schriftlich (Brief oder E-Mail) mitgeteilt werden. F\u00fcr die Best\u00e4tigung des Widerrufs ist das Versanddatum des Widerrufs massgebend. Der Widerruf ist zu richten oder zu senden an: S.A.C.C.A via A. Maspoli, 4 6850 Mendrisio, oder an ordini@mokaefti.ch. Im Falle eines Widerrufs ist die Ware in der Originalverpackung zu retournieren. Die Kosten f\u00fcr die R\u00fccksendung der Ware tr\u00e4gt der Kunde, der Kaufpreis wird unmittelbar nach Erhalt der Ware zur\u00fcckerstattet. Wir behalten uns das Recht vor, bei Besch\u00e4digung oder Gebrauch der zur\u00fcckgesandten Ware Abz\u00fcge vom Kaufpreis vorzunehmen. Haftung \/ GarantieDie S.A.C.C.A. haftet f\u00fcr Sachsch\u00e4den und Garantien nach den gesetzlichen Bestimmungen. Verpflichtungen \/ GerichtsstandDiese Verkaufsbedingungen unterliegen dem Schweizer Recht und werden nach diesem ausgelegt. Gerichtsstand f\u00fcr Rechtsstreitigkeiten jeglicher Art ist der Sitz der Gesellschaft, d.h. Mendrisio. Salvatorische KlauselAlles was nicht in diesen allgemeinen Bedingungen enthalten oder beschrieben ist, unterliegt dem Schweizer Recht.<\/p>\n","protected":false},"author":3129,"featured_media":0,"parent":0,"menu_order":0,"comment_status":"closed","ping_status":"closed","template":"","meta":{"_acf_changed":false,"_eb_attr":"","inline_featured_image":false,"footnotes":""},"folder":[],"class_list":["post-24876","page","type-page","status-publish","hentry"],"acf":[],"aioseo_notices":[],"_links":{"self":[{"href":"https:\/\/mokaefti.ch\/de\/wp-json\/wp\/v2\/pages\/24876","targetHints":{"allow":["GET"]}}],"collection":[{"href":"https:\/\/mokaefti.ch\/de\/wp-json\/wp\/v2\/pages"}],"about":[{"href":"https:\/\/mokaefti.ch\/de\/wp-json\/wp\/v2\/types\/page"}],"author":[{"embeddable":true,"href":"https:\/\/mokaefti.ch\/de\/wp-json\/wp\/v2\/users\/3129"}],"replies":[{"embeddable":true,"href":"https:\/\/mokaefti.ch\/de\/wp-json\/wp\/v2\/comments?post=24876"}],"version-history":[{"count":0,"href":"https:\/\/mokaefti.ch\/de\/wp-json\/wp\/v2\/pages\/24876\/revisions"}],"wp:attachment":[{"href":"https:\/\/mokaefti.ch\/de\/wp-json\/wp\/v2\/media?parent=24876"}],"wp:term":[{"taxonomy":"folder","embeddable":true,"href":"https:\/\/mokaefti.ch\/de\/wp-json\/wp\/v2\/folder?post=24876"}],"curies":[{"name":"wp","href":"https:\/\/api.w.org\/{rel}","templated":true}]}}