{"id":27263,"date":"2026-02-02T10:39:54","date_gmt":"2026-02-02T09:39:54","guid":{"rendered":"https:\/\/mokaefti.ch\/cookies-politik\/"},"modified":"2026-02-02T10:46:32","modified_gmt":"2026-02-02T09:46:32","slug":"cookies-politik","status":"publish","type":"page","link":"https:\/\/mokaefti.ch\/de\/cookies-politik\/","title":{"rendered":"Cookies Politik"},"content":{"rendered":"\t\t<div data-elementor-type=\"wp-page\" data-elementor-id=\"27263\" class=\"elementor elementor-27263 elementor-27259\" data-elementor-post-type=\"page\">\n\t\t\t\t<div data-particle_enable=\"false\" data-particle-mobile-disabled=\"false\" class=\"elementor-element elementor-element-d9bef7c e-flex e-con-boxed wpr-particle-no wpr-jarallax-no wpr-parallax-no wpr-sticky-section-no wpr-column-slider-no wpr-equal-height-no e-con e-parent\" data-id=\"d9bef7c\" data-element_type=\"container\" data-e-type=\"container\">\n\t\t\t\t\t<div class=\"e-con-inner\">\n\t\t\t\t<div class=\"elementor-element elementor-element-726a415 elementor-widget elementor-widget-text-editor\" data-id=\"726a415\" data-element_type=\"widget\" data-e-type=\"widget\" data-widget_type=\"text-editor.default\">\n\t\t\t\t\t\t\t\t\t<div class=\"ProseMirror\" contenteditable=\"true\" translate=\"no\"><h1>Cookie-Richtlinie &#8211; mokaefti.ch<\/h1><p><strong>Zuletzt aktualisiert:<\/strong> 29. Januar 2026<\/p><p>Diese Cookie-Richtlinie gilt f\u00fcr B\u00fcrger und Personen mit st\u00e4ndigem Wohnsitz im Europ\u00e4ischen Wirtschaftsraum und der Schweiz.<\/p><h2>1. Einf\u00fchrung<\/h2><p>Unsere Website <strong>https:\/\/mokaefti.ch<\/strong> (im Folgenden: &#8222;die Website&#8220;) verwendet Cookies und andere damit verbundene Technologien (der Einfachheit halber werden alle Technologien als &#8222;Cookies&#8220; bezeichnet). Cookies werden auch von Dritten gesetzt, die wir beauftragt haben. In dem nachstehenden Dokument informieren wir Sie \u00fcber die Verwendung von Cookies auf unserer Website.  <\/p><p>Da die Website \u00fcber das <strong>WPML-Plugin<\/strong> in mehreren Sprachen verf\u00fcgbar ist, werden die Cookie-Einstellungen beim Durchsuchen der Verzeichnisse <code>\/de\/<\/code>, <code>\/fr\/<\/code>, <code>\/en\/<\/code> und in der Hauptversion auf Italienisch beibehalten.<\/p><h2>2. Was sind Cookies?<\/h2><p>Cookies sind einfache Dateien, die mit den Seiten dieser Website verschickt und von Ihrem Browser auf der Festplatte Ihres Computers oder einem anderen Ger\u00e4t gespeichert werden. Die gesammelten Informationen k\u00f6nnen bei Ihrem n\u00e4chsten Besuch an unsere Server oder an die Server von Drittanbietern zur\u00fcckgeschickt werden. <\/p><h2>3. Verwendete Cookies<\/h2><h3>3.1 Technische oder funktionale Cookies<\/h3><p>Sie stellen sicher, dass die Website ordnungsgem\u00e4\u00df funktioniert und dass Ihre Pr\u00e4ferenzen (wie die von Ihnen \u00fcber WPML gew\u00e4hlte Sprache oder die Produkte in Ihrem WooCommerce-Warenkorb) g\u00fcltig bleiben. Wir k\u00f6nnen diese Cookies ohne Ihre Zustimmung platzieren. <\/p><h3>3.2 Statistische Cookies<\/h3><p>Wir verwenden statistische Cookies (wie z.B. Google Analytics), um das Benutzererlebnis zu optimieren. Wir bitten Sie um Ihre Erlaubnis, diese Cookies zu setzen. <\/p><h3>3.3 Marketing-\/Tracking-Cookies<\/h3><p>Wird verwendet, um Benutzerprofile zu erstellen, verhaltensbezogene Werbung anzuzeigen oder Benutzer auf dieser Website oder verschiedenen Websites zu Marketingzwecken zu verfolgen. Diese Kategorie umfasst die Dienste von <strong>Outbrain<\/strong> und <strong>Teads<\/strong>. <\/p><h2>4. Cookies eingeben<\/h2><h3>Outbrain \/ Teads<\/h3><p><strong>Marketing\/Tracking<\/strong><\/p><ul><li><p><strong>Nutzung:<\/strong> Wir verwenden Outbrain und Teads f\u00fcr die Verbreitung von nativen Werbeinhalten und Videowerbung.<\/p><\/li><li><p><strong>Gemeinsame Nutzung von Daten:<\/strong> Die Daten werden mit Outbrain Inc. und Teads TV geteilt. Weitere Informationen finden Sie in den jeweiligen Datenschutzrichtlinien.  <\/p><\/li><li><p><strong>\u00dcbliche Cookies:<\/strong> <code>outbrain_cid_fetch<\/code>, <code>_outbrain_abc<\/code>, <code>tt_viewer<\/code>.<\/p><\/li><\/ul><h3>WPML<\/h3><p><strong>Funktional<\/strong><\/p><ul><li><p><strong>Verwendung:<\/strong> Verwaltung der Sprachversionen der Website (IT, DE, FR, EN).<\/p><\/li><li><p><strong>Name:<\/strong> <code>_icl_current_language<\/code>, <code>wp-wpml_current_language<\/code>.<\/p><\/li><li><p><strong>Abgabetermin:<\/strong> 1 Tag.<\/p><\/li><\/ul><h3>Elementor<\/h3><p><strong>Statistik (Anonym)<\/strong><\/p><ul><li><p><strong>Nutzung:<\/strong> Erstellung und Optimierung des Website-Designs.<\/p><\/li><li><p><strong>Name:<\/strong> <code>elementor<\/code>.<\/p><\/li><li><p><strong>Verfallsdatum:<\/strong> Persistent.<\/p><\/li><\/ul><h3>WooCommerce<\/h3><p><strong>Funktional<\/strong><\/p><ul><li><p><strong>Verwendung:<\/strong> Verwaltung von Einkaufswagen und E-Commerce-Einkaufssitzungen.<\/p><\/li><li><p><strong>Name:<\/strong> <code>woocommerce_cart_hash<\/code>, <code>woocommerce_items_in_cart<\/code>.<\/p><\/li><li><p><strong>Abgabetermin:<\/strong> Sitzung.<\/p><\/li><\/ul><h3>Google Analytics<\/h3><p><strong>Statistik<\/strong><\/p><ul><li><p><strong>Verwendung:<\/strong> Analyse des Webverkehrs.<\/p><\/li><li><p><strong>Name:<\/strong> <code>_ga<\/code>, <code>_gid<\/code>, <code>_gat<\/code>.<\/p><\/li><li><p><strong>Verfallsdatum:<\/strong> 1 Minute bis 1 Jahr.<\/p><\/li><\/ul><h2>5. Zustimmung<\/h2><p>Wenn Sie die Website zum ersten Mal besuchen, wird ein Popup-Fenster mit einer Erkl\u00e4rung der Cookies angezeigt. Indem Sie auf &#8222;Einstellungen speichern&#8220; klicken, stimmen Sie der Verwendung der ausgew\u00e4hlten Kategorien von Cookies zu. <\/p><h2>6. Ihre Rechte in Bezug auf pers\u00f6nliche Daten<\/h2><p>Sie haben das Recht auf Zugang, Berichtigung, L\u00f6schung und Widerspruch gegen die Verarbeitung Ihrer Daten. Um diese Rechte auszu\u00fcben, wenden Sie sich bitte an die unten stehenden Kontaktdaten. <\/p><h2>7. Kontaktangaben<\/h2><p>Wenn Sie Fragen und\/oder Anmerkungen zur Cookie-Richtlinie haben, kontaktieren Sie uns bitte:<\/p><p><strong>S.A.C.C.A. Societ\u00e0 Anonima Caff\u00e8 Coloniali Alimentari<\/strong> Via Angelo Maspoli n\u00b04<\/p><p>CH-6850 Mendrisio, Schweiz<\/p><ul><li><p><strong>Website:<\/strong> <a title=\"null\" href=\"https:\/\/mokaefti.ch\/de\/\">https:\/\/mokaefti.ch<\/a><\/p><\/li><li><p><strong>E-Mail:<\/strong> <a title=\"null\" href=\"mailto:info@mokaefti.ch\">info@mokaefti.ch<\/a><\/p><\/li><li><p><strong>Telefon:<\/strong> +41 91 646 39 06<\/p><\/li><li><p><strong>Kostenloses Telefon:<\/strong> 0800 851 001<\/p><\/li><li><p><strong>Fax:<\/strong> +41 (0)91 646 04 681<\/p><\/li><\/ul><\/div>\t\t\t\t\t\t\t\t<\/div>\n\t\t\t\t\t<\/div>\n\t\t\t\t<\/div>\n\t\t\t\t<\/div>\n\t\t","protected":false},"excerpt":{"rendered":"<p>Cookie-Richtlinie &#8211; mokaefti.ch Zuletzt aktualisiert: 29. Januar 2026 Diese Cookie-Richtlinie gilt f\u00fcr B\u00fcrger und Personen mit st\u00e4ndigem Wohnsitz im Europ\u00e4ischen Wirtschaftsraum und der Schweiz. 1. Einf\u00fchrung Unsere Website https:\/\/mokaefti.ch (im Folgenden: &#8222;die Website&#8220;) verwendet Cookies und andere damit verbundene Technologien (der Einfachheit halber werden alle Technologien als &#8222;Cookies&#8220; bezeichnet). Cookies werden auch von Dritten gesetzt, die wir beauftragt haben. In dem nachstehenden Dokument informieren wir Sie \u00fcber die Verwendung von Cookies auf unserer Website. Da die Website \u00fcber das WPML-Plugin in mehreren Sprachen verf\u00fcgbar ist, werden die Cookie-Einstellungen beim Durchsuchen der Verzeichnisse \/de\/, \/fr\/, \/en\/ und in der Hauptversion auf Italienisch beibehalten. 2. Was sind Cookies? Cookies sind einfache Dateien, die mit den Seiten dieser Website verschickt und von Ihrem Browser auf der Festplatte Ihres Computers oder einem anderen Ger\u00e4t gespeichert werden. Die gesammelten Informationen k\u00f6nnen bei Ihrem n\u00e4chsten Besuch an unsere Server oder an die Server von Drittanbietern zur\u00fcckgeschickt werden. 3. Verwendete Cookies 3.1 Technische oder funktionale Cookies Sie stellen sicher, dass die Website ordnungsgem\u00e4\u00df funktioniert und dass Ihre Pr\u00e4ferenzen (wie die von Ihnen \u00fcber WPML gew\u00e4hlte Sprache oder die Produkte in Ihrem WooCommerce-Warenkorb) g\u00fcltig bleiben. Wir k\u00f6nnen diese Cookies ohne Ihre Zustimmung platzieren. 3.2 Statistische Cookies Wir verwenden statistische Cookies (wie z.B. Google Analytics), um das Benutzererlebnis zu optimieren. Wir bitten Sie um Ihre Erlaubnis, diese Cookies zu setzen. 3.3 Marketing-\/Tracking-Cookies Wird verwendet, um Benutzerprofile zu erstellen, verhaltensbezogene Werbung anzuzeigen oder Benutzer auf dieser Website oder verschiedenen Websites zu Marketingzwecken zu verfolgen. Diese Kategorie umfasst die Dienste von Outbrain und Teads. 4. Cookies eingeben Outbrain \/ Teads Marketing\/Tracking Nutzung: Wir verwenden Outbrain und Teads f\u00fcr die Verbreitung von nativen Werbeinhalten und Videowerbung. Gemeinsame Nutzung von Daten: Die Daten werden mit Outbrain Inc. und Teads TV geteilt. Weitere Informationen finden Sie in den jeweiligen Datenschutzrichtlinien. \u00dcbliche Cookies: outbrain_cid_fetch, _outbrain_abc, tt_viewer. WPML Funktional Verwendung: Verwaltung der Sprachversionen der Website (IT, DE, FR, EN). Name: _icl_current_language, wp-wpml_current_language. Abgabetermin: 1 Tag. Elementor Statistik (Anonym) Nutzung: Erstellung und Optimierung des Website-Designs. Name: elementor. Verfallsdatum: Persistent. WooCommerce Funktional Verwendung: Verwaltung von Einkaufswagen und E-Commerce-Einkaufssitzungen. Name: woocommerce_cart_hash, woocommerce_items_in_cart. Abgabetermin: Sitzung. Google Analytics Statistik Verwendung: Analyse des Webverkehrs. Name: _ga, _gid, _gat. Verfallsdatum: 1 Minute bis 1 Jahr. 5. Zustimmung Wenn Sie die Website zum ersten Mal besuchen, wird ein Popup-Fenster mit einer Erkl\u00e4rung der Cookies angezeigt. Indem Sie auf &#8222;Einstellungen speichern&#8220; klicken, stimmen Sie der Verwendung der ausgew\u00e4hlten Kategorien von Cookies zu. 6. Ihre Rechte in Bezug auf pers\u00f6nliche Daten Sie haben das Recht auf Zugang, Berichtigung, L\u00f6schung und Widerspruch gegen die Verarbeitung Ihrer Daten. Um diese Rechte auszu\u00fcben, wenden Sie sich bitte an die unten stehenden Kontaktdaten. 7. Kontaktangaben Wenn Sie Fragen und\/oder Anmerkungen zur Cookie-Richtlinie haben, kontaktieren Sie uns bitte: S.A.C.C.A. Societ\u00e0 Anonima Caff\u00e8 Coloniali Alimentari Via Angelo Maspoli n\u00b04 CH-6850 Mendrisio, Schweiz Website: https:\/\/mokaefti.ch E-Mail: info@mokaefti.ch Telefon: +41 91 646 39 06 Kostenloses Telefon: 0800 851 001 Fax: +41 (0)91 646 04 681<\/p>\n","protected":false},"author":7788,"featured_media":0,"parent":0,"menu_order":0,"comment_status":"closed","ping_status":"open","template":"","meta":{"_acf_changed":false,"_eb_attr":"","inline_featured_image":false,"footnotes":""},"folder":[],"class_list":["post-27263","page","type-page","status-publish","hentry"],"acf":[],"aioseo_notices":[],"_links":{"self":[{"href":"https:\/\/mokaefti.ch\/de\/wp-json\/wp\/v2\/pages\/27263","targetHints":{"allow":["GET"]}}],"collection":[{"href":"https:\/\/mokaefti.ch\/de\/wp-json\/wp\/v2\/pages"}],"about":[{"href":"https:\/\/mokaefti.ch\/de\/wp-json\/wp\/v2\/types\/page"}],"author":[{"embeddable":true,"href":"https:\/\/mokaefti.ch\/de\/wp-json\/wp\/v2\/users\/7788"}],"replies":[{"embeddable":true,"href":"https:\/\/mokaefti.ch\/de\/wp-json\/wp\/v2\/comments?post=27263"}],"version-history":[{"count":0,"href":"https:\/\/mokaefti.ch\/de\/wp-json\/wp\/v2\/pages\/27263\/revisions"}],"wp:attachment":[{"href":"https:\/\/mokaefti.ch\/de\/wp-json\/wp\/v2\/media?parent=27263"}],"wp:term":[{"taxonomy":"folder","embeddable":true,"href":"https:\/\/mokaefti.ch\/de\/wp-json\/wp\/v2\/folder?post=27263"}],"curies":[{"name":"wp","href":"https:\/\/api.w.org\/{rel}","templated":true}]}}