{"id":21192,"date":"2025-04-24T15:54:27","date_gmt":"2025-04-24T13:54:27","guid":{"rendered":"https:\/\/mokaefti.ch\/negozio-online\/parainema-caracolillo-250-gr\/"},"modified":"2025-11-13T13:26:58","modified_gmt":"2025-11-13T12:26:58","slug":"parainema-caracolillo-250-gr","status":"publish","type":"product","link":"https:\/\/mokaefti.ch\/de\/online-kaufen\/parainema-caracolillo-250-gr\/","title":{"rendered":"PARAINEMA CARACOLILLO 250G"},"content":{"rendered":"","protected":false},"excerpt":{"rendered":"<p>MICRO LOT<br \/>\nPerle, oder Einzelbohne der Steinfrucht (Beere) des Kaffees. geh\u00f6ren zu dieser einzigartigen Selektion.<\/p>\n<p>Jede Beere hat einen Kern, der \u2013 in der Regel &#8211; in zwei Kerne unterteilt ist. Einige dieser Kerne sind jedoch etwas Besonderes, da sie nicht in zwei Kerne unterteilt sind, sondern aus einem Einzigen bestehen. Daher der Name \u201cperla\u201d oder \u201ccaracolillo\u201c. Der Perlenkaffee ist ein nat\u00fcrlicher Defekt, der zur Seltenheit wird.<br \/>\nDie Kugelform der Caracolillo-Bohne erm\u00f6glicht eine <strong>gleichm\u00e4\u00dfigere R\u00f6stung<\/strong>, sorgt f\u00fcr einen frischeren Geschmack, eine ausgepr\u00e4gte S\u00e4ure und ein intensiveres und eleganteres Aroma. <strong>Das Mindest der produzierten Mengen machen diesen Kaffee sehr begehrt.<\/strong><\/p>\n","protected":false},"featured_media":20178,"comment_status":"closed","ping_status":"closed","template":"","meta":{"_acf_changed":false,"_eb_attr":"","inline_featured_image":false},"product_brand":[],"product_cat":[388,389,387,390],"product_tag":[391,392,393],"class_list":{"0":"post-21192","1":"product","2":"type-product","3":"status-publish","4":"has-post-thumbnail","6":"product_cat-bohnen","7":"product_cat-microlot-de","8":"product_cat-moka-efti-selection-de","9":"product_cat-parainema-de","10":"product_tag-arabica","11":"product_tag-filtermahlung","12":"product_tag-parainema","14":"first","15":"instock","16":"shipping-taxable","17":"purchasable","18":"product-type-simple"},"acf":[],"aioseo_notices":[],"_links":{"self":[{"href":"https:\/\/mokaefti.ch\/de\/wp-json\/wp\/v2\/product\/21192","targetHints":{"allow":["GET"]}}],"collection":[{"href":"https:\/\/mokaefti.ch\/de\/wp-json\/wp\/v2\/product"}],"about":[{"href":"https:\/\/mokaefti.ch\/de\/wp-json\/wp\/v2\/types\/product"}],"replies":[{"embeddable":true,"href":"https:\/\/mokaefti.ch\/de\/wp-json\/wp\/v2\/comments?post=21192"}],"version-history":[{"count":0,"href":"https:\/\/mokaefti.ch\/de\/wp-json\/wp\/v2\/product\/21192\/revisions"}],"wp:featuredmedia":[{"embeddable":true,"href":"https:\/\/mokaefti.ch\/de\/wp-json\/wp\/v2\/media\/20178"}],"wp:attachment":[{"href":"https:\/\/mokaefti.ch\/de\/wp-json\/wp\/v2\/media?parent=21192"}],"wp:term":[{"taxonomy":"product_brand","embeddable":true,"href":"https:\/\/mokaefti.ch\/de\/wp-json\/wp\/v2\/product_brand?post=21192"},{"taxonomy":"product_cat","embeddable":true,"href":"https:\/\/mokaefti.ch\/de\/wp-json\/wp\/v2\/product_cat?post=21192"},{"taxonomy":"product_tag","embeddable":true,"href":"https:\/\/mokaefti.ch\/de\/wp-json\/wp\/v2\/product_tag?post=21192"}],"curies":[{"name":"wp","href":"https:\/\/api.w.org\/{rel}","templated":true}]}}