{"id":21196,"date":"2025-04-24T15:20:07","date_gmt":"2025-04-24T13:20:07","guid":{"rendered":"https:\/\/mokaefti.ch\/negozio-online\/extra-bar-xl-kaffee-in-pads\/"},"modified":"2025-11-14T10:55:19","modified_gmt":"2025-11-14T09:55:19","slug":"extra-bar-xl-kaffee-in-pads","status":"publish","type":"product","link":"https:\/\/mokaefti.ch\/de\/online-kaufen\/extra-bar-xl-kaffee-in-pads\/","title":{"rendered":"EXTRA BAR XL KAFFEEPADS"},"content":{"rendered":"","protected":false},"excerpt":{"rendered":"<p>Mit seinen 80 % Arabica-Kaffee hat der Extra Bar XL Pad einen weichen und delikaten Geschmack und einen geringeren Koffeingehalt. Die s\u00fcsslichen Noten der Arabica-Bohnen aus den Hochplantagen Afrikas und S\u00fcdamerikas, ergeben einen Kaffe f\u00fcr jeden Geschmack. Der notwendige, ideale Kick zu jeder Tageszeit.<\/p>\n<p><strong>ZUSAMMENSETZUNG<\/strong>: 80% arabica, 20% robusta.<br \/>\n<strong>BESCHREIBUNG:<\/strong> 1 Pad von 7,5 gr. Kaffee<br \/>\n<strong>VERPACKUNG<\/strong>: 100 pads<br \/>\n<strong>DURCHMESSER<\/strong>: 44mm<br \/>\n<strong>VERFALL<\/strong>: 2 Jahre nach Produktionsdatum<\/p>\n","protected":false},"featured_media":13038,"comment_status":"closed","ping_status":"closed","template":"","meta":{"_acf_changed":false,"_eb_attr":"","inline_featured_image":false},"product_brand":[],"product_cat":[396],"product_tag":[],"class_list":{"0":"post-21196","1":"product","2":"type-product","3":"status-publish","4":"has-post-thumbnail","6":"product_cat-pads","8":"first","9":"instock","10":"shipping-taxable","11":"purchasable","12":"product-type-simple"},"acf":[],"aioseo_notices":[],"_links":{"self":[{"href":"https:\/\/mokaefti.ch\/de\/wp-json\/wp\/v2\/product\/21196","targetHints":{"allow":["GET"]}}],"collection":[{"href":"https:\/\/mokaefti.ch\/de\/wp-json\/wp\/v2\/product"}],"about":[{"href":"https:\/\/mokaefti.ch\/de\/wp-json\/wp\/v2\/types\/product"}],"replies":[{"embeddable":true,"href":"https:\/\/mokaefti.ch\/de\/wp-json\/wp\/v2\/comments?post=21196"}],"version-history":[{"count":0,"href":"https:\/\/mokaefti.ch\/de\/wp-json\/wp\/v2\/product\/21196\/revisions"}],"wp:featuredmedia":[{"embeddable":true,"href":"https:\/\/mokaefti.ch\/de\/wp-json\/wp\/v2\/media\/13038"}],"wp:attachment":[{"href":"https:\/\/mokaefti.ch\/de\/wp-json\/wp\/v2\/media?parent=21196"}],"wp:term":[{"taxonomy":"product_brand","embeddable":true,"href":"https:\/\/mokaefti.ch\/de\/wp-json\/wp\/v2\/product_brand?post=21196"},{"taxonomy":"product_cat","embeddable":true,"href":"https:\/\/mokaefti.ch\/de\/wp-json\/wp\/v2\/product_cat?post=21196"},{"taxonomy":"product_tag","embeddable":true,"href":"https:\/\/mokaefti.ch\/de\/wp-json\/wp\/v2\/product_tag?post=21196"}],"curies":[{"name":"wp","href":"https:\/\/api.w.org\/{rel}","templated":true}]}}