{"id":21221,"date":"2022-11-17T14:34:45","date_gmt":"2022-11-17T13:34:45","guid":{"rendered":"https:\/\/mokaefti.ch\/negozio-online\/kapseln-in-aluminium-pittissima-espresso-lungo\/"},"modified":"2025-11-14T10:56:06","modified_gmt":"2025-11-14T09:56:06","slug":"kapseln-in-aluminium-pittissima-espresso-lungo","status":"publish","type":"product","link":"https:\/\/mokaefti.ch\/de\/online-kaufen\/kapseln-in-aluminium-pittissima-espresso-lungo\/","title":{"rendered":"ALUMINIUM PITTISSIMA ESPRESSO LUNGO KAPSELN"},"content":{"rendered":"","protected":false},"excerpt":{"rendered":"<p><span class=\"selected\">Die Pitti Caff\u00e8 Lungo Kapseln der Pittissima Linie sind die perfekte Wahl f\u00fcr Liebhaber von Lungo Kaffee in der Schweiz und bieten ein umfassendes und fesselndes Geschmackserlebnis. Diese Kapseln sind mit Nespresso\u00ae Maschinen kompatibel und in praktischen 10er-Packungen erh\u00e4ltlich, die Frische und Qualit\u00e4t in jeder Tasse garantieren. <\/span><\/p>\n<p><span class=\"selected\">Die in diesen Kapseln verwendete Mischung ist gekonnt ausbalanciert und besteht zu 70 % aus Arabica und zu 30 % aus Robusta. Die ausgew\u00e4hlten Bohnen stammen aus Brasilien, \u00c4thiopien, Indien, Uganda und Indonesien, Regionen, die f\u00fcr die Herstellung von hochwertigem Kaffee bekannt sind. Die dunkle R\u00f6stung verst\u00e4rkt die organoleptischen Eigenschaften und verleiht dem Kaffee einen cremigen Geschmack mit samtigen Schokoladennoten. <\/span><\/p>\n<p><span class=\"selected\">Jede Kapsel enth\u00e4lt 5,5 Gramm Kaffee, die ideale Dosis f\u00fcr die Zubereitung eines Lungo im perfekten amerikanischen Stil, ohne auf die Intensit\u00e4t und den K\u00f6rper des italienischen Espressos zu verzichten. Diese Kombination macht den Pitti Caff\u00e8 Lungo zur idealen Wahl f\u00fcr alle, die einen anhaltenden Geschmack w\u00fcnschen, perfekt f\u00fcr Momente der Entspannung oder um mit der richtigen Energie in den Tag zu starten. <\/span><\/p>\n<p><strong>FORMAT: <\/strong><span lang=\"IT-CH\" style=\"font-size: 12.0pt; font-family: 'Hind Siliguri'; color: #4c4c4c; font-weight: normal;\">NESPRESSO\u00ae<br \/>\n<\/span><strong>ZUSAMMENSETZUNG: <\/strong>70% Arabica 30% Robusta<strong><br \/>\n<\/strong><strong>HERKUNFT: <\/strong>Brasilien, Ethiopien, Indien, Uganda, Indonesien<br \/>\n<strong>R\u00d6STEN<\/strong>: Dunkel<br \/>\n<strong>BESCHREIBUNG: <\/strong>1 Kapsel von 5.5 gr. Kaffee<br \/>\n<strong>VERPACKUNG<\/strong>: 10 Kapseln<\/p>\n","protected":false},"featured_media":3102,"comment_status":"closed","ping_status":"closed","template":"","meta":{"_acf_changed":false,"_eb_attr":"","inline_featured_image":false},"product_brand":[],"product_cat":[428,407],"product_tag":[409,429],"class_list":{"0":"post-21221","1":"product","2":"type-product","3":"status-publish","4":"has-post-thumbnail","6":"product_cat-kapseln","7":"product_cat-mischung","8":"product_tag-espresso-mahlung","9":"product_tag-pittissima","11":"first","12":"instock","13":"shipping-taxable","14":"purchasable","15":"product-type-simple"},"acf":[],"aioseo_notices":[],"_links":{"self":[{"href":"https:\/\/mokaefti.ch\/de\/wp-json\/wp\/v2\/product\/21221","targetHints":{"allow":["GET"]}}],"collection":[{"href":"https:\/\/mokaefti.ch\/de\/wp-json\/wp\/v2\/product"}],"about":[{"href":"https:\/\/mokaefti.ch\/de\/wp-json\/wp\/v2\/types\/product"}],"replies":[{"embeddable":true,"href":"https:\/\/mokaefti.ch\/de\/wp-json\/wp\/v2\/comments?post=21221"}],"version-history":[{"count":0,"href":"https:\/\/mokaefti.ch\/de\/wp-json\/wp\/v2\/product\/21221\/revisions"}],"wp:featuredmedia":[{"embeddable":true,"href":"https:\/\/mokaefti.ch\/de\/wp-json\/wp\/v2\/media\/3102"}],"wp:attachment":[{"href":"https:\/\/mokaefti.ch\/de\/wp-json\/wp\/v2\/media?parent=21221"}],"wp:term":[{"taxonomy":"product_brand","embeddable":true,"href":"https:\/\/mokaefti.ch\/de\/wp-json\/wp\/v2\/product_brand?post=21221"},{"taxonomy":"product_cat","embeddable":true,"href":"https:\/\/mokaefti.ch\/de\/wp-json\/wp\/v2\/product_cat?post=21221"},{"taxonomy":"product_tag","embeddable":true,"href":"https:\/\/mokaefti.ch\/de\/wp-json\/wp\/v2\/product_tag?post=21221"}],"curies":[{"name":"wp","href":"https:\/\/api.w.org\/{rel}","templated":true}]}}