{"id":21224,"date":"2022-11-17T14:14:33","date_gmt":"2022-11-17T13:14:33","guid":{"rendered":"https:\/\/mokaefti.ch\/negozio-online\/pitti-nero-kompatible-kapseln\/"},"modified":"2025-09-23T14:09:56","modified_gmt":"2025-09-23T12:09:56","slug":"pitti-nero-kompatible-kapseln","status":"publish","type":"product","link":"https:\/\/mokaefti.ch\/de\/online-kaufen\/pitti-nero-kompatible-kapseln\/","title":{"rendered":"PITTI NERO KOMPATIBLE KAPSELN"},"content":{"rendered":"","protected":false},"excerpt":{"rendered":"<p><span class=\"selected\">Die Pitti Caff\u00e8 Essenza Nero Kapseln sind die ideale Wahl f\u00fcr Liebhaber eines starken und vollmundigen Espressos. Erh\u00e4ltlich in Packungen mit 100 St\u00fcck, sind diese Kapseln mit den Lavazza Espresso Point\u00ae Maschinen kompatibel und bieten eine praktische und schnelle Zubereitung, ohne die Qualit\u00e4t des Kaffees zu beeintr\u00e4chtigen. <\/span><\/p>\n<p><span class=\"selected\">Die Mischung besteht zu 70 % aus edlen Arabica-Bohnen und zu 30 % aus Robusta, die aus renommierten Anbauregionen in Afrika, Asien und Mittelamerika stammen, darunter Brasilien, \u00c4thiopien, Indonesien, Uganda und Indien. Dank dieser sorgf\u00e4ltigen Auswahl entwickelt der Kaffee ein unverwechselbares Aroma und eine ausgewogene Struktur, ideal f\u00fcr alle, die einen intensiven und kr\u00e4ftigen Geschmack bevorzugen. <\/span><\/p>\n<p><span class=\"selected\">Die dunkle R\u00f6stung unterstreicht zus\u00e4tzlich die aromatischen Noten der Mischung und verleiht dem Kaffee einen vollen und anhaltenden Geschmack, perfekt, um mit Energie in den Tag zu starten oder sich eine genussvolle Pause zu g\u00f6nnen. Jede Kapsel enth\u00e4lt 7 Gramm Kaffee, die ideale Dosis f\u00fcr einen Espresso mit vollem K\u00f6rper und reichem Aroma. <\/span><\/p>\n<p><strong>FORMAT<\/strong>: FAP Espresso Point<br \/>\n<strong>ZUSAMMENSETZUNG: <\/strong>70% Arabica 30% Robusta<br \/>\n<strong>HERKUNFT: <\/strong>Brasilien, Ethiopien, Indien, Uganda, Indonesien<br \/>\n<strong>R\u00d6STEN<\/strong>: Dunkel<br \/>\n<strong>BESCHREIBUNG: <\/strong>1 Kapsel von 7 gr. Kaffee<br \/>\n<strong>VERPACKUNG:<\/strong> 100 Kapseln<\/p>\n<p>&nbsp;<\/p>\n","protected":false},"featured_media":3110,"comment_status":"closed","ping_status":"closed","template":"","meta":{"_acf_changed":false,"_eb_attr":"","inline_featured_image":false},"product_brand":[],"product_cat":[428,407],"product_tag":[409,432,410],"class_list":{"0":"post-21224","1":"product","2":"type-product","3":"status-publish","4":"has-post-thumbnail","6":"product_cat-kapseln","7":"product_cat-mischung","8":"product_tag-espresso-mahlung","9":"product_tag-fap","10":"product_tag-ristretto-mahlung","12":"first","13":"instock","14":"shipping-taxable","15":"purchasable","16":"product-type-simple"},"acf":[],"aioseo_notices":[],"_links":{"self":[{"href":"https:\/\/mokaefti.ch\/de\/wp-json\/wp\/v2\/product\/21224","targetHints":{"allow":["GET"]}}],"collection":[{"href":"https:\/\/mokaefti.ch\/de\/wp-json\/wp\/v2\/product"}],"about":[{"href":"https:\/\/mokaefti.ch\/de\/wp-json\/wp\/v2\/types\/product"}],"replies":[{"embeddable":true,"href":"https:\/\/mokaefti.ch\/de\/wp-json\/wp\/v2\/comments?post=21224"}],"version-history":[{"count":0,"href":"https:\/\/mokaefti.ch\/de\/wp-json\/wp\/v2\/product\/21224\/revisions"}],"wp:featuredmedia":[{"embeddable":true,"href":"https:\/\/mokaefti.ch\/de\/wp-json\/wp\/v2\/media\/3110"}],"wp:attachment":[{"href":"https:\/\/mokaefti.ch\/de\/wp-json\/wp\/v2\/media?parent=21224"}],"wp:term":[{"taxonomy":"product_brand","embeddable":true,"href":"https:\/\/mokaefti.ch\/de\/wp-json\/wp\/v2\/product_brand?post=21224"},{"taxonomy":"product_cat","embeddable":true,"href":"https:\/\/mokaefti.ch\/de\/wp-json\/wp\/v2\/product_cat?post=21224"},{"taxonomy":"product_tag","embeddable":true,"href":"https:\/\/mokaefti.ch\/de\/wp-json\/wp\/v2\/product_tag?post=21224"}],"curies":[{"name":"wp","href":"https:\/\/api.w.org\/{rel}","templated":true}]}}