{"id":21227,"date":"2022-11-17T13:56:11","date_gmt":"2022-11-17T12:56:11","guid":{"rendered":"https:\/\/mokaefti.ch\/negozio-online\/pitti-24-seven-kompatible-kapseln\/"},"modified":"2025-09-23T14:09:52","modified_gmt":"2025-09-23T12:09:52","slug":"pitti-24-seven-kompatible-kapseln","status":"publish","type":"product","link":"https:\/\/mokaefti.ch\/de\/online-kaufen\/pitti-24-seven-kompatible-kapseln\/","title":{"rendered":"PITTI 24 SEVEN KOMPATIBLE KAPSELN"},"content":{"rendered":"","protected":false},"excerpt":{"rendered":"<p><span class=\"selected\">Die Pitti 24 Seven Kapseln von Moka Efti wurden speziell f\u00fcr Liebhaber eines intensiven und cremigen Espressos in der Schweiz entwickelt. Diese Kapseln sind mit Lavazza Espresso Point\u00ae Maschinen kompatibel und bieten eine harmonische Mischung aus 80 % Arabica- und 20 % Robusta-Bohnen. Die dunkle R\u00f6stung dieser Mischung betont ihre intensiven Aromen und garantiert einen vollmundigen Geschmack, der an den klassischen Espresso italienischer Bars erinnert.  <\/span><\/p>\n<p><span class=\"selected\">Die sorgf\u00e4ltig ausgew\u00e4hlten Bohnen stammen aus renommierten Kaffeeanbaugebieten wie Mexiko, Brasilien, \u00c4thiopien, Indien, Uganda und Indonesien. Jede Kapsel enth\u00e4lt 7 Gramm dieser exquisiten Mischung, die ideale Menge f\u00fcr die Zubereitung eines intensiven und aromatischen Espressos. <\/span><\/p>\n<p><span class=\"selected\">Die Packung mit 100 Kapseln ist perfekt f\u00fcr den h\u00e4ufigen Gebrauch und f\u00fcr das B\u00fcro. Die einfache Handhabung und die Kompatibilit\u00e4t mit den Lavazza Espresso Point\u00ae Maschinen gew\u00e4hrleisten eine schnelle und einfache Zubereitung ohne Kompromisse bei der Qualit\u00e4t. <\/span><\/p>\n<p><span class=\"selected\">F\u00fcr Kaffeekenner in der Schweiz, die Qualit\u00e4t und Authentizit\u00e4t sch\u00e4tzen, bieten die Pitti 24 Seven Kapseln von Moka Efti ein unvergleichliches Geschmackserlebnis, das die Tradition des italienischen Espressos mit der Praktikabilit\u00e4t moderner Kapselsysteme verbindet.<\/span><\/p>\n<p><strong>FORMAT<\/strong>: FAP Espresso Point<br \/>\n<strong>ZUSAMMENSETZUNG<\/strong>: 80% Arabica 20% Robusta<br \/>\n<strong>HERKUNFT: <\/strong>Mexico, Brasilien, Ethiopien, Indien, Uganda, Indonesien<br \/>\n<strong>R\u00d6STEN<\/strong>: Dunkel<br \/>\n<strong>BESCHREIBUNG: <\/strong>1 Kapsel von 7 gr. Kaffee<br \/>\n<strong>VERPACKUNG:<\/strong> 100 Kapseln<\/p>\n<p>&nbsp;<\/p>\n","protected":false},"featured_media":3098,"comment_status":"closed","ping_status":"closed","template":"","meta":{"_acf_changed":false,"_eb_attr":"","inline_featured_image":false},"product_brand":[],"product_cat":[428,407],"product_tag":[409,432,410],"class_list":{"0":"post-21227","1":"product","2":"type-product","3":"status-publish","4":"has-post-thumbnail","6":"product_cat-kapseln","7":"product_cat-mischung","8":"product_tag-espresso-mahlung","9":"product_tag-fap","10":"product_tag-ristretto-mahlung","12":"first","13":"instock","14":"shipping-taxable","15":"purchasable","16":"product-type-simple"},"acf":[],"aioseo_notices":[],"_links":{"self":[{"href":"https:\/\/mokaefti.ch\/de\/wp-json\/wp\/v2\/product\/21227","targetHints":{"allow":["GET"]}}],"collection":[{"href":"https:\/\/mokaefti.ch\/de\/wp-json\/wp\/v2\/product"}],"about":[{"href":"https:\/\/mokaefti.ch\/de\/wp-json\/wp\/v2\/types\/product"}],"replies":[{"embeddable":true,"href":"https:\/\/mokaefti.ch\/de\/wp-json\/wp\/v2\/comments?post=21227"}],"version-history":[{"count":0,"href":"https:\/\/mokaefti.ch\/de\/wp-json\/wp\/v2\/product\/21227\/revisions"}],"wp:featuredmedia":[{"embeddable":true,"href":"https:\/\/mokaefti.ch\/de\/wp-json\/wp\/v2\/media\/3098"}],"wp:attachment":[{"href":"https:\/\/mokaefti.ch\/de\/wp-json\/wp\/v2\/media?parent=21227"}],"wp:term":[{"taxonomy":"product_brand","embeddable":true,"href":"https:\/\/mokaefti.ch\/de\/wp-json\/wp\/v2\/product_brand?post=21227"},{"taxonomy":"product_cat","embeddable":true,"href":"https:\/\/mokaefti.ch\/de\/wp-json\/wp\/v2\/product_cat?post=21227"},{"taxonomy":"product_tag","embeddable":true,"href":"https:\/\/mokaefti.ch\/de\/wp-json\/wp\/v2\/product_tag?post=21227"}],"curies":[{"name":"wp","href":"https:\/\/api.w.org\/{rel}","templated":true}]}}