{"id":21252,"date":"2022-09-29T11:07:05","date_gmt":"2022-09-29T09:07:05","guid":{"rendered":"https:\/\/mokaefti.ch\/negozio-online\/parainema-melado-250-gr\/"},"modified":"2025-11-13T13:27:32","modified_gmt":"2025-11-13T12:27:32","slug":"parainema-melado-250-gr","status":"publish","type":"product","link":"https:\/\/mokaefti.ch\/de\/online-kaufen\/parainema-melado-250-gr\/","title":{"rendered":"PARAINEMA MELADO 250G"},"content":{"rendered":"","protected":false},"excerpt":{"rendered":"<p>Diese ausgewogene S\u00e4ure, welche eine komplexe Geschmacksvielfalt S\u00fcss und ausgewogen.<\/p>\n<p>Diese Methode ist sehr beliebt f\u00fcr die Ausgewogenheit und S\u00fcsse, die den Geschmack in der Tasse verleiht. Die Verarbeitung mit diesem System ist komplizierter al bei der nat\u00fcrlichen Verarbeitung. Da der Pergamentkaffee beim Waschen mit dem ganzen oder einem grossen Teil des Schleims eine sehr klebrige Substanz ist. Infolgedessen kleben die Kaffeebohnen oft miteinander. Die Gefahr von Schimmelbildung erh\u00f6ht, wenn nicht die richtige und konstante Bel\u00fcftung und Handhabung erfolgt. Aus diesem Grund erfolgt die Trocknung in Hochbetten.<\/p>\n","protected":false},"featured_media":20190,"comment_status":"closed","ping_status":"closed","template":"","meta":{"_acf_changed":false,"_eb_attr":"","inline_featured_image":false},"product_brand":[],"product_cat":[388,389,387,390],"product_tag":[391,392,423,393],"class_list":{"0":"post-21252","1":"product","2":"type-product","3":"status-publish","4":"has-post-thumbnail","6":"product_cat-bohnen","7":"product_cat-microlot-de","8":"product_cat-moka-efti-selection-de","9":"product_cat-parainema-de","10":"product_tag-arabica","11":"product_tag-filtermahlung","12":"product_tag-moka-mahlgrad","13":"product_tag-parainema","15":"first","16":"instock","17":"shipping-taxable","18":"purchasable","19":"product-type-variable"},"acf":[],"aioseo_notices":[],"_links":{"self":[{"href":"https:\/\/mokaefti.ch\/de\/wp-json\/wp\/v2\/product\/21252","targetHints":{"allow":["GET"]}}],"collection":[{"href":"https:\/\/mokaefti.ch\/de\/wp-json\/wp\/v2\/product"}],"about":[{"href":"https:\/\/mokaefti.ch\/de\/wp-json\/wp\/v2\/types\/product"}],"replies":[{"embeddable":true,"href":"https:\/\/mokaefti.ch\/de\/wp-json\/wp\/v2\/comments?post=21252"}],"version-history":[{"count":0,"href":"https:\/\/mokaefti.ch\/de\/wp-json\/wp\/v2\/product\/21252\/revisions"}],"wp:featuredmedia":[{"embeddable":true,"href":"https:\/\/mokaefti.ch\/de\/wp-json\/wp\/v2\/media\/20190"}],"wp:attachment":[{"href":"https:\/\/mokaefti.ch\/de\/wp-json\/wp\/v2\/media?parent=21252"}],"wp:term":[{"taxonomy":"product_brand","embeddable":true,"href":"https:\/\/mokaefti.ch\/de\/wp-json\/wp\/v2\/product_brand?post=21252"},{"taxonomy":"product_cat","embeddable":true,"href":"https:\/\/mokaefti.ch\/de\/wp-json\/wp\/v2\/product_cat?post=21252"},{"taxonomy":"product_tag","embeddable":true,"href":"https:\/\/mokaefti.ch\/de\/wp-json\/wp\/v2\/product_tag?post=21252"}],"curies":[{"name":"wp","href":"https:\/\/api.w.org\/{rel}","templated":true}]}}