{"id":21258,"date":"2022-09-24T17:58:44","date_gmt":"2022-09-24T15:58:44","guid":{"rendered":"https:\/\/mokaefti.ch\/negozio-online\/speciality-coffee-arabica-100-bohnen-500-g\/"},"modified":"2025-11-13T13:30:54","modified_gmt":"2025-11-13T12:30:54","slug":"speciality-coffee-arabica-100-bohnen-500-g","status":"publish","type":"product","link":"https:\/\/mokaefti.ch\/de\/online-kaufen\/speciality-coffee-arabica-100-bohnen-500-g\/","title":{"rendered":"SPECIALITY COFFEE ARABICA 100% BOHNEN 500G"},"content":{"rendered":"","protected":false},"excerpt":{"rendered":"<p><span class=\"selected\">Der Speciality Coffee von Moka Efti bietet einen au\u00dfergew\u00f6hnlichen Geschmack, der ihn perfekt f\u00fcr jeden Moment des Tages macht. Diese Mischung ist das Ergebnis einer sorgf\u00e4ltigen Auswahl der besten Kaffees der Welt und garantiert ein einzigartiges und raffiniertes Erlebnis. <\/span><\/p>\n<p><span class=\"selected\">Der Speciality Coffee Moka Efti besteht zu 100 % aus Arabica-Bohnen und ist in speziellen Beuteln mit Aromaschutzventil verpackt, um die Frische und die aromatische Intensit\u00e4t lange zu bewahren.<\/span><\/p>\n<p><span class=\"selected\">Eine Exzellenz, die die High-End-Produkte der Marke Moka Efti erg\u00e4nzt und f\u00fcr wahre Kaffeeliebhaber und Kenner gedacht ist, die einen authentischen und raffinierten Geschmack suchen. Dank dieser hochwertigen Produkte ist Moka Efti als eine der wichtigsten und besten R\u00f6stereien der Schweiz anerkannt. <\/span><\/p>\n<p><strong>ZUSAMMENSETZUNG<\/strong>:<br \/>\nBrazil Santos Arabica Sul de Minas Ny2 Fine Cup<br \/>\nWashed Arabica Ethiopia<br \/>\nColombia Coffee Excelso<\/p>\n","protected":false},"featured_media":20194,"comment_status":"closed","ping_status":"closed","template":"","meta":{"_acf_changed":false,"_eb_attr":"","inline_featured_image":false},"product_brand":[],"product_cat":[388,387,435],"product_tag":[391,409,392],"class_list":{"0":"post-21258","1":"product","2":"type-product","3":"status-publish","4":"has-post-thumbnail","6":"product_cat-bohnen","7":"product_cat-moka-efti-selection-de","8":"product_cat-speciality-de","9":"product_tag-arabica","10":"product_tag-espresso-mahlung","11":"product_tag-filtermahlung","13":"first","14":"instock","15":"shipping-taxable","16":"purchasable","17":"product-type-simple"},"acf":[],"aioseo_notices":[],"_links":{"self":[{"href":"https:\/\/mokaefti.ch\/de\/wp-json\/wp\/v2\/product\/21258","targetHints":{"allow":["GET"]}}],"collection":[{"href":"https:\/\/mokaefti.ch\/de\/wp-json\/wp\/v2\/product"}],"about":[{"href":"https:\/\/mokaefti.ch\/de\/wp-json\/wp\/v2\/types\/product"}],"replies":[{"embeddable":true,"href":"https:\/\/mokaefti.ch\/de\/wp-json\/wp\/v2\/comments?post=21258"}],"version-history":[{"count":0,"href":"https:\/\/mokaefti.ch\/de\/wp-json\/wp\/v2\/product\/21258\/revisions"}],"wp:featuredmedia":[{"embeddable":true,"href":"https:\/\/mokaefti.ch\/de\/wp-json\/wp\/v2\/media\/20194"}],"wp:attachment":[{"href":"https:\/\/mokaefti.ch\/de\/wp-json\/wp\/v2\/media?parent=21258"}],"wp:term":[{"taxonomy":"product_brand","embeddable":true,"href":"https:\/\/mokaefti.ch\/de\/wp-json\/wp\/v2\/product_brand?post=21258"},{"taxonomy":"product_cat","embeddable":true,"href":"https:\/\/mokaefti.ch\/de\/wp-json\/wp\/v2\/product_cat?post=21258"},{"taxonomy":"product_tag","embeddable":true,"href":"https:\/\/mokaefti.ch\/de\/wp-json\/wp\/v2\/product_tag?post=21258"}],"curies":[{"name":"wp","href":"https:\/\/api.w.org\/{rel}","templated":true}]}}