{"id":21261,"date":"2022-09-09T13:07:09","date_gmt":"2022-09-09T11:07:09","guid":{"rendered":"https:\/\/mokaefti.ch\/negozio-online\/koffeinfrei-aluminiumkapseln-pittissima-espresso\/"},"modified":"2025-11-14T11:43:52","modified_gmt":"2025-11-14T10:43:52","slug":"koffeinfrei-aluminiumkapseln-pittissima-espresso","status":"publish","type":"product","link":"https:\/\/mokaefti.ch\/de\/online-kaufen\/koffeinfrei-aluminiumkapseln-pittissima-espresso\/","title":{"rendered":"KOFFEINFREIE PITTISSIMA ESPRESSO ALUMINIUM KAPSELN"},"content":{"rendered":"<p><span class=\"selected\">Die Mischung der Espresso Decaf-Kapseln der Pittissima-Linie besteht zu 80 % aus edlen Arabica-Bohnen und zu 20 % aus Robusta-Bohnen, die aus renommierten Anbauregionen wie Brasilien, \u00c4thiopien, Indonesien, Uganda und Indien stammen. Dank dieser sorgf\u00e4ltigen Auswahl und einer dunklen R\u00f6stung entfaltet dieser entkoffeinierte Kaffee ein reiches und intensives Aroma und bietet ein vollmundiges Geschmackserlebnis. <\/span><\/p>\n<p><span class=\"selected\">Jede Kapsel enth\u00e4lt 5,5 Gramm Kaffee, die ideale Dosis f\u00fcr einen cremigen Espresso mit ausgewogenem Geschmack. Die Aluminiumkapseln bewahren die organoleptischen Eigenschaften der Mischung optimal und garantieren Frische und Intensit\u00e4t in jeder Tasse. <\/span><\/p>\n<p><span class=\"selected\">Verpackt in praktischen 10er-Packungen sind diese mit Nespresso\u00ae-Maschinen kompatiblen Kapseln die ideale L\u00f6sung, um jederzeit einen ausgezeichneten entkoffeinierten Kaffee zu genie\u00dfen, ohne auf den Genuss eines vollmundigen und aromatischen Espressos verzichten zu m\u00fcssen. Die Pittissima-Kapseln sind perfekt f\u00fcr alle, die sich einen Moment der Entspannung mit einem hochwertigen Kaffee g\u00f6nnen m\u00f6chten, und bieten mit jedem Schluck ein einzigartiges Geschmackserlebnis. <\/span><\/p>\n","protected":false},"excerpt":{"rendered":"<p>Entdecken Sie die Pittissima Decaf-Aluminiumkapseln von Pitti Caff\u00e8, kreiert von Moka Efti und perfekt kompatibel mit Nespresso\u00ae-Kaffeemaschinen. Diese erlesene Mischung aus entkoffeiniertem Kaffee wurde ausgew\u00e4hlt, um Ihnen den authentischen Genuss eines exzellenten Espressos zu bieten, ideal f\u00fcr jeden Moment des Tages und ohne Koffein. Die Aluminiumh\u00fclle bewahrt das Aroma und den reichen Geschmack der Mischung und garantiert eine h\u00f6here Qualit\u00e4t in jeder Tasse. Die Kapseln werden in praktischen 10er-Packungen verkauft, perfekt f\u00fcr Ihren unbegrenzten Genussvorrat.<\/p>\n<p><strong>HERKUNFT<\/strong>: Brasilien, \u00c4thiopien, Tansania, Indien und Guatemala.<br \/>\n<strong>R\u00d6STEN<\/strong>: Dunkel<br \/>\n<strong>FORMAT<\/strong>: <strong>NESPRESSO\u00ae<br \/>\n<\/strong><strong>ZUSAMMENSETZUNG<\/strong>: 80% Arabica 20% Robusta<br \/>\n<strong>BESCHREIBUNG: <\/strong>1 Kapsel von 5,5 gr. Kaffee<br \/>\n<strong>VERPACKUNG<\/strong>: 10 Kapseln<\/p>\n","protected":false},"featured_media":1658,"comment_status":"closed","ping_status":"closed","template":"","meta":{"_acf_changed":false,"_eb_attr":"","inline_featured_image":false},"product_brand":[],"product_cat":[428,407],"product_tag":[438,409,429],"class_list":{"0":"post-21261","1":"product","2":"type-product","3":"status-publish","4":"has-post-thumbnail","6":"product_cat-kapseln","7":"product_cat-mischung","8":"product_tag-entkoff","9":"product_tag-espresso-mahlung","10":"product_tag-pittissima","12":"first","13":"instock","14":"shipping-taxable","15":"purchasable","16":"product-type-simple"},"acf":[],"aioseo_notices":[],"_links":{"self":[{"href":"https:\/\/mokaefti.ch\/de\/wp-json\/wp\/v2\/product\/21261","targetHints":{"allow":["GET"]}}],"collection":[{"href":"https:\/\/mokaefti.ch\/de\/wp-json\/wp\/v2\/product"}],"about":[{"href":"https:\/\/mokaefti.ch\/de\/wp-json\/wp\/v2\/types\/product"}],"replies":[{"embeddable":true,"href":"https:\/\/mokaefti.ch\/de\/wp-json\/wp\/v2\/comments?post=21261"}],"version-history":[{"count":0,"href":"https:\/\/mokaefti.ch\/de\/wp-json\/wp\/v2\/product\/21261\/revisions"}],"wp:featuredmedia":[{"embeddable":true,"href":"https:\/\/mokaefti.ch\/de\/wp-json\/wp\/v2\/media\/1658"}],"wp:attachment":[{"href":"https:\/\/mokaefti.ch\/de\/wp-json\/wp\/v2\/media?parent=21261"}],"wp:term":[{"taxonomy":"product_brand","embeddable":true,"href":"https:\/\/mokaefti.ch\/de\/wp-json\/wp\/v2\/product_brand?post=21261"},{"taxonomy":"product_cat","embeddable":true,"href":"https:\/\/mokaefti.ch\/de\/wp-json\/wp\/v2\/product_cat?post=21261"},{"taxonomy":"product_tag","embeddable":true,"href":"https:\/\/mokaefti.ch\/de\/wp-json\/wp\/v2\/product_tag?post=21261"}],"curies":[{"name":"wp","href":"https:\/\/api.w.org\/{rel}","templated":true}]}}