{"id":21264,"date":"2022-09-09T13:04:56","date_gmt":"2022-09-09T11:04:56","guid":{"rendered":"https:\/\/mokaefti.ch\/negozio-online\/moka-efti-ginseng-kompatible-kapseln\/"},"modified":"2025-09-23T14:09:43","modified_gmt":"2025-09-23T12:09:43","slug":"moka-efti-ginseng-kompatible-kapseln","status":"publish","type":"product","link":"https:\/\/mokaefti.ch\/de\/online-kaufen\/moka-efti-ginseng-kompatible-kapseln\/","title":{"rendered":"MOKA EFTI GINSENG-KOMPATIBLE KAPSELN"},"content":{"rendered":"","protected":false},"excerpt":{"rendered":"<p>G\u00f6nnen Sie sich eine Auszeit puren Wohlbefindens mit den Ginseng-Kapseln von Moka Efti, die mit den Lavazza Espresso Point Kaffeemaschinen kompatibel sind. Dieses Getr\u00e4nk ist die ideale Alternative zum traditionellen Kaffee und vereint die energetisierenden und revitalisierenden Eigenschaften von Ginseng mit der umh\u00fcllenden Cremigkeit eines Espressos. Perfekt f\u00fcr alle, die einen nat\u00fcrlichen und koffeinfreien Energieschub suchen. Jede Einzeldosis-Kapsel enth\u00e4lt eine hochwertige Zubereitung mit einem einzigartigen und unverwechselbaren Geschmack. Verwandeln Sie jede Pause in einen gesunden und geschmackvollen Moment.   <\/p>\n","protected":false},"featured_media":1655,"comment_status":"closed","ping_status":"closed","template":"","meta":{"_acf_changed":false,"_eb_attr":"","inline_featured_image":false},"product_brand":[],"product_cat":[401],"product_tag":[],"class_list":{"0":"post-21264","1":"product","2":"type-product","3":"status-publish","4":"has-post-thumbnail","6":"product_cat-weitere-produkte","8":"first","9":"instock","10":"shipping-taxable","11":"purchasable","12":"product-type-simple"},"acf":[],"aioseo_notices":[],"_links":{"self":[{"href":"https:\/\/mokaefti.ch\/de\/wp-json\/wp\/v2\/product\/21264","targetHints":{"allow":["GET"]}}],"collection":[{"href":"https:\/\/mokaefti.ch\/de\/wp-json\/wp\/v2\/product"}],"about":[{"href":"https:\/\/mokaefti.ch\/de\/wp-json\/wp\/v2\/types\/product"}],"replies":[{"embeddable":true,"href":"https:\/\/mokaefti.ch\/de\/wp-json\/wp\/v2\/comments?post=21264"}],"version-history":[{"count":0,"href":"https:\/\/mokaefti.ch\/de\/wp-json\/wp\/v2\/product\/21264\/revisions"}],"wp:featuredmedia":[{"embeddable":true,"href":"https:\/\/mokaefti.ch\/de\/wp-json\/wp\/v2\/media\/1655"}],"wp:attachment":[{"href":"https:\/\/mokaefti.ch\/de\/wp-json\/wp\/v2\/media?parent=21264"}],"wp:term":[{"taxonomy":"product_brand","embeddable":true,"href":"https:\/\/mokaefti.ch\/de\/wp-json\/wp\/v2\/product_brand?post=21264"},{"taxonomy":"product_cat","embeddable":true,"href":"https:\/\/mokaefti.ch\/de\/wp-json\/wp\/v2\/product_cat?post=21264"},{"taxonomy":"product_tag","embeddable":true,"href":"https:\/\/mokaefti.ch\/de\/wp-json\/wp\/v2\/product_tag?post=21264"}],"curies":[{"name":"wp","href":"https:\/\/api.w.org\/{rel}","templated":true}]}}