{"id":21267,"date":"2022-09-09T12:59:51","date_gmt":"2022-09-09T10:59:51","guid":{"rendered":"https:\/\/mokaefti.ch\/negozio-online\/100-kompostierbare-kapseln-pittissima-espresso-arabica\/"},"modified":"2025-11-13T16:39:41","modified_gmt":"2025-11-13T15:39:41","slug":"100-kompostierbare-kapseln-pittissima-espresso-arabica","status":"publish","type":"product","link":"https:\/\/mokaefti.ch\/de\/online-kaufen\/100-kompostierbare-kapseln-pittissima-espresso-arabica\/","title":{"rendered":"100% KOMPOSTIERBARE KAPSELN PITTISSIMA ESPRESSO ARABICA"},"content":{"rendered":"","protected":false},"excerpt":{"rendered":"<p>Genie\u00dfen Sie den Genuss eines au\u00dfergew\u00f6hnlichen Kaffees im vollen Respekt f\u00fcr die Umwelt mit den kompostierbaren Pittissima Espresso Arabica 100 % Kapseln von Moka Efti, die mit dem Nespresso\u00ae-System kompatibel sind. Diese edle 100 % Arabica-Mischung w\u00e4hlt die besten Bohnen aus Brasilien, Kolumbien, \u00c4thiopien und Guatemala aus, um Ihnen ein erstklassiges Geschmackserlebnis zu bieten. Die mittlere R\u00f6stung gleicht die aromatischen Noten jeder Herkunft perfekt aus und schafft einen Espresso mit vollem K\u00f6rper, harmonisch und reich an Nuancen. Diese Kapseln werden vollst\u00e4ndig aus biologisch abbaubaren Materialien hergestellt und sind die nachhaltige Wahl f\u00fcr alle, die Kaffee und Natur lieben. Jede Kapsel enth\u00e4lt die perfekte Dosis von 5,5 Gramm gemahlenem Kaffee f\u00fcr eine authentische Moka Efti-Qualit\u00e4t, die intensiven Geschmack und \u00f6kologische Verantwortung vereint.<\/p>\n<p><strong>ZUSAMMENSETZUNG: <\/strong>Arabica 100%<strong><br \/>\n<\/strong><strong>HERKUNFT: <\/strong>Brasilien, Kolumbien, \u00c4thiopien, Guatemala<br \/>\n<strong>R\u00d6STEN: <\/strong>Mittel<br \/>\n<strong>BESCHREIBUNG<\/strong>: 1 Kapsel von 5.5 gr. Kaffee<br \/>\n<strong>VERPACKUNG<\/strong>: 10 Kapseln<\/p>\n","protected":false},"featured_media":1643,"comment_status":"closed","ping_status":"closed","template":"","meta":{"_acf_changed":false,"_eb_attr":"","inline_featured_image":false},"product_brand":[],"product_cat":[428,441,407],"product_tag":[391,409,429,410],"class_list":{"0":"post-21267","1":"product","2":"type-product","3":"status-publish","4":"has-post-thumbnail","6":"product_cat-kapseln","7":"product_cat-kompostierbar","8":"product_cat-mischung","9":"product_tag-arabica","10":"product_tag-espresso-mahlung","11":"product_tag-pittissima","12":"product_tag-ristretto-mahlung","14":"first","15":"instock","16":"shipping-taxable","17":"purchasable","18":"product-type-simple"},"acf":[],"aioseo_notices":[],"_links":{"self":[{"href":"https:\/\/mokaefti.ch\/de\/wp-json\/wp\/v2\/product\/21267","targetHints":{"allow":["GET"]}}],"collection":[{"href":"https:\/\/mokaefti.ch\/de\/wp-json\/wp\/v2\/product"}],"about":[{"href":"https:\/\/mokaefti.ch\/de\/wp-json\/wp\/v2\/types\/product"}],"replies":[{"embeddable":true,"href":"https:\/\/mokaefti.ch\/de\/wp-json\/wp\/v2\/comments?post=21267"}],"version-history":[{"count":0,"href":"https:\/\/mokaefti.ch\/de\/wp-json\/wp\/v2\/product\/21267\/revisions"}],"wp:featuredmedia":[{"embeddable":true,"href":"https:\/\/mokaefti.ch\/de\/wp-json\/wp\/v2\/media\/1643"}],"wp:attachment":[{"href":"https:\/\/mokaefti.ch\/de\/wp-json\/wp\/v2\/media?parent=21267"}],"wp:term":[{"taxonomy":"product_brand","embeddable":true,"href":"https:\/\/mokaefti.ch\/de\/wp-json\/wp\/v2\/product_brand?post=21267"},{"taxonomy":"product_cat","embeddable":true,"href":"https:\/\/mokaefti.ch\/de\/wp-json\/wp\/v2\/product_cat?post=21267"},{"taxonomy":"product_tag","embeddable":true,"href":"https:\/\/mokaefti.ch\/de\/wp-json\/wp\/v2\/product_tag?post=21267"}],"curies":[{"name":"wp","href":"https:\/\/api.w.org\/{rel}","templated":true}]}}