{"id":21270,"date":"2022-09-09T12:57:39","date_gmt":"2022-09-09T10:57:39","guid":{"rendered":"https:\/\/mokaefti.ch\/negozio-online\/100-kompostierbare-kapseln-pittissima-espresso-armonia\/"},"modified":"2025-11-13T16:40:32","modified_gmt":"2025-11-13T15:40:32","slug":"100-kompostierbare-kapseln-pittissima-espresso-armonia","status":"publish","type":"product","link":"https:\/\/mokaefti.ch\/de\/online-kaufen\/100-kompostierbare-kapseln-pittissima-espresso-armonia\/","title":{"rendered":"100% KOMPOSTIERBARE KAPSELN PITTISSIMA ESPRESSO ARMONIA"},"content":{"rendered":"","protected":false},"excerpt":{"rendered":"<p>Entdecken Sie die perfekte Balance zwischen Geschmack und Nachhaltigkeit mit den kompostierbaren Pittissima Espresso Armonia Kapseln von Moka Efti, entwickelt f\u00fcr das Nespresso\u00ae-System. Der Name Armonia spiegelt die Essenz dieser Mischung wider: eine gekonnt ausgewogene Mischung aus 80 % Arabica und 20 % Robusta, gewonnen aus einer Auswahl erlesener Urspr\u00fcnge. Die mittlere R\u00f6stung betont den vollen K\u00f6rper und die aromatischen Noten jeder Bohne und schafft so einen au\u00dfergew\u00f6hnlich ausgewogenen und cremigen Espresso. Diese Kapseln werden aus vollst\u00e4ndig biologisch abbaubaren Materialien hergestellt und sind die ideale Wahl f\u00fcr Kaffeeliebhaber in der Schweiz, die weder auf einen hervorragenden Geschmack noch auf den Respekt vor der Umwelt verzichten m\u00f6chten. Jede 5,5-Gramm-Kapsel birgt ein intensives und verantwortungsvolles Geschmackserlebnis.<\/p>\n<p><strong>ARMONIA<br \/>\n<\/strong><strong>ZUSAMMENSETZUNG: <\/strong>80% Arabica 20% Robusta<br \/>\n<strong>HERKUNFT: Kolumbien, Brasilien, \u00c4thiopien, Tansania, Indien, Guatemala <strong>;<br \/>\n<\/strong><strong>R\u00d6STEN: <\/strong>Mittel<\/strong><br \/>\n<strong>BESCHREIBUNG<\/strong>: 1 Kapsel von 5.5 gr. Kaffee<br \/>\n<strong>VERPACKUNG<\/strong>: 10 Kapseln<\/p>\n","protected":false},"featured_media":1637,"comment_status":"closed","ping_status":"closed","template":"","meta":{"_acf_changed":false,"_eb_attr":"","inline_featured_image":false},"product_brand":[],"product_cat":[428,441,407],"product_tag":[409,429,410],"class_list":{"0":"post-21270","1":"product","2":"type-product","3":"status-publish","4":"has-post-thumbnail","6":"product_cat-kapseln","7":"product_cat-kompostierbar","8":"product_cat-mischung","9":"product_tag-espresso-mahlung","10":"product_tag-pittissima","11":"product_tag-ristretto-mahlung","13":"first","14":"instock","15":"shipping-taxable","16":"purchasable","17":"product-type-simple"},"acf":[],"aioseo_notices":[],"_links":{"self":[{"href":"https:\/\/mokaefti.ch\/de\/wp-json\/wp\/v2\/product\/21270","targetHints":{"allow":["GET"]}}],"collection":[{"href":"https:\/\/mokaefti.ch\/de\/wp-json\/wp\/v2\/product"}],"about":[{"href":"https:\/\/mokaefti.ch\/de\/wp-json\/wp\/v2\/types\/product"}],"replies":[{"embeddable":true,"href":"https:\/\/mokaefti.ch\/de\/wp-json\/wp\/v2\/comments?post=21270"}],"version-history":[{"count":0,"href":"https:\/\/mokaefti.ch\/de\/wp-json\/wp\/v2\/product\/21270\/revisions"}],"wp:featuredmedia":[{"embeddable":true,"href":"https:\/\/mokaefti.ch\/de\/wp-json\/wp\/v2\/media\/1637"}],"wp:attachment":[{"href":"https:\/\/mokaefti.ch\/de\/wp-json\/wp\/v2\/media?parent=21270"}],"wp:term":[{"taxonomy":"product_brand","embeddable":true,"href":"https:\/\/mokaefti.ch\/de\/wp-json\/wp\/v2\/product_brand?post=21270"},{"taxonomy":"product_cat","embeddable":true,"href":"https:\/\/mokaefti.ch\/de\/wp-json\/wp\/v2\/product_cat?post=21270"},{"taxonomy":"product_tag","embeddable":true,"href":"https:\/\/mokaefti.ch\/de\/wp-json\/wp\/v2\/product_tag?post=21270"}],"curies":[{"name":"wp","href":"https:\/\/api.w.org\/{rel}","templated":true}]}}