{"id":21279,"date":"2022-09-09T12:54:06","date_gmt":"2022-09-09T10:54:06","guid":{"rendered":"https:\/\/mokaefti.ch\/negozio-online\/entkoffeinierte-kaffeekapseln\/"},"modified":"2025-11-14T10:54:24","modified_gmt":"2025-11-14T09:54:24","slug":"entkoffeinierte-kaffeekapseln","status":"publish","type":"product","link":"https:\/\/mokaefti.ch\/de\/online-kaufen\/entkoffeinierte-kaffeekapseln\/","title":{"rendered":"KOFFEINFREIE KAFFEEKAPSELN"},"content":{"rendered":"","protected":false},"excerpt":{"rendered":"<p><span class=\"selected\">Ein Kaffee, der den Mischungen mit Koffein in nichts nachsteht: Unser entkoffeinierter Moka Efti beh\u00e4lt einen intensiven und blumigen Geschmack. Wir fordern dich heraus, den Unterschied zu einem klassischen Espresso zu finden! <\/span><\/p>\n<p><span class=\"selected\">Die FAP Espresso Point Kapseln wurden entwickelt, um einen qualitativ hochwertigen, praktischen und authentischen Kaffee zu gew\u00e4hrleisten. Die Mischung, die zu 80 % aus Arabica und zu 20 % aus Robusta besteht, stammt aus einigen der besten Kaffeeanbauregionen: Brasilien, \u00c4thiopien, Tansania, Indien und Guatemala. <\/span><\/p>\n<p><span class=\"selected\">Dank der mittleren R\u00f6stung entfaltet der entkoffeinierte Moka Efti ein ausgewogenes und raffiniertes Aroma und bietet ein vollmundiges und einnehmendes Geschmackserlebnis. Jede Kapsel enth\u00e4lt 7 Gramm Kaffee, die ideale Dosis f\u00fcr einen intensiven Espresso mit authentischem Geschmack. <\/span><\/p>\n<p><span class=\"selected\">Die Packung mit 100 Kapseln ist perfekt f\u00fcr alle, die sich einen guten Vorrat an entkoffeiniertem Kaffee w\u00fcnschen, ohne auf Qualit\u00e4t und Komfort zu verzichten.<\/span><\/p>\n<p><strong>FORMAT<\/strong>: FAP Espresso Point<br \/>\n<strong>ZUSAMMENSETZUNG<\/strong>: 80% Arabica 20% Robusta<br \/>\n<strong>HERKUNFT:<\/strong> Brasilien, \u00c4thiopien, Tansania, Indien und Guatemala.<br \/>\n<strong>R\u00d6STEN: <\/strong>Mittel<br \/>\n<strong>BESCHREIBUNG: <\/strong>1 Kapsel von 7 gr. Kaffee<br \/>\n<strong>VERPACKUNG:<\/strong> 100 Kapseln<\/p>\n","protected":false},"featured_media":1628,"comment_status":"closed","ping_status":"closed","template":"","meta":{"_acf_changed":false,"_eb_attr":"","inline_featured_image":false},"product_brand":[],"product_cat":[428,407],"product_tag":[438,409,432],"class_list":{"0":"post-21279","1":"product","2":"type-product","3":"status-publish","4":"has-post-thumbnail","6":"product_cat-kapseln","7":"product_cat-mischung","8":"product_tag-entkoff","9":"product_tag-espresso-mahlung","10":"product_tag-fap","12":"first","13":"instock","14":"shipping-taxable","15":"purchasable","16":"product-type-simple"},"acf":[],"aioseo_notices":[],"_links":{"self":[{"href":"https:\/\/mokaefti.ch\/de\/wp-json\/wp\/v2\/product\/21279","targetHints":{"allow":["GET"]}}],"collection":[{"href":"https:\/\/mokaefti.ch\/de\/wp-json\/wp\/v2\/product"}],"about":[{"href":"https:\/\/mokaefti.ch\/de\/wp-json\/wp\/v2\/types\/product"}],"replies":[{"embeddable":true,"href":"https:\/\/mokaefti.ch\/de\/wp-json\/wp\/v2\/comments?post=21279"}],"version-history":[{"count":0,"href":"https:\/\/mokaefti.ch\/de\/wp-json\/wp\/v2\/product\/21279\/revisions"}],"wp:featuredmedia":[{"embeddable":true,"href":"https:\/\/mokaefti.ch\/de\/wp-json\/wp\/v2\/media\/1628"}],"wp:attachment":[{"href":"https:\/\/mokaefti.ch\/de\/wp-json\/wp\/v2\/media?parent=21279"}],"wp:term":[{"taxonomy":"product_brand","embeddable":true,"href":"https:\/\/mokaefti.ch\/de\/wp-json\/wp\/v2\/product_brand?post=21279"},{"taxonomy":"product_cat","embeddable":true,"href":"https:\/\/mokaefti.ch\/de\/wp-json\/wp\/v2\/product_cat?post=21279"},{"taxonomy":"product_tag","embeddable":true,"href":"https:\/\/mokaefti.ch\/de\/wp-json\/wp\/v2\/product_tag?post=21279"}],"curies":[{"name":"wp","href":"https:\/\/api.w.org\/{rel}","templated":true}]}}