{"id":21281,"date":"2022-09-09T12:50:49","date_gmt":"2022-09-09T10:50:49","guid":{"rendered":"https:\/\/mokaefti.ch\/negozio-online\/moka-efti-zuckerbeutelhalter\/"},"modified":"2025-09-23T14:09:31","modified_gmt":"2025-09-23T12:09:31","slug":"moka-efti-zuckerbeutelhalter","status":"publish","type":"product","link":"https:\/\/mokaefti.ch\/de\/online-kaufen\/moka-efti-zuckerbeutelhalter\/","title":{"rendered":"MOKA EFTI ZUCKERBEUTELHALTER"},"content":{"rendered":"","protected":false},"excerpt":{"rendered":"<p>Entdecken Sie unseren Zuckerbeutelhalter, das unverzichtbare Accessoire f\u00fcr Tische und Theken von Bars und trendigen Lokalen. Dieser Organizer wurde f\u00fcr alle entwickelt, die Funktionalit\u00e4t und Design verbinden m\u00f6chten. Er h\u00e4lt nicht nur die Zuckerbeutel ordentlich, sondern verleiht Ihrer Umgebung auch einen Hauch von Eleganz. Machen Sie das Erlebnis Ihrer Kunden noch angenehmer und gepflegter, indem Sie eine Liebe zum Detail vermitteln, die den Unterschied ausmacht. Hergestellt aus hochwertigen Materialien, ist er die perfekte L\u00f6sung, um Ihrem Service Stil und Professionalit\u00e4t zu verleihen.   <\/p>\n","protected":false},"featured_media":20696,"comment_status":"closed","ping_status":"closed","template":"","meta":{"_acf_changed":false,"_eb_attr":"","inline_featured_image":false},"product_brand":[],"product_cat":[416],"product_tag":[],"class_list":{"0":"post-21281","1":"product","2":"type-product","3":"status-publish","4":"has-post-thumbnail","6":"product_cat-merchandise-de","8":"first","9":"instock","10":"shipping-taxable","11":"purchasable","12":"product-type-simple"},"acf":[],"aioseo_notices":[],"_links":{"self":[{"href":"https:\/\/mokaefti.ch\/de\/wp-json\/wp\/v2\/product\/21281","targetHints":{"allow":["GET"]}}],"collection":[{"href":"https:\/\/mokaefti.ch\/de\/wp-json\/wp\/v2\/product"}],"about":[{"href":"https:\/\/mokaefti.ch\/de\/wp-json\/wp\/v2\/types\/product"}],"replies":[{"embeddable":true,"href":"https:\/\/mokaefti.ch\/de\/wp-json\/wp\/v2\/comments?post=21281"}],"version-history":[{"count":0,"href":"https:\/\/mokaefti.ch\/de\/wp-json\/wp\/v2\/product\/21281\/revisions"}],"wp:featuredmedia":[{"embeddable":true,"href":"https:\/\/mokaefti.ch\/de\/wp-json\/wp\/v2\/media\/20696"}],"wp:attachment":[{"href":"https:\/\/mokaefti.ch\/de\/wp-json\/wp\/v2\/media?parent=21281"}],"wp:term":[{"taxonomy":"product_brand","embeddable":true,"href":"https:\/\/mokaefti.ch\/de\/wp-json\/wp\/v2\/product_brand?post=21281"},{"taxonomy":"product_cat","embeddable":true,"href":"https:\/\/mokaefti.ch\/de\/wp-json\/wp\/v2\/product_cat?post=21281"},{"taxonomy":"product_tag","embeddable":true,"href":"https:\/\/mokaefti.ch\/de\/wp-json\/wp\/v2\/product_tag?post=21281"}],"curies":[{"name":"wp","href":"https:\/\/api.w.org\/{rel}","templated":true}]}}