{"id":21286,"date":"2022-09-09T12:47:53","date_gmt":"2022-09-09T10:47:53","guid":{"rendered":"https:\/\/mokaefti.ch\/negozio-online\/moka-efti-grosse-zuckertasse\/"},"modified":"2025-09-23T14:09:25","modified_gmt":"2025-09-23T12:09:25","slug":"moka-efti-grosse-zuckertasse","status":"publish","type":"product","link":"https:\/\/mokaefti.ch\/de\/online-kaufen\/moka-efti-grosse-zuckertasse\/","title":{"rendered":"MOKA EFTI GROSSE ZUCKERTASSE"},"content":{"rendered":"","protected":false},"excerpt":{"rendered":"<p>Die Zuckerdose von Moka Efti mit ihrem klaren und linearen Design ist das unverzichtbare Accessoire f\u00fcr Bars, Hotels und Restaurants, die auf Eleganz und hochwertigen Service setzen. Perfekt, um das Erlebnis eines Premium-Kaffees zu vervollst\u00e4ndigen, f\u00fcgt sich diese Dose harmonisch in die \u00fcbrigen Ausstattungsgegenst\u00e4nde f\u00fcr den <strong>HO.RE.CA.<\/strong>-Sektor ein und verbindet Funktionalit\u00e4t mit einer raffinierten \u00c4sthetik. Ideal f\u00fcr alle, die ihren Kunden nicht nur einen praktischen Gegenstand, sondern ein stilvolles Detail bieten m\u00f6chten, das das Ambiente und die Aufmerksamkeit f\u00fcr den Service unterstreicht.  <\/p>\n","protected":false},"featured_media":20716,"comment_status":"closed","ping_status":"closed","template":"","meta":{"_acf_changed":false,"_eb_attr":"","inline_featured_image":false},"product_brand":[],"product_cat":[416],"product_tag":[],"class_list":{"0":"post-21286","1":"product","2":"type-product","3":"status-publish","4":"has-post-thumbnail","6":"product_cat-merchandise-de","8":"first","9":"instock","10":"shipping-taxable","11":"purchasable","12":"product-type-simple"},"acf":[],"aioseo_notices":[],"_links":{"self":[{"href":"https:\/\/mokaefti.ch\/de\/wp-json\/wp\/v2\/product\/21286","targetHints":{"allow":["GET"]}}],"collection":[{"href":"https:\/\/mokaefti.ch\/de\/wp-json\/wp\/v2\/product"}],"about":[{"href":"https:\/\/mokaefti.ch\/de\/wp-json\/wp\/v2\/types\/product"}],"replies":[{"embeddable":true,"href":"https:\/\/mokaefti.ch\/de\/wp-json\/wp\/v2\/comments?post=21286"}],"version-history":[{"count":0,"href":"https:\/\/mokaefti.ch\/de\/wp-json\/wp\/v2\/product\/21286\/revisions"}],"wp:featuredmedia":[{"embeddable":true,"href":"https:\/\/mokaefti.ch\/de\/wp-json\/wp\/v2\/media\/20716"}],"wp:attachment":[{"href":"https:\/\/mokaefti.ch\/de\/wp-json\/wp\/v2\/media?parent=21286"}],"wp:term":[{"taxonomy":"product_brand","embeddable":true,"href":"https:\/\/mokaefti.ch\/de\/wp-json\/wp\/v2\/product_brand?post=21286"},{"taxonomy":"product_cat","embeddable":true,"href":"https:\/\/mokaefti.ch\/de\/wp-json\/wp\/v2\/product_cat?post=21286"},{"taxonomy":"product_tag","embeddable":true,"href":"https:\/\/mokaefti.ch\/de\/wp-json\/wp\/v2\/product_tag?post=21286"}],"curies":[{"name":"wp","href":"https:\/\/api.w.org\/{rel}","templated":true}]}}