{"id":21291,"date":"2022-09-09T12:46:49","date_gmt":"2022-09-09T10:46:49","guid":{"rendered":"https:\/\/mokaefti.ch\/negozio-online\/6er-set-cappuccino-tassen-mit-untertasse-moka-efti\/"},"modified":"2025-11-14T10:52:56","modified_gmt":"2025-11-14T09:52:56","slug":"6er-set-cappuccino-tassen-mit-untertasse-moka-efti","status":"publish","type":"product","link":"https:\/\/mokaefti.ch\/de\/online-kaufen\/6er-set-cappuccino-tassen-mit-untertasse-moka-efti\/","title":{"rendered":"6ER SET CAPPUCCINO TASSEN MIT UNTERTASSEN MOKA EFTI"},"content":{"rendered":"","protected":false},"excerpt":{"rendered":"<p><span class=\"selected\">Entdecken Sie das exklusive 6er-Set Cappuccino-Tassen von Moka Efti, komplett mit passenden Untertassen. Dieses Set ist perfekt f\u00fcr stilvolle Bars und elegante Familienfr\u00fchst\u00fccke und die ideale Wahl f\u00fcr alle, die ein erstklassiges Erlebnis bieten oder genie\u00dfen m\u00f6chten. Diese Tassen werden aus hochwertigen Materialien hergestellt und sind so konzipiert, dass sie die Cremigkeit und das Aroma eines perfekten Cappuccinos hervorheben und sowohl im professionellen Bereich als auch zu Hause einen tadellosen Stil und h\u00f6chste Qualit\u00e4t gew\u00e4hrleisten. <\/span><\/p>\n","protected":false},"featured_media":20704,"comment_status":"closed","ping_status":"closed","template":"","meta":{"_acf_changed":false,"_eb_attr":"","inline_featured_image":false},"product_brand":[],"product_cat":[416],"product_tag":[],"class_list":{"0":"post-21291","1":"product","2":"type-product","3":"status-publish","4":"has-post-thumbnail","6":"product_cat-merchandise-de","8":"first","9":"instock","10":"shipping-taxable","11":"purchasable","12":"product-type-simple"},"acf":[],"aioseo_notices":[],"_links":{"self":[{"href":"https:\/\/mokaefti.ch\/de\/wp-json\/wp\/v2\/product\/21291","targetHints":{"allow":["GET"]}}],"collection":[{"href":"https:\/\/mokaefti.ch\/de\/wp-json\/wp\/v2\/product"}],"about":[{"href":"https:\/\/mokaefti.ch\/de\/wp-json\/wp\/v2\/types\/product"}],"replies":[{"embeddable":true,"href":"https:\/\/mokaefti.ch\/de\/wp-json\/wp\/v2\/comments?post=21291"}],"version-history":[{"count":0,"href":"https:\/\/mokaefti.ch\/de\/wp-json\/wp\/v2\/product\/21291\/revisions"}],"wp:featuredmedia":[{"embeddable":true,"href":"https:\/\/mokaefti.ch\/de\/wp-json\/wp\/v2\/media\/20704"}],"wp:attachment":[{"href":"https:\/\/mokaefti.ch\/de\/wp-json\/wp\/v2\/media?parent=21291"}],"wp:term":[{"taxonomy":"product_brand","embeddable":true,"href":"https:\/\/mokaefti.ch\/de\/wp-json\/wp\/v2\/product_brand?post=21291"},{"taxonomy":"product_cat","embeddable":true,"href":"https:\/\/mokaefti.ch\/de\/wp-json\/wp\/v2\/product_cat?post=21291"},{"taxonomy":"product_tag","embeddable":true,"href":"https:\/\/mokaefti.ch\/de\/wp-json\/wp\/v2\/product_tag?post=21291"}],"curies":[{"name":"wp","href":"https:\/\/api.w.org\/{rel}","templated":true}]}}