{"id":21294,"date":"2022-09-09T10:47:13","date_gmt":"2022-09-09T08:47:13","guid":{"rendered":"https:\/\/mokaefti.ch\/negozio-online\/6-milchkaennchen-moka-efti\/"},"modified":"2025-09-23T14:09:24","modified_gmt":"2025-09-23T12:09:24","slug":"6-milchkaennchen-moka-efti","status":"publish","type":"product","link":"https:\/\/mokaefti.ch\/de\/online-kaufen\/6-milchkaennchen-moka-efti\/","title":{"rendered":"6 MILCHK\u00c4NNCHEN MOKA EFTI"},"content":{"rendered":"","protected":false},"excerpt":{"rendered":"<p>Service mit 6 Milchk\u00e4nnchen f\u00fcr kalten Milchkaffee mit passenden Untertassen von Moka Efti.<\/p>\n<p>&nbsp;<\/p>\n","protected":false},"featured_media":20708,"comment_status":"closed","ping_status":"closed","template":"","meta":{"_acf_changed":false,"_eb_attr":"","inline_featured_image":false},"product_brand":[],"product_cat":[416],"product_tag":[],"class_list":{"0":"post-21294","1":"product","2":"type-product","3":"status-publish","4":"has-post-thumbnail","6":"product_cat-merchandise-de","8":"first","9":"instock","10":"shipping-taxable","11":"purchasable","12":"product-type-simple"},"acf":[],"aioseo_notices":[],"_links":{"self":[{"href":"https:\/\/mokaefti.ch\/de\/wp-json\/wp\/v2\/product\/21294","targetHints":{"allow":["GET"]}}],"collection":[{"href":"https:\/\/mokaefti.ch\/de\/wp-json\/wp\/v2\/product"}],"about":[{"href":"https:\/\/mokaefti.ch\/de\/wp-json\/wp\/v2\/types\/product"}],"replies":[{"embeddable":true,"href":"https:\/\/mokaefti.ch\/de\/wp-json\/wp\/v2\/comments?post=21294"}],"version-history":[{"count":0,"href":"https:\/\/mokaefti.ch\/de\/wp-json\/wp\/v2\/product\/21294\/revisions"}],"wp:featuredmedia":[{"embeddable":true,"href":"https:\/\/mokaefti.ch\/de\/wp-json\/wp\/v2\/media\/20708"}],"wp:attachment":[{"href":"https:\/\/mokaefti.ch\/de\/wp-json\/wp\/v2\/media?parent=21294"}],"wp:term":[{"taxonomy":"product_brand","embeddable":true,"href":"https:\/\/mokaefti.ch\/de\/wp-json\/wp\/v2\/product_brand?post=21294"},{"taxonomy":"product_cat","embeddable":true,"href":"https:\/\/mokaefti.ch\/de\/wp-json\/wp\/v2\/product_cat?post=21294"},{"taxonomy":"product_tag","embeddable":true,"href":"https:\/\/mokaefti.ch\/de\/wp-json\/wp\/v2\/product_tag?post=21294"}],"curies":[{"name":"wp","href":"https:\/\/api.w.org\/{rel}","templated":true}]}}