{"id":21303,"date":"2022-09-09T10:11:26","date_gmt":"2022-09-09T08:11:26","guid":{"rendered":"https:\/\/mokaefti.ch\/negozio-online\/koffeinfrei-portionen\/"},"modified":"2025-11-13T15:57:29","modified_gmt":"2025-11-13T14:57:29","slug":"koffeinfrei-portionen","status":"publish","type":"product","link":"https:\/\/mokaefti.ch\/de\/online-kaufen\/koffeinfrei-portionen\/","title":{"rendered":"KOFFEINFREIE KAFFEEPORTIONEN"},"content":{"rendered":"","protected":false},"excerpt":{"rendered":"<p>Decaefti Einzelportion, entkoffeinierter Kaffee ist die L\u00f6sung f\u00fcr diejenigen, welche einen entkoffeinierten Kaffee mit intensivem Geschmack und traditionellem Aroma w\u00fcnschen. Entdecken Sie den Kaffeegenuss jederzeit neu, dank den praktischen Moka Efti Portionsp\u00e4ckchen.<\/p>\n<p><strong>VERPACKUNG<\/strong>: Enth\u00e4lt 50 Einzelportionsbeutel \u00e0 6,5 g<br \/>\n<strong>ZUTATEN: <\/strong>Koffeifreie R\u00f6stkaffeemischung, Gemahlen. Maximaler koffeingh\u00eahalt 0,10%<\/p>\n<p><strong>Hergestellt und verpackt in der Fabrik von:<br \/>\n<\/strong>Via Meucci 16\/22 200094 Corsico (MI) Italy<\/p>\n","protected":false},"featured_media":1592,"comment_status":"open","ping_status":"closed","template":"","meta":{"_acf_changed":false,"_eb_attr":"","inline_featured_image":false},"product_brand":[],"product_cat":[401],"product_tag":[438,409],"class_list":{"0":"post-21303","1":"product","2":"type-product","3":"status-publish","4":"has-post-thumbnail","6":"product_cat-weitere-produkte","7":"product_tag-entkoff","8":"product_tag-espresso-mahlung","10":"first","11":"instock","12":"shipping-taxable","13":"purchasable","14":"product-type-simple"},"acf":[],"aioseo_notices":[],"_links":{"self":[{"href":"https:\/\/mokaefti.ch\/de\/wp-json\/wp\/v2\/product\/21303","targetHints":{"allow":["GET"]}}],"collection":[{"href":"https:\/\/mokaefti.ch\/de\/wp-json\/wp\/v2\/product"}],"about":[{"href":"https:\/\/mokaefti.ch\/de\/wp-json\/wp\/v2\/types\/product"}],"replies":[{"embeddable":true,"href":"https:\/\/mokaefti.ch\/de\/wp-json\/wp\/v2\/comments?post=21303"}],"version-history":[{"count":0,"href":"https:\/\/mokaefti.ch\/de\/wp-json\/wp\/v2\/product\/21303\/revisions"}],"wp:featuredmedia":[{"embeddable":true,"href":"https:\/\/mokaefti.ch\/de\/wp-json\/wp\/v2\/media\/1592"}],"wp:attachment":[{"href":"https:\/\/mokaefti.ch\/de\/wp-json\/wp\/v2\/media?parent=21303"}],"wp:term":[{"taxonomy":"product_brand","embeddable":true,"href":"https:\/\/mokaefti.ch\/de\/wp-json\/wp\/v2\/product_brand?post=21303"},{"taxonomy":"product_cat","embeddable":true,"href":"https:\/\/mokaefti.ch\/de\/wp-json\/wp\/v2\/product_cat?post=21303"},{"taxonomy":"product_tag","embeddable":true,"href":"https:\/\/mokaefti.ch\/de\/wp-json\/wp\/v2\/product_tag?post=21303"}],"curies":[{"name":"wp","href":"https:\/\/api.w.org\/{rel}","templated":true}]}}