{"id":21306,"date":"2022-09-09T10:10:12","date_gmt":"2022-09-09T08:10:12","guid":{"rendered":"https:\/\/mokaefti.ch\/negozio-online\/efti-ciok-dose\/"},"modified":"2025-09-23T14:09:16","modified_gmt":"2025-09-23T12:09:16","slug":"efti-ciok-dose","status":"publish","type":"product","link":"https:\/\/mokaefti.ch\/de\/online-kaufen\/efti-ciok-dose\/","title":{"rendered":"EFTI CIOK DOSE"},"content":{"rendered":"","protected":false},"excerpt":{"rendered":"<p>Lassen Sie sich vom intensiven Geschmack und der cremigen Konsistenz von Efti Ciok verw\u00f6hnen, der dicken, hei\u00dfen Schokolade, die perfekt ist, um Ihre Tage zu erw\u00e4rmen. Efti Ciok ist viel mehr als nur ein Getr\u00e4nk, es ist ein Moment des puren Vergn\u00fcgens, den man sich bei jeder Gelegenheit g\u00f6nnen kann. Dieses hochwertige Pulverpr\u00e4parat, das aus einer sorgf\u00e4ltigen Auswahl erlesener Zutaten hergestellt wird, entfaltet ein einzigartiges Aroma, das die Sinne erobert, ideal f\u00fcr eine k\u00f6stliche Pause zu jeder Tageszeit.  <\/p>\n<p><strong>VERPACKUNG<\/strong>: im 1,5 kg Glas<br \/>\n<strong>ZUTATEN:<\/strong> Zucker, Magerkakao (Magerkakao, S\u00e4ureregulator: Kaliumcarbonat), Maisst\u00e4rke, Salz, Vanillin.<br \/>\nKann enthalten: Milch und Derivate<\/p>\n<p><strong>N\u00c4HRWERTDEKLARATION:<\/strong> Durchschnittliche Werte pro 100 g<br \/>\nEnergie 1554 KJ &#8211; 368 Kcal<br \/>\nFett 2,9 g, davon ges\u00e4ttigte Fetts\u00e4uren 1,8 g<br \/>\nKohlenhydrate 74,9 g, davon Zucker 53,0 g<br \/>\nBallaststoffe 8,9 g<br \/>\nProteine 6,0 g<br \/>\nSalz 0,3 g<\/p>\n<p><strong>Hergestellt und verpackt in der Fabrik von:<br \/>\n<\/strong>Montichiari (BS) Italy &#8211; Via Grazia Deledda 43<\/p>\n<p>&nbsp;<\/p>\n","protected":false},"featured_media":1589,"comment_status":"open","ping_status":"closed","template":"","meta":{"_acf_changed":false,"_eb_attr":"","inline_featured_image":false},"product_brand":[],"product_cat":[401],"product_tag":[],"class_list":{"0":"post-21306","1":"product","2":"type-product","3":"status-publish","4":"has-post-thumbnail","6":"product_cat-weitere-produkte","8":"first","9":"instock","10":"shipping-taxable","11":"purchasable","12":"product-type-simple"},"acf":[],"aioseo_notices":[],"_links":{"self":[{"href":"https:\/\/mokaefti.ch\/de\/wp-json\/wp\/v2\/product\/21306","targetHints":{"allow":["GET"]}}],"collection":[{"href":"https:\/\/mokaefti.ch\/de\/wp-json\/wp\/v2\/product"}],"about":[{"href":"https:\/\/mokaefti.ch\/de\/wp-json\/wp\/v2\/types\/product"}],"replies":[{"embeddable":true,"href":"https:\/\/mokaefti.ch\/de\/wp-json\/wp\/v2\/comments?post=21306"}],"version-history":[{"count":0,"href":"https:\/\/mokaefti.ch\/de\/wp-json\/wp\/v2\/product\/21306\/revisions"}],"wp:featuredmedia":[{"embeddable":true,"href":"https:\/\/mokaefti.ch\/de\/wp-json\/wp\/v2\/media\/1589"}],"wp:attachment":[{"href":"https:\/\/mokaefti.ch\/de\/wp-json\/wp\/v2\/media?parent=21306"}],"wp:term":[{"taxonomy":"product_brand","embeddable":true,"href":"https:\/\/mokaefti.ch\/de\/wp-json\/wp\/v2\/product_brand?post=21306"},{"taxonomy":"product_cat","embeddable":true,"href":"https:\/\/mokaefti.ch\/de\/wp-json\/wp\/v2\/product_cat?post=21306"},{"taxonomy":"product_tag","embeddable":true,"href":"https:\/\/mokaefti.ch\/de\/wp-json\/wp\/v2\/product_tag?post=21306"}],"curies":[{"name":"wp","href":"https:\/\/api.w.org\/{rel}","templated":true}]}}