{"id":21309,"date":"2022-09-09T10:08:27","date_gmt":"2022-09-09T08:08:27","guid":{"rendered":"https:\/\/mokaefti.ch\/negozio-online\/efti-ciok-portionen\/"},"modified":"2025-09-23T14:09:14","modified_gmt":"2025-09-23T12:09:14","slug":"efti-ciok-portionen","status":"publish","type":"product","link":"https:\/\/mokaefti.ch\/de\/online-kaufen\/efti-ciok-portionen\/","title":{"rendered":"EFTI CIOK PORTIONEN"},"content":{"rendered":"","protected":false},"excerpt":{"rendered":"<p><span class=\"selected\">Bieten Sie Ihren Kunden eine Auszeit puren Genusses mit unseren Trinkschokoladen-Portionsbeuteln. Diese praktischen Einzelportionsbeutel wurden f\u00fcr Bars, Caf\u00e9s und Lokale entwickelt, die ein reichhaltiges und cremiges Getr\u00e4nk garantieren m\u00f6chten, und sind die ideale L\u00f6sung f\u00fcr einen schnellen und hochwertigen Service. Das Ergebnis ist eine dichte und vollmundige Schokolade, die sich perfekt eignet, um jeden Moment des Tages zu erw\u00e4rmen und selbst die anspruchsvollsten Gaumen zu verw\u00f6hnen.  <\/span><\/p>\n<p><span class=\"selected\">Aus ern\u00e4hrungswissenschaftlicher Sicht liefern 100 g des Produkts die ideale Energie f\u00fcr eine erholsame Pause (1554 KJ \/ 368 Kcal), mit einem reichhaltigen Geschmack durch 74,9 g Kohlenhydrate, davon 53,0 g Zucker. Die Formel ist ausgewogen mit 2,9 g Fett (davon 1,8 g ges\u00e4ttigt), 6,0 g Protein und einem guten Anteil von 8,9 g Ballaststoffen, mit nur 0,3 g Salz. <\/span><\/p>\n","protected":false},"featured_media":1586,"comment_status":"open","ping_status":"closed","template":"","meta":{"_acf_changed":false,"_eb_attr":"","inline_featured_image":false},"product_brand":[],"product_cat":[401],"product_tag":[],"class_list":{"0":"post-21309","1":"product","2":"type-product","3":"status-publish","4":"has-post-thumbnail","6":"product_cat-weitere-produkte","8":"first","9":"instock","10":"shipping-taxable","11":"purchasable","12":"product-type-simple"},"acf":[],"aioseo_notices":[],"_links":{"self":[{"href":"https:\/\/mokaefti.ch\/de\/wp-json\/wp\/v2\/product\/21309","targetHints":{"allow":["GET"]}}],"collection":[{"href":"https:\/\/mokaefti.ch\/de\/wp-json\/wp\/v2\/product"}],"about":[{"href":"https:\/\/mokaefti.ch\/de\/wp-json\/wp\/v2\/types\/product"}],"replies":[{"embeddable":true,"href":"https:\/\/mokaefti.ch\/de\/wp-json\/wp\/v2\/comments?post=21309"}],"version-history":[{"count":0,"href":"https:\/\/mokaefti.ch\/de\/wp-json\/wp\/v2\/product\/21309\/revisions"}],"wp:featuredmedia":[{"embeddable":true,"href":"https:\/\/mokaefti.ch\/de\/wp-json\/wp\/v2\/media\/1586"}],"wp:attachment":[{"href":"https:\/\/mokaefti.ch\/de\/wp-json\/wp\/v2\/media?parent=21309"}],"wp:term":[{"taxonomy":"product_brand","embeddable":true,"href":"https:\/\/mokaefti.ch\/de\/wp-json\/wp\/v2\/product_brand?post=21309"},{"taxonomy":"product_cat","embeddable":true,"href":"https:\/\/mokaefti.ch\/de\/wp-json\/wp\/v2\/product_cat?post=21309"},{"taxonomy":"product_tag","embeddable":true,"href":"https:\/\/mokaefti.ch\/de\/wp-json\/wp\/v2\/product_tag?post=21309"}],"curies":[{"name":"wp","href":"https:\/\/api.w.org\/{rel}","templated":true}]}}