{"id":21312,"date":"2022-09-09T09:59:53","date_gmt":"2022-09-09T07:59:53","guid":{"rendered":"https:\/\/mokaefti.ch\/negozio-online\/gruene-bar-kaffeepads\/"},"modified":"2025-09-23T14:09:15","modified_gmt":"2025-09-23T12:09:15","slug":"gruene-bar-kaffeepads","status":"publish","type":"product","link":"https:\/\/mokaefti.ch\/de\/online-kaufen\/gruene-bar-kaffeepads\/","title":{"rendered":"GR\u00dcNE BAR KAFFEEPADS"},"content":{"rendered":"","protected":false},"excerpt":{"rendered":"<p>Die ESE Bar Verde Pads von Moka Efti sind die bewusste Wahl f\u00fcr alle, die einen exzellenten Kaffee w\u00fcnschen, der mit vollem Respekt f\u00fcr die Umwelt hergestellt wird. Hergestellt aus einer erlesenen Auswahl an Arabica- und Robusta-Kaffees aus nachhaltigem Anbau, enthalten diese Pads einen einzigartigen Geschmack, der durch eine langsame R\u00f6stung verst\u00e4rkt wird, welche die Intensit\u00e4t und die harmonischen Noten bewahrt. Jeder Pad ist einzeln verpackt, um maximale Frische und Aroma zu gew\u00e4hrleisten, was das Engagement von Moka Efti f\u00fcr eine verantwortungsvolle Produktionskette und eine gr\u00fcnere Zukunft widerspiegelt. Sie sind mit den g\u00e4ngigsten Pad-Maschinen kompatibel und eignen sich perfekt, um in wenigen Augenblicken einen hochwertigen Espresso zu genie\u00dfen, der Geschmack und Verantwortung vereint.   <\/p>\n<p><strong>ZUSAMMENSETZUNG<\/strong>: 60% arabica, 40% robusta<br \/>\n<strong>BESCHREIBUNG:<\/strong> 1 Pad von 7,5 gr. Kaffee<br \/>\n<strong>VERPACKUNG<\/strong>: 100 pads<br \/>\n<strong>DURCHMESSER<\/strong>: 44mm<br \/>\n<strong>VERFALL<\/strong>: 2 Jahre nach Produktionsdatum<\/p>\n","protected":false},"featured_media":4249,"comment_status":"closed","ping_status":"closed","template":"","meta":{"_acf_changed":false,"_eb_attr":"","inline_featured_image":false},"product_brand":[],"product_cat":[407,396],"product_tag":[409],"class_list":{"0":"post-21312","1":"product","2":"type-product","3":"status-publish","4":"has-post-thumbnail","6":"product_cat-mischung","7":"product_cat-pads","8":"product_tag-espresso-mahlung","10":"first","11":"instock","12":"shipping-taxable","13":"purchasable","14":"product-type-simple"},"acf":[],"aioseo_notices":[],"_links":{"self":[{"href":"https:\/\/mokaefti.ch\/de\/wp-json\/wp\/v2\/product\/21312","targetHints":{"allow":["GET"]}}],"collection":[{"href":"https:\/\/mokaefti.ch\/de\/wp-json\/wp\/v2\/product"}],"about":[{"href":"https:\/\/mokaefti.ch\/de\/wp-json\/wp\/v2\/types\/product"}],"replies":[{"embeddable":true,"href":"https:\/\/mokaefti.ch\/de\/wp-json\/wp\/v2\/comments?post=21312"}],"version-history":[{"count":0,"href":"https:\/\/mokaefti.ch\/de\/wp-json\/wp\/v2\/product\/21312\/revisions"}],"wp:featuredmedia":[{"embeddable":true,"href":"https:\/\/mokaefti.ch\/de\/wp-json\/wp\/v2\/media\/4249"}],"wp:attachment":[{"href":"https:\/\/mokaefti.ch\/de\/wp-json\/wp\/v2\/media?parent=21312"}],"wp:term":[{"taxonomy":"product_brand","embeddable":true,"href":"https:\/\/mokaefti.ch\/de\/wp-json\/wp\/v2\/product_brand?post=21312"},{"taxonomy":"product_cat","embeddable":true,"href":"https:\/\/mokaefti.ch\/de\/wp-json\/wp\/v2\/product_cat?post=21312"},{"taxonomy":"product_tag","embeddable":true,"href":"https:\/\/mokaefti.ch\/de\/wp-json\/wp\/v2\/product_tag?post=21312"}],"curies":[{"name":"wp","href":"https:\/\/api.w.org\/{rel}","templated":true}]}}