{"id":21315,"date":"2022-09-09T09:58:42","date_gmt":"2022-09-09T07:58:42","guid":{"rendered":"https:\/\/mokaefti.ch\/negozio-online\/decaefti-kaffeepads-entkoffeiniert\/"},"modified":"2025-11-13T15:56:02","modified_gmt":"2025-11-13T14:56:02","slug":"decaefti-kaffeepads-entkoffeiniert","status":"publish","type":"product","link":"https:\/\/mokaefti.ch\/de\/online-kaufen\/decaefti-kaffeepads-entkoffeiniert\/","title":{"rendered":"KOFFEINFREIER KAFFEEPADS"},"content":{"rendered":"","protected":false},"excerpt":{"rendered":"<p><span class=\"selected\">Der Genuss von entkoffeiniertem Kaffee: Entdecken Sie Decaefti in 100% Arabica-Einzelportionspads. Decaefti in Pads ist mehr als nur ein einfacher entkoffeinierter Kaffee; es ist eine Erfahrung, die Geschmack und Wohlbefinden in perfekter Harmonie vereint, gedacht f\u00fcr alle, die sich zu jeder Tageszeit eine Kaffeepause g\u00f6nnen m\u00f6chten, ohne die Wirkung von Koffein. Dieses hochwertige Produkt verk\u00f6rpert die handwerkliche Exzellenz von Moka Efti und positioniert sich als einer der besten entkoffeinierten Kaffees in der Schweiz.  <\/span><\/p>\n<p><span class=\"selected\">Decaefti entsteht aus einer erlesenen Auswahl von 100% Arabica-Kaffees, die ausgew\u00e4hlt wurden, um ein ideales Gleichgewicht zwischen Zartheit und Intensit\u00e4t zu schaffen. Der nat\u00fcrliche Entkoffeinierungsprozess bewahrt den authentischen Geschmack des Kaffees und bietet ein volles und reiches Aroma, das auch die anspruchsvollsten Gaumen zufriedenstellt. <\/span><\/p>\n<p><span class=\"selected\">Mit Decaefti k\u00f6nnen Sie all das Gute des Kaffees genie\u00dfen, ohne auf die Leichtigkeit zu verzichten, ideal f\u00fcr alle, die auch abends einen ausgezeichneten Espresso lieben oder den Koffeinkonsum lieber einschr\u00e4nken m\u00f6chten.<\/span><\/p>\n<p><span class=\"selected\">Hinter jeder Packung verbirgt sich die gro\u00dfe Tradition von Moka Efti, die sich seit Jahrzehnten mit Leidenschaft der Herstellung von Kaffee von h\u00f6chster Qualit\u00e4t widmet. Die langsame und gleichm\u00e4\u00dfige R\u00f6stung hebt die aromatischen Noten der Bohnen hervor und garantiert einwandfreie Ergebnisse in jeder Tasse. <\/span><\/p>\n<p><span class=\"selected\">Moka Efti ist bestrebt, Produkte herzustellen, die die Umwelt und die Arbeiter in der Lieferkette respektieren. Decaefti ist das Ergebnis dieses Engagements, das Innovation und Nachhaltigkeit vereint, um einen au\u00dfergew\u00f6hnlichen und verantwortungsvollen Kaffee anzubieten. <\/span><\/p>\n<p><strong style=\"font-family: inherit; font-size: inherit; font-style: inherit; font-variant-ligatures: inherit; font-variant-caps: inherit;\"><strong>BESCHREIBUNG<\/strong><\/strong>: <span style=\"font-family: inherit; font-size: inherit; font-style: inherit; font-variant-ligatures: inherit; font-variant-caps: inherit; font-weight: inherit;\">1 Pad von 7,5 gr. Kaffee<br \/>\n<\/span> <strong>VERPACKUNG:<\/strong> 100 pads<br \/>\n<strong>DURCHMESSER<\/strong>: 44mm<br \/>\n<strong>VERFALL<\/strong>: 2 Jahre nach Produktionsdatum<\/p>\n","protected":false},"featured_media":4244,"comment_status":"closed","ping_status":"closed","template":"","meta":{"_acf_changed":false,"_eb_attr":"","inline_featured_image":false},"product_brand":[],"product_cat":[407,396],"product_tag":[438,409,410],"class_list":{"0":"post-21315","1":"product","2":"type-product","3":"status-publish","4":"has-post-thumbnail","6":"product_cat-mischung","7":"product_cat-pads","8":"product_tag-entkoff","9":"product_tag-espresso-mahlung","10":"product_tag-ristretto-mahlung","12":"first","13":"instock","14":"shipping-taxable","15":"purchasable","16":"product-type-simple"},"acf":[],"aioseo_notices":[],"_links":{"self":[{"href":"https:\/\/mokaefti.ch\/de\/wp-json\/wp\/v2\/product\/21315","targetHints":{"allow":["GET"]}}],"collection":[{"href":"https:\/\/mokaefti.ch\/de\/wp-json\/wp\/v2\/product"}],"about":[{"href":"https:\/\/mokaefti.ch\/de\/wp-json\/wp\/v2\/types\/product"}],"replies":[{"embeddable":true,"href":"https:\/\/mokaefti.ch\/de\/wp-json\/wp\/v2\/comments?post=21315"}],"version-history":[{"count":0,"href":"https:\/\/mokaefti.ch\/de\/wp-json\/wp\/v2\/product\/21315\/revisions"}],"wp:featuredmedia":[{"embeddable":true,"href":"https:\/\/mokaefti.ch\/de\/wp-json\/wp\/v2\/media\/4244"}],"wp:attachment":[{"href":"https:\/\/mokaefti.ch\/de\/wp-json\/wp\/v2\/media?parent=21315"}],"wp:term":[{"taxonomy":"product_brand","embeddable":true,"href":"https:\/\/mokaefti.ch\/de\/wp-json\/wp\/v2\/product_brand?post=21315"},{"taxonomy":"product_cat","embeddable":true,"href":"https:\/\/mokaefti.ch\/de\/wp-json\/wp\/v2\/product_cat?post=21315"},{"taxonomy":"product_tag","embeddable":true,"href":"https:\/\/mokaefti.ch\/de\/wp-json\/wp\/v2\/product_tag?post=21315"}],"curies":[{"name":"wp","href":"https:\/\/api.w.org\/{rel}","templated":true}]}}