{"id":21318,"date":"2022-09-09T09:57:19","date_gmt":"2022-09-09T07:57:19","guid":{"rendered":"https:\/\/mokaefti.ch\/negozio-online\/extra-bar-kaffeepads\/"},"modified":"2025-09-23T14:09:09","modified_gmt":"2025-09-23T12:09:09","slug":"extra-bar-kaffeepads","status":"publish","type":"product","link":"https:\/\/mokaefti.ch\/de\/online-kaufen\/extra-bar-kaffeepads\/","title":{"rendered":"EXTRA BAR KAFFEEPADS"},"content":{"rendered":"","protected":false},"excerpt":{"rendered":"<p><span class=\"selected\">Die Extra Bar Kaffeepads von Moka Efti sind die ideale Wahl f\u00fcr alle, die einen Kaffee von h\u00f6chster Qualit\u00e4t in Verbindung mit einer praktischen und schnellen Zubereitung w\u00fcnschen. Perfekt f\u00fcr eine energiespendende Pause oder einen Moment purer Entspannung. Diese Pads vereinen die authentische italienische Handwerkstradition mit der modernen Effizienz, die den Schweizer Markt auszeichnet. <\/span><\/p>\n<p><span class=\"selected\">Jeder Pad enth\u00e4lt eine erlesene Mischung aus Arabica- und Robusta-Kaffee, die sorgf\u00e4ltig ausgew\u00e4hlt und langsam ger\u00f6stet wird, um das Aroma und das Geschmacksprofil zu verst\u00e4rken. Das Ergebnis ist ein Espresso mit einem intensiven und ausgewogenen Geschmack, der sowohl Liebhaber von starkem Kaffee als auch Liebhaber von feineren Geschmacksrichtungen \u00fcberzeugt. <\/span><\/p>\n<p><span class=\"selected\">Die Pads sind einzeln verpackt, um die Frische und die Unversehrtheit des Aromas bestm\u00f6glich zu erhalten. Sie sind mit den meisten Kaffeepadmaschinen kompatibel und bieten eine einfache und schnelle M\u00f6glichkeit, eine perfekte Tasse Kaffee zuzubereiten, ohne jemals den authentischen Geschmack zu beeintr\u00e4chtigen. <\/span><\/p>\n<p><span class=\"selected\">Moka Efti legt besonderen Wert auf Nachhaltigkeit und stellt die Pads aus umweltfreundlichen und recycelbaren Materialien her. Dieses Engagement spiegelt sich in der Sorge um die Umwelt und im Respekt f\u00fcr die Menschen wider, die entlang der gesamten Produktionskette arbeiten. <\/span><\/p>\n<p><span class=\"selected\">Ob zum Start in den Tag, f\u00fcr eine erholsame Mittagspause oder f\u00fcr ein geselliges Beisammensein mit Freunden, die Extra Bar Pads sind die perfekte L\u00f6sung f\u00fcr jeden Anlass und garantieren immer einen sofortigen Genuss und einen tadellosen Kaffee.<\/span><\/p>\n<p><strong>ZUSAMMENSETZUNG<\/strong>: 80% arabica, 20% robusta.<br \/>\n<strong>BESCHREIBUNG:<\/strong> 1 Pad von 7,5 gr. Kaffee<br \/>\n<strong>VERPACKUNG<\/strong>: 100 pads<br \/>\n<strong>DURCHMESSER<\/strong>: 44mm<br \/>\n<strong>VERFALL<\/strong>: 2 Jahre nach Produktionsdatum<\/p>\n","protected":false},"featured_media":4253,"comment_status":"closed","ping_status":"closed","template":"","meta":{"_acf_changed":false,"_eb_attr":"","inline_featured_image":false},"product_brand":[],"product_cat":[407,396],"product_tag":[409,410],"class_list":{"0":"post-21318","1":"product","2":"type-product","3":"status-publish","4":"has-post-thumbnail","6":"product_cat-mischung","7":"product_cat-pads","8":"product_tag-espresso-mahlung","9":"product_tag-ristretto-mahlung","11":"first","12":"instock","13":"shipping-taxable","14":"purchasable","15":"product-type-simple"},"acf":[],"aioseo_notices":[],"_links":{"self":[{"href":"https:\/\/mokaefti.ch\/de\/wp-json\/wp\/v2\/product\/21318","targetHints":{"allow":["GET"]}}],"collection":[{"href":"https:\/\/mokaefti.ch\/de\/wp-json\/wp\/v2\/product"}],"about":[{"href":"https:\/\/mokaefti.ch\/de\/wp-json\/wp\/v2\/types\/product"}],"replies":[{"embeddable":true,"href":"https:\/\/mokaefti.ch\/de\/wp-json\/wp\/v2\/comments?post=21318"}],"version-history":[{"count":0,"href":"https:\/\/mokaefti.ch\/de\/wp-json\/wp\/v2\/product\/21318\/revisions"}],"wp:featuredmedia":[{"embeddable":true,"href":"https:\/\/mokaefti.ch\/de\/wp-json\/wp\/v2\/media\/4253"}],"wp:attachment":[{"href":"https:\/\/mokaefti.ch\/de\/wp-json\/wp\/v2\/media?parent=21318"}],"wp:term":[{"taxonomy":"product_brand","embeddable":true,"href":"https:\/\/mokaefti.ch\/de\/wp-json\/wp\/v2\/product_brand?post=21318"},{"taxonomy":"product_cat","embeddable":true,"href":"https:\/\/mokaefti.ch\/de\/wp-json\/wp\/v2\/product_cat?post=21318"},{"taxonomy":"product_tag","embeddable":true,"href":"https:\/\/mokaefti.ch\/de\/wp-json\/wp\/v2\/product_tag?post=21318"}],"curies":[{"name":"wp","href":"https:\/\/api.w.org\/{rel}","templated":true}]}}