{"id":21321,"date":"2022-09-09T09:55:35","date_gmt":"2022-09-09T07:55:35","guid":{"rendered":"https:\/\/mokaefti.ch\/negozio-online\/arabica-100-kaffeepads\/"},"modified":"2025-09-23T14:09:10","modified_gmt":"2025-09-23T12:09:10","slug":"arabica-100-kaffeepads","status":"publish","type":"product","link":"https:\/\/mokaefti.ch\/de\/online-kaufen\/arabica-100-kaffeepads\/","title":{"rendered":"ARABICA 100% KAFFEEPADS"},"content":{"rendered":"","protected":false},"excerpt":{"rendered":"<p>Arabica-Pads haben einen feinen, s\u00fcssen und aromatischen Geschmack. Arabica-Kaffee ist aufgrund seiner s\u00fcsslichen Eigenschaften weniger stark, ist aber trotzdem sehr aromatisch.<\/p>\n<p>Wusstest du, dass&#8230;<br \/>\nKaffeepads eine sehr \u00e4hnliche Qualit\u00e4t wie Espresso aus der Moka-Kanne liefern und daher ideal f\u00fcr Liebhaber sind, die ein paar Minuten sparen m\u00f6chten. Dar\u00fcber hinaus sind die Pads eine umweltfreundliche Option: Sie bestehen zu 100% aus biologisch abbaubaren Materialien.<\/p>\n<p><strong>BESCHREIBUNG:<\/strong> 1 Pad von 7,5 gr. Kaffee<br \/>\n<strong>VERPACKUNG<\/strong>: 100 pads<br \/>\n<strong>DURCHMESSER<\/strong>: 44mm<br \/>\n<strong>VERFALL<\/strong>: 2 Jahre nach Produktionsdatum<\/p>\n","protected":false},"featured_media":4240,"comment_status":"closed","ping_status":"closed","template":"","meta":{"_acf_changed":false,"_eb_attr":"","inline_featured_image":false},"product_brand":[],"product_cat":[396],"product_tag":[],"class_list":{"0":"post-21321","1":"product","2":"type-product","3":"status-publish","4":"has-post-thumbnail","6":"product_cat-pads","8":"first","9":"instock","10":"shipping-taxable","11":"purchasable","12":"product-type-simple"},"acf":[],"aioseo_notices":[],"_links":{"self":[{"href":"https:\/\/mokaefti.ch\/de\/wp-json\/wp\/v2\/product\/21321","targetHints":{"allow":["GET"]}}],"collection":[{"href":"https:\/\/mokaefti.ch\/de\/wp-json\/wp\/v2\/product"}],"about":[{"href":"https:\/\/mokaefti.ch\/de\/wp-json\/wp\/v2\/types\/product"}],"replies":[{"embeddable":true,"href":"https:\/\/mokaefti.ch\/de\/wp-json\/wp\/v2\/comments?post=21321"}],"version-history":[{"count":0,"href":"https:\/\/mokaefti.ch\/de\/wp-json\/wp\/v2\/product\/21321\/revisions"}],"wp:featuredmedia":[{"embeddable":true,"href":"https:\/\/mokaefti.ch\/de\/wp-json\/wp\/v2\/media\/4240"}],"wp:attachment":[{"href":"https:\/\/mokaefti.ch\/de\/wp-json\/wp\/v2\/media?parent=21321"}],"wp:term":[{"taxonomy":"product_brand","embeddable":true,"href":"https:\/\/mokaefti.ch\/de\/wp-json\/wp\/v2\/product_brand?post=21321"},{"taxonomy":"product_cat","embeddable":true,"href":"https:\/\/mokaefti.ch\/de\/wp-json\/wp\/v2\/product_cat?post=21321"},{"taxonomy":"product_tag","embeddable":true,"href":"https:\/\/mokaefti.ch\/de\/wp-json\/wp\/v2\/product_tag?post=21321"}],"curies":[{"name":"wp","href":"https:\/\/api.w.org\/{rel}","templated":true}]}}