{"id":21324,"date":"2022-09-08T13:12:46","date_gmt":"2022-09-08T11:12:46","guid":{"rendered":"https:\/\/mokaefti.ch\/negozio-online\/filterkaffee-250-gr\/"},"modified":"2025-11-13T15:54:59","modified_gmt":"2025-11-13T14:54:59","slug":"filterkaffee-250-gr","status":"publish","type":"product","link":"https:\/\/mokaefti.ch\/de\/online-kaufen\/filterkaffee-250-gr\/","title":{"rendered":"FILTERKAFFEE 250G"},"content":{"rendered":"","protected":false},"excerpt":{"rendered":"<p>Entdecken Sie unseren Kaffee, der speziell f\u00fcr die Filterextraktion entwickelt wurde, eine Zubereitungsmethode, die die nat\u00fcrlichen Aromen und D\u00fcfte jeder Bohne auf einzigartige Weise hervorhebt. Bei dieser schonenden Extraktion durchl\u00e4uft hei\u00dfes Wasser langsam den gemahlenen Kaffee und l\u00f6st die wertvollsten Substanzen. Das Ergebnis ist ein au\u00dfergew\u00f6hnlich aromatisches Getr\u00e4nk mit vielen Nuancen. Mit unserem Filterkaffee k\u00f6nnen Sie die verschiedenen Geschmacksprofile wiederentdecken, die im traditionellen Espresso oft verborgen bleiben: ein authentisches Erlebnis f\u00fcr wahre Kaffeeliebhaber.   <\/p>\n<p><strong>FILTERKAFFEE PARAMETER:<br \/>\nMAHLGRAD<\/strong>: mittel<br \/>\n<strong>KAFFEEMENGE:<\/strong> 7,5-8 gr.<br \/>\n<strong>WASSERTEMPERATUR:<\/strong> 92-96\u00b0C<br \/>\n<strong>WASSERMENGE:<\/strong> 125ml<br \/>\n<strong>KONTAKTZEIT (Wasser\/Kaffee):<\/strong> 4-6 min.<\/p>\n","protected":false},"featured_media":20644,"comment_status":"closed","ping_status":"closed","template":"","meta":{"_acf_changed":false,"_eb_attr":"","inline_featured_image":false},"product_brand":[],"product_cat":[422,407],"product_tag":[392,423],"class_list":{"0":"post-21324","1":"product","2":"type-product","3":"status-publish","4":"has-post-thumbnail","6":"product_cat-gemahlen","7":"product_cat-mischung","8":"product_tag-filtermahlung","9":"product_tag-moka-mahlgrad","11":"first","12":"instock","13":"shipping-taxable","14":"purchasable","15":"product-type-simple"},"acf":[],"aioseo_notices":[],"_links":{"self":[{"href":"https:\/\/mokaefti.ch\/de\/wp-json\/wp\/v2\/product\/21324","targetHints":{"allow":["GET"]}}],"collection":[{"href":"https:\/\/mokaefti.ch\/de\/wp-json\/wp\/v2\/product"}],"about":[{"href":"https:\/\/mokaefti.ch\/de\/wp-json\/wp\/v2\/types\/product"}],"replies":[{"embeddable":true,"href":"https:\/\/mokaefti.ch\/de\/wp-json\/wp\/v2\/comments?post=21324"}],"version-history":[{"count":0,"href":"https:\/\/mokaefti.ch\/de\/wp-json\/wp\/v2\/product\/21324\/revisions"}],"wp:featuredmedia":[{"embeddable":true,"href":"https:\/\/mokaefti.ch\/de\/wp-json\/wp\/v2\/media\/20644"}],"wp:attachment":[{"href":"https:\/\/mokaefti.ch\/de\/wp-json\/wp\/v2\/media?parent=21324"}],"wp:term":[{"taxonomy":"product_brand","embeddable":true,"href":"https:\/\/mokaefti.ch\/de\/wp-json\/wp\/v2\/product_brand?post=21324"},{"taxonomy":"product_cat","embeddable":true,"href":"https:\/\/mokaefti.ch\/de\/wp-json\/wp\/v2\/product_cat?post=21324"},{"taxonomy":"product_tag","embeddable":true,"href":"https:\/\/mokaefti.ch\/de\/wp-json\/wp\/v2\/product_tag?post=21324"}],"curies":[{"name":"wp","href":"https:\/\/api.w.org\/{rel}","templated":true}]}}