{"id":21327,"date":"2022-09-08T13:11:09","date_gmt":"2022-09-08T11:11:09","guid":{"rendered":"https:\/\/mokaefti.ch\/negozio-online\/filterkaffee-500-gr\/"},"modified":"2025-11-13T15:53:34","modified_gmt":"2025-11-13T14:53:34","slug":"filterkaffee-500-gr","status":"publish","type":"product","link":"https:\/\/mokaefti.ch\/de\/online-kaufen\/filterkaffee-500-gr\/","title":{"rendered":"FILTERKAFFEE 500G"},"content":{"rendered":"","protected":false},"excerpt":{"rendered":"<p>Filterkaffee basiert auf dem Prinzip, dass warmes Wasser langsam durch eine gemahlen Kaffeeschicht in einem Papierfilter tropft. Beim Durchlaufen l\u00f6st das Wasser die wasserl\u00f6slichen Substanzen im Kaffeepulver und \u00fcbertr\u00e4gt sie in das Getr\u00e4nk.<br \/>\nDie Wiederentdeckung anderer Extraktionsmethoden, wie z. B. Filterkaffee, l\u00e4sst den Konsumenten Aromen, D\u00fcfte und Eigenschaften des Kaffees kennenlernen, die bisher unbekannt waren oder anders wahrgenommen wurden als beim Espresso.<\/p>\n<p><strong>FILTERKAFFEE PARAMETER:<br \/>\nMAHLGRAD<\/strong>: mittel<br \/>\n<strong>KAFFEEMENGE:<\/strong> 7,5-8 gr.<br \/>\n<strong>WASSERTEMPERATUR:<\/strong> 92-96\u00b0C<br \/>\n<strong>WASSERMENGE:<\/strong> 125ml<br \/>\n<strong>KONTAKTZEIT (Wasser\/Kaffee):<\/strong> 4-6 min.<\/p>\n","protected":false},"featured_media":20648,"comment_status":"closed","ping_status":"closed","template":"","meta":{"_acf_changed":false,"_eb_attr":"","inline_featured_image":false},"product_brand":[],"product_cat":[422,407],"product_tag":[392,423],"class_list":{"0":"post-21327","1":"product","2":"type-product","3":"status-publish","4":"has-post-thumbnail","6":"product_cat-gemahlen","7":"product_cat-mischung","8":"product_tag-filtermahlung","9":"product_tag-moka-mahlgrad","11":"first","12":"instock","13":"shipping-taxable","14":"purchasable","15":"product-type-simple"},"acf":[],"aioseo_notices":[],"_links":{"self":[{"href":"https:\/\/mokaefti.ch\/de\/wp-json\/wp\/v2\/product\/21327","targetHints":{"allow":["GET"]}}],"collection":[{"href":"https:\/\/mokaefti.ch\/de\/wp-json\/wp\/v2\/product"}],"about":[{"href":"https:\/\/mokaefti.ch\/de\/wp-json\/wp\/v2\/types\/product"}],"replies":[{"embeddable":true,"href":"https:\/\/mokaefti.ch\/de\/wp-json\/wp\/v2\/comments?post=21327"}],"version-history":[{"count":0,"href":"https:\/\/mokaefti.ch\/de\/wp-json\/wp\/v2\/product\/21327\/revisions"}],"wp:featuredmedia":[{"embeddable":true,"href":"https:\/\/mokaefti.ch\/de\/wp-json\/wp\/v2\/media\/20648"}],"wp:attachment":[{"href":"https:\/\/mokaefti.ch\/de\/wp-json\/wp\/v2\/media?parent=21327"}],"wp:term":[{"taxonomy":"product_brand","embeddable":true,"href":"https:\/\/mokaefti.ch\/de\/wp-json\/wp\/v2\/product_brand?post=21327"},{"taxonomy":"product_cat","embeddable":true,"href":"https:\/\/mokaefti.ch\/de\/wp-json\/wp\/v2\/product_cat?post=21327"},{"taxonomy":"product_tag","embeddable":true,"href":"https:\/\/mokaefti.ch\/de\/wp-json\/wp\/v2\/product_tag?post=21327"}],"curies":[{"name":"wp","href":"https:\/\/api.w.org\/{rel}","templated":true}]}}