{"id":21334,"date":"2022-09-08T13:06:54","date_gmt":"2022-09-08T11:06:54","guid":{"rendered":"https:\/\/mokaefti.ch\/negozio-online\/speciality-coffee-bohnen-500-gr\/"},"modified":"2025-11-13T13:29:59","modified_gmt":"2025-11-13T12:29:59","slug":"speciality-coffee-bohnen-500-gr","status":"publish","type":"product","link":"https:\/\/mokaefti.ch\/de\/online-kaufen\/speciality-coffee-bohnen-500-gr\/","title":{"rendered":"SPECIALITY COFFEE BOHNEN 500G"},"content":{"rendered":"","protected":false},"excerpt":{"rendered":"<p><span class=\"selected\">Der Speciality Coffee von Moka Efti bietet einen delikaten und raffinierten Geschmack, perfekt f\u00fcr jeden Moment des Tages. Seine Mischung ist das Ergebnis einer sorgf\u00e4ltigen Auswahl der besten Kaffeesorten der Welt und garantiert ein einzigartiges sensorisches Erlebnis. <\/span><\/p>\n<p><span class=\"selected\">Dieser Kaffee in Bohnen ist in Beuteln mit Aromaschutzventil verpackt, das seine Frische und Intensit\u00e4t bewahrt und so ein anhaltendes Vergn\u00fcgen sichert. Die ausgewogene Zusammensetzung mit 80 % Arabica und 20 % Robusta sorgt f\u00fcr die perfekte Balance zwischen S\u00fc\u00dfe, S\u00e4ure und K\u00f6rper. <\/span><\/p>\n<p><span class=\"selected\">Dank dieser exklusiven Kombination ist der Speciality Coffee von Moka Efti die ideale Wahl f\u00fcr alle, die einen Kaffee von h\u00f6chster Qualit\u00e4t genie\u00dfen m\u00f6chten, perfekt f\u00fcr jeden Anlass.<\/span><\/p>\n<p><strong>ZUSAMMENSETZUNG<\/strong>:<br \/>\nBrazil Santos Arabica Sul de Minas Ny2 Fine Cup<br \/>\nWashed Arabica Ethiopia<br \/>\nWashed Colombia Coffee Excelso Arabica<br \/>\nWashed Indian Robusta Kaapi Royale<\/p>\n","protected":false},"featured_media":20198,"comment_status":"closed","ping_status":"closed","template":"","meta":{"_acf_changed":false,"_eb_attr":"","inline_featured_image":false},"product_brand":[],"product_cat":[388,387,435],"product_tag":[409],"class_list":{"0":"post-21334","1":"product","2":"type-product","3":"status-publish","4":"has-post-thumbnail","6":"product_cat-bohnen","7":"product_cat-moka-efti-selection-de","8":"product_cat-speciality-de","9":"product_tag-espresso-mahlung","11":"first","12":"instock","13":"shipping-taxable","14":"purchasable","15":"product-type-simple"},"acf":[],"aioseo_notices":[],"_links":{"self":[{"href":"https:\/\/mokaefti.ch\/de\/wp-json\/wp\/v2\/product\/21334","targetHints":{"allow":["GET"]}}],"collection":[{"href":"https:\/\/mokaefti.ch\/de\/wp-json\/wp\/v2\/product"}],"about":[{"href":"https:\/\/mokaefti.ch\/de\/wp-json\/wp\/v2\/types\/product"}],"replies":[{"embeddable":true,"href":"https:\/\/mokaefti.ch\/de\/wp-json\/wp\/v2\/comments?post=21334"}],"version-history":[{"count":0,"href":"https:\/\/mokaefti.ch\/de\/wp-json\/wp\/v2\/product\/21334\/revisions"}],"wp:featuredmedia":[{"embeddable":true,"href":"https:\/\/mokaefti.ch\/de\/wp-json\/wp\/v2\/media\/20198"}],"wp:attachment":[{"href":"https:\/\/mokaefti.ch\/de\/wp-json\/wp\/v2\/media?parent=21334"}],"wp:term":[{"taxonomy":"product_brand","embeddable":true,"href":"https:\/\/mokaefti.ch\/de\/wp-json\/wp\/v2\/product_brand?post=21334"},{"taxonomy":"product_cat","embeddable":true,"href":"https:\/\/mokaefti.ch\/de\/wp-json\/wp\/v2\/product_cat?post=21334"},{"taxonomy":"product_tag","embeddable":true,"href":"https:\/\/mokaefti.ch\/de\/wp-json\/wp\/v2\/product_tag?post=21334"}],"curies":[{"name":"wp","href":"https:\/\/api.w.org\/{rel}","templated":true}]}}