{"id":21337,"date":"2022-09-08T13:04:58","date_gmt":"2022-09-08T11:04:58","guid":{"rendered":"https:\/\/mokaefti.ch\/negozio-online\/speciality-coffee-robusta-100-bohnen-500-gr\/"},"modified":"2025-11-13T16:31:24","modified_gmt":"2025-11-13T15:31:24","slug":"speciality-coffee-robusta-100-bohnen-500-gr","status":"publish","type":"product","link":"https:\/\/mokaefti.ch\/de\/online-kaufen\/speciality-coffee-robusta-100-bohnen-500-gr\/","title":{"rendered":"SPECIALITY COFFEE ROBUSTA 100% BOHNEN 500G"},"content":{"rendered":"","protected":false},"excerpt":{"rendered":"<h6>500 gr.<\/h6>\n<p>Die Kaffeespezialit\u00e4t Moka Efti hat einen feinf\u00fchlenden Geschmack, der ihn in jeden Moment des Tages geeignet macht. Sorgf\u00e4ltige Mischung, entstanden durch die Auswahl der besten Kaffeesorten der Welt.<br \/>\nDer Speciality Coffee Moka Efti in Bohnen wird in speziellen Beuteln mit Aromaschutzventil verpackt, f\u00fcr ein lang anhaltendes Vergn\u00fcgen.<\/p>\n<p><strong>ZUSAMMENSETZUNG<\/strong>:<br \/>\nWashed Indian Robusta Kaapi Royale<\/p>\n","protected":false},"featured_media":20202,"comment_status":"closed","ping_status":"closed","template":"","meta":{"_acf_changed":false,"_eb_attr":"","inline_featured_image":false},"product_brand":[],"product_cat":[388,387,435],"product_tag":[409,410],"class_list":{"0":"post-21337","1":"product","2":"type-product","3":"status-publish","4":"has-post-thumbnail","6":"product_cat-bohnen","7":"product_cat-moka-efti-selection-de","8":"product_cat-speciality-de","9":"product_tag-espresso-mahlung","10":"product_tag-ristretto-mahlung","12":"first","13":"instock","14":"shipping-taxable","15":"purchasable","16":"product-type-simple"},"acf":[],"aioseo_notices":[],"_links":{"self":[{"href":"https:\/\/mokaefti.ch\/de\/wp-json\/wp\/v2\/product\/21337","targetHints":{"allow":["GET"]}}],"collection":[{"href":"https:\/\/mokaefti.ch\/de\/wp-json\/wp\/v2\/product"}],"about":[{"href":"https:\/\/mokaefti.ch\/de\/wp-json\/wp\/v2\/types\/product"}],"replies":[{"embeddable":true,"href":"https:\/\/mokaefti.ch\/de\/wp-json\/wp\/v2\/comments?post=21337"}],"version-history":[{"count":0,"href":"https:\/\/mokaefti.ch\/de\/wp-json\/wp\/v2\/product\/21337\/revisions"}],"wp:featuredmedia":[{"embeddable":true,"href":"https:\/\/mokaefti.ch\/de\/wp-json\/wp\/v2\/media\/20202"}],"wp:attachment":[{"href":"https:\/\/mokaefti.ch\/de\/wp-json\/wp\/v2\/media?parent=21337"}],"wp:term":[{"taxonomy":"product_brand","embeddable":true,"href":"https:\/\/mokaefti.ch\/de\/wp-json\/wp\/v2\/product_brand?post=21337"},{"taxonomy":"product_cat","embeddable":true,"href":"https:\/\/mokaefti.ch\/de\/wp-json\/wp\/v2\/product_cat?post=21337"},{"taxonomy":"product_tag","embeddable":true,"href":"https:\/\/mokaefti.ch\/de\/wp-json\/wp\/v2\/product_tag?post=21337"}],"curies":[{"name":"wp","href":"https:\/\/api.w.org\/{rel}","templated":true}]}}