{"id":21340,"date":"2022-09-08T12:58:20","date_gmt":"2022-09-08T10:58:20","guid":{"rendered":"https:\/\/mokaefti.ch\/negozio-online\/domus-bohnen-1000-gr\/"},"modified":"2025-11-13T13:23:28","modified_gmt":"2025-11-13T12:23:28","slug":"domus-bohnen-1000-gr","status":"publish","type":"product","link":"https:\/\/mokaefti.ch\/de\/online-kaufen\/domus-bohnen-1000-gr\/","title":{"rendered":"DOMUS KAFFEE BOHNEN 1000G"},"content":{"rendered":"","protected":false},"excerpt":{"rendered":"<p>Unsere Domus-Mischung in Bohnen wird aus sorgf\u00e4ltig ausgew\u00e4hlten Bohnen von den besten Plantagen des \u00c4quatorialg\u00fcrtels hergestellt, einer Region, die f\u00fcr die Exzellenz ihres Kaffees bekannt ist. Mit einer Zusammensetzung von 50 % Arabica und 50 % Robusta bietet diese Mischung ein perfektes Gleichgewicht zwischen einem starken und vollmundigen Geschmack und einem runden Charakter, ideal f\u00fcr Kaffeeliebhaber, die ein umfassendes Geschmackserlebnis suchen. Die Domus-Mischung wird in Schutzatmosph\u00e4re in praktischen 1000-g-Beuteln verpackt, die hermetisch verschlossen und mit einem Aromaschutzventil ausgestattet sind, um die Frische und Qualit\u00e4t des Kaffees bis zur letzten Tasse zu bewahren.  <\/p>\n","protected":false},"featured_media":20206,"comment_status":"closed","ping_status":"closed","template":"","meta":{"_acf_changed":false,"_eb_attr":"","inline_featured_image":false},"product_brand":[],"product_cat":[388,407],"product_tag":[409,410],"class_list":{"0":"post-21340","1":"product","2":"type-product","3":"status-publish","4":"has-post-thumbnail","6":"product_cat-bohnen","7":"product_cat-mischung","8":"product_tag-espresso-mahlung","9":"product_tag-ristretto-mahlung","11":"first","12":"instock","13":"shipping-taxable","14":"purchasable","15":"product-type-simple"},"acf":[],"aioseo_notices":[],"_links":{"self":[{"href":"https:\/\/mokaefti.ch\/de\/wp-json\/wp\/v2\/product\/21340","targetHints":{"allow":["GET"]}}],"collection":[{"href":"https:\/\/mokaefti.ch\/de\/wp-json\/wp\/v2\/product"}],"about":[{"href":"https:\/\/mokaefti.ch\/de\/wp-json\/wp\/v2\/types\/product"}],"replies":[{"embeddable":true,"href":"https:\/\/mokaefti.ch\/de\/wp-json\/wp\/v2\/comments?post=21340"}],"version-history":[{"count":0,"href":"https:\/\/mokaefti.ch\/de\/wp-json\/wp\/v2\/product\/21340\/revisions"}],"wp:featuredmedia":[{"embeddable":true,"href":"https:\/\/mokaefti.ch\/de\/wp-json\/wp\/v2\/media\/20206"}],"wp:attachment":[{"href":"https:\/\/mokaefti.ch\/de\/wp-json\/wp\/v2\/media?parent=21340"}],"wp:term":[{"taxonomy":"product_brand","embeddable":true,"href":"https:\/\/mokaefti.ch\/de\/wp-json\/wp\/v2\/product_brand?post=21340"},{"taxonomy":"product_cat","embeddable":true,"href":"https:\/\/mokaefti.ch\/de\/wp-json\/wp\/v2\/product_cat?post=21340"},{"taxonomy":"product_tag","embeddable":true,"href":"https:\/\/mokaefti.ch\/de\/wp-json\/wp\/v2\/product_tag?post=21340"}],"curies":[{"name":"wp","href":"https:\/\/api.w.org\/{rel}","templated":true}]}}