{"id":21352,"date":"2022-09-08T12:44:20","date_gmt":"2022-09-08T10:44:20","guid":{"rendered":"https:\/\/mokaefti.ch\/negozio-online\/decaefti-gemahlener-kaffee-250g\/"},"modified":"2025-11-13T15:52:14","modified_gmt":"2025-11-13T14:52:14","slug":"decaefti-gemahlener-kaffee-250g","status":"publish","type":"product","link":"https:\/\/mokaefti.ch\/de\/online-kaufen\/decaefti-gemahlener-kaffee-250g\/","title":{"rendered":"KOFFEINFREIER KAFFEE GEMAHLEN 250G"},"content":{"rendered":"","protected":false},"excerpt":{"rendered":"<p>Decaefti ist eine exklusive Mischung, entwickelt f\u00fcr Liebhaber traditionellen Kaffees, die eine koffeinfreie Alternative suchen. Mit seinem kr\u00e4ftigen und runden Geschmack ist er die ideale Wahl f\u00fcr jeden Moment des Tages und bietet vollen Kaffeegenuss ohne Einschr\u00e4nkungen. Decaefti ist gemahlen erh\u00e4ltlich und wird unter Schutzatmosph\u00e4re verpackt, um Frische und Aroma bestm\u00f6glich zu erhalten. Jeder 250g-Beutel, hermetisch versiegelt und mit Aromaschutzventil ausgestattet, garantiert ein unvergleichliches Geschmackserlebnis bis zur letzten Tasse.   <\/p>\n","protected":false},"featured_media":20660,"comment_status":"closed","ping_status":"closed","template":"","meta":{"_acf_changed":false,"_eb_attr":"","inline_featured_image":false},"product_brand":[],"product_cat":[422,407],"product_tag":[438,423],"class_list":{"0":"post-21352","1":"product","2":"type-product","3":"status-publish","4":"has-post-thumbnail","6":"product_cat-gemahlen","7":"product_cat-mischung","8":"product_tag-entkoff","9":"product_tag-moka-mahlgrad","11":"first","12":"instock","13":"shipping-taxable","14":"purchasable","15":"product-type-simple"},"acf":[],"aioseo_notices":[],"_links":{"self":[{"href":"https:\/\/mokaefti.ch\/de\/wp-json\/wp\/v2\/product\/21352","targetHints":{"allow":["GET"]}}],"collection":[{"href":"https:\/\/mokaefti.ch\/de\/wp-json\/wp\/v2\/product"}],"about":[{"href":"https:\/\/mokaefti.ch\/de\/wp-json\/wp\/v2\/types\/product"}],"replies":[{"embeddable":true,"href":"https:\/\/mokaefti.ch\/de\/wp-json\/wp\/v2\/comments?post=21352"}],"version-history":[{"count":0,"href":"https:\/\/mokaefti.ch\/de\/wp-json\/wp\/v2\/product\/21352\/revisions"}],"wp:featuredmedia":[{"embeddable":true,"href":"https:\/\/mokaefti.ch\/de\/wp-json\/wp\/v2\/media\/20660"}],"wp:attachment":[{"href":"https:\/\/mokaefti.ch\/de\/wp-json\/wp\/v2\/media?parent=21352"}],"wp:term":[{"taxonomy":"product_brand","embeddable":true,"href":"https:\/\/mokaefti.ch\/de\/wp-json\/wp\/v2\/product_brand?post=21352"},{"taxonomy":"product_cat","embeddable":true,"href":"https:\/\/mokaefti.ch\/de\/wp-json\/wp\/v2\/product_cat?post=21352"},{"taxonomy":"product_tag","embeddable":true,"href":"https:\/\/mokaefti.ch\/de\/wp-json\/wp\/v2\/product_tag?post=21352"}],"curies":[{"name":"wp","href":"https:\/\/api.w.org\/{rel}","templated":true}]}}