{"id":21355,"date":"2022-09-08T12:42:49","date_gmt":"2022-09-08T10:42:49","guid":{"rendered":"https:\/\/mokaefti.ch\/negozio-online\/decaefti-gemahlener-kaffee-500g\/"},"modified":"2025-11-13T15:51:36","modified_gmt":"2025-11-13T14:51:36","slug":"decaefti-gemahlener-kaffee-500g","status":"publish","type":"product","link":"https:\/\/mokaefti.ch\/de\/online-kaufen\/decaefti-gemahlener-kaffee-500g\/","title":{"rendered":"KOFFEINFREIER KAFFEE GEMAHLEN 500G"},"content":{"rendered":"","protected":false},"excerpt":{"rendered":"<p><span class=\"selected\">Dieser entkoffeinierte Kaffee \u00fcberzeugt selbst anspruchsvollste Gaumen mit seinem intensiven, runden und vollmundigen Geschmack. Decaefti ist zu jeder Tageszeit perfekt und bewahrt das Aroma und den Geschmack traditionellen Kaffees dank einer Auswahl hochwertiger Bohnen und einer sorgf\u00e4ltigen R\u00f6stung. Er ist als gemahlener Kaffee erh\u00e4ltlich und wird unter Schutzatmosph\u00e4re verpackt, um seine Frische und seinen Duft lange zu erhalten. Jeder 500-g-Beutel, der hermetisch verschlossen und mit einem Aromaschutzventil ausgestattet ist, sorgt daf\u00fcr, dass die Qualit\u00e4t des Produkts bis zum Zeitpunkt der Verwendung unver\u00e4ndert bleibt.   <\/span><\/p>\n","protected":false},"featured_media":20664,"comment_status":"closed","ping_status":"closed","template":"","meta":{"_acf_changed":false,"_eb_attr":"","inline_featured_image":false},"product_brand":[],"product_cat":[422,407],"product_tag":[438,409,423],"class_list":{"0":"post-21355","1":"product","2":"type-product","3":"status-publish","4":"has-post-thumbnail","6":"product_cat-gemahlen","7":"product_cat-mischung","8":"product_tag-entkoff","9":"product_tag-espresso-mahlung","10":"product_tag-moka-mahlgrad","12":"first","13":"instock","14":"shipping-taxable","15":"purchasable","16":"product-type-simple"},"acf":[],"aioseo_notices":[],"_links":{"self":[{"href":"https:\/\/mokaefti.ch\/de\/wp-json\/wp\/v2\/product\/21355","targetHints":{"allow":["GET"]}}],"collection":[{"href":"https:\/\/mokaefti.ch\/de\/wp-json\/wp\/v2\/product"}],"about":[{"href":"https:\/\/mokaefti.ch\/de\/wp-json\/wp\/v2\/types\/product"}],"replies":[{"embeddable":true,"href":"https:\/\/mokaefti.ch\/de\/wp-json\/wp\/v2\/comments?post=21355"}],"version-history":[{"count":0,"href":"https:\/\/mokaefti.ch\/de\/wp-json\/wp\/v2\/product\/21355\/revisions"}],"wp:featuredmedia":[{"embeddable":true,"href":"https:\/\/mokaefti.ch\/de\/wp-json\/wp\/v2\/media\/20664"}],"wp:attachment":[{"href":"https:\/\/mokaefti.ch\/de\/wp-json\/wp\/v2\/media?parent=21355"}],"wp:term":[{"taxonomy":"product_brand","embeddable":true,"href":"https:\/\/mokaefti.ch\/de\/wp-json\/wp\/v2\/product_brand?post=21355"},{"taxonomy":"product_cat","embeddable":true,"href":"https:\/\/mokaefti.ch\/de\/wp-json\/wp\/v2\/product_cat?post=21355"},{"taxonomy":"product_tag","embeddable":true,"href":"https:\/\/mokaefti.ch\/de\/wp-json\/wp\/v2\/product_tag?post=21355"}],"curies":[{"name":"wp","href":"https:\/\/api.w.org\/{rel}","templated":true}]}}