{"id":21358,"date":"2022-09-08T12:40:10","date_gmt":"2022-09-08T10:40:10","guid":{"rendered":"https:\/\/mokaefti.ch\/negozio-online\/decaefti-kaffee-ganze-bohne-250g\/"},"modified":"2025-11-13T13:26:11","modified_gmt":"2025-11-13T12:26:11","slug":"decaefti-kaffee-ganze-bohne-250g","status":"publish","type":"product","link":"https:\/\/mokaefti.ch\/de\/online-kaufen\/decaefti-kaffee-ganze-bohne-250g\/","title":{"rendered":"KOFFEINFREIER KAFFEE BOHNEN 250G"},"content":{"rendered":"","protected":false},"excerpt":{"rendered":"<p><span class=\"selected\">Decaefti ist unsere exklusive Mischung, die den authentischen Geschmack und das unverwechselbare Aroma des traditionellen Kaffees bewahrt, aber ohne Koffein. Mit seinem intensiven und runden Geschmack ist er die perfekte Wahl f\u00fcr jeden Moment des Tages, ideal f\u00fcr alle, die beim Kaffeegenuss keine Kompromisse eingehen wollen. Decaefti ist als ganze Bohne erh\u00e4ltlich und wird unter Schutzatmosph\u00e4re verpackt, um seine Frische und Qualit\u00e4t optimal zu erhalten. Jeder 250-g-Beutel, der hermetisch verschlossen und mit einem Aromaschutzventil versehen ist, garantiert ein intensives Geschmackserlebnis bis zur letzten Bohne.   <\/span><\/p>\n","protected":false},"featured_media":20218,"comment_status":"closed","ping_status":"closed","template":"","meta":{"_acf_changed":false,"_eb_attr":"","inline_featured_image":false},"product_brand":[],"product_cat":[388,407],"product_tag":[438,409,410],"class_list":{"0":"post-21358","1":"product","2":"type-product","3":"status-publish","4":"has-post-thumbnail","6":"product_cat-bohnen","7":"product_cat-mischung","8":"product_tag-entkoff","9":"product_tag-espresso-mahlung","10":"product_tag-ristretto-mahlung","12":"first","13":"instock","14":"shipping-taxable","15":"purchasable","16":"product-type-simple"},"acf":[],"aioseo_notices":[],"_links":{"self":[{"href":"https:\/\/mokaefti.ch\/de\/wp-json\/wp\/v2\/product\/21358","targetHints":{"allow":["GET"]}}],"collection":[{"href":"https:\/\/mokaefti.ch\/de\/wp-json\/wp\/v2\/product"}],"about":[{"href":"https:\/\/mokaefti.ch\/de\/wp-json\/wp\/v2\/types\/product"}],"replies":[{"embeddable":true,"href":"https:\/\/mokaefti.ch\/de\/wp-json\/wp\/v2\/comments?post=21358"}],"version-history":[{"count":0,"href":"https:\/\/mokaefti.ch\/de\/wp-json\/wp\/v2\/product\/21358\/revisions"}],"wp:featuredmedia":[{"embeddable":true,"href":"https:\/\/mokaefti.ch\/de\/wp-json\/wp\/v2\/media\/20218"}],"wp:attachment":[{"href":"https:\/\/mokaefti.ch\/de\/wp-json\/wp\/v2\/media?parent=21358"}],"wp:term":[{"taxonomy":"product_brand","embeddable":true,"href":"https:\/\/mokaefti.ch\/de\/wp-json\/wp\/v2\/product_brand?post=21358"},{"taxonomy":"product_cat","embeddable":true,"href":"https:\/\/mokaefti.ch\/de\/wp-json\/wp\/v2\/product_cat?post=21358"},{"taxonomy":"product_tag","embeddable":true,"href":"https:\/\/mokaefti.ch\/de\/wp-json\/wp\/v2\/product_tag?post=21358"}],"curies":[{"name":"wp","href":"https:\/\/api.w.org\/{rel}","templated":true}]}}