{"id":21361,"date":"2022-09-08T12:38:43","date_gmt":"2022-09-08T10:38:43","guid":{"rendered":"https:\/\/mokaefti.ch\/negozio-online\/decaefti-kaffee-ganze-bohne-500g\/"},"modified":"2025-11-13T13:25:12","modified_gmt":"2025-11-13T12:25:12","slug":"decaefti-kaffee-ganze-bohne-500g","status":"publish","type":"product","link":"https:\/\/mokaefti.ch\/de\/online-kaufen\/decaefti-kaffee-ganze-bohne-500g\/","title":{"rendered":"KOFFEINFREIER KAFFEE BOHNEN 500G"},"content":{"rendered":"","protected":false},"excerpt":{"rendered":"<p><span class=\"selected\">Mit seinem intensiven und runden Charakter ist er die perfekte Wahl f\u00fcr jeden Moment des Tages, ideal f\u00fcr unbegrenzten Genuss. Decaefti ist als ganze Bohne erh\u00e4ltlich und wird unter Schutzatmosph\u00e4re verpackt, um seine wertvollen organoleptischen Eigenschaften zu erhalten. Jeder 500g-Beutel, der hermetisch verschlossen und mit einem Aromaschutzventil ausgestattet ist, garantiert Frische und h\u00f6chste Qualit\u00e4t bis zur letzten Tasse.  <\/span><\/p>\n","protected":false},"featured_media":20222,"comment_status":"closed","ping_status":"closed","template":"","meta":{"_acf_changed":false,"_eb_attr":"","inline_featured_image":false},"product_brand":[],"product_cat":[388,407],"product_tag":[438,409,410],"class_list":{"0":"post-21361","1":"product","2":"type-product","3":"status-publish","4":"has-post-thumbnail","6":"product_cat-bohnen","7":"product_cat-mischung","8":"product_tag-entkoff","9":"product_tag-espresso-mahlung","10":"product_tag-ristretto-mahlung","12":"first","13":"instock","14":"shipping-taxable","15":"purchasable","16":"product-type-simple"},"acf":[],"aioseo_notices":[],"_links":{"self":[{"href":"https:\/\/mokaefti.ch\/de\/wp-json\/wp\/v2\/product\/21361","targetHints":{"allow":["GET"]}}],"collection":[{"href":"https:\/\/mokaefti.ch\/de\/wp-json\/wp\/v2\/product"}],"about":[{"href":"https:\/\/mokaefti.ch\/de\/wp-json\/wp\/v2\/types\/product"}],"replies":[{"embeddable":true,"href":"https:\/\/mokaefti.ch\/de\/wp-json\/wp\/v2\/comments?post=21361"}],"version-history":[{"count":0,"href":"https:\/\/mokaefti.ch\/de\/wp-json\/wp\/v2\/product\/21361\/revisions"}],"wp:featuredmedia":[{"embeddable":true,"href":"https:\/\/mokaefti.ch\/de\/wp-json\/wp\/v2\/media\/20222"}],"wp:attachment":[{"href":"https:\/\/mokaefti.ch\/de\/wp-json\/wp\/v2\/media?parent=21361"}],"wp:term":[{"taxonomy":"product_brand","embeddable":true,"href":"https:\/\/mokaefti.ch\/de\/wp-json\/wp\/v2\/product_brand?post=21361"},{"taxonomy":"product_cat","embeddable":true,"href":"https:\/\/mokaefti.ch\/de\/wp-json\/wp\/v2\/product_cat?post=21361"},{"taxonomy":"product_tag","embeddable":true,"href":"https:\/\/mokaefti.ch\/de\/wp-json\/wp\/v2\/product_tag?post=21361"}],"curies":[{"name":"wp","href":"https:\/\/api.w.org\/{rel}","templated":true}]}}