{"id":21366,"date":"2022-09-08T12:32:54","date_gmt":"2022-09-08T10:32:54","guid":{"rendered":"https:\/\/mokaefti.ch\/negozio-online\/spezialmischung-gemahlener-kaffee-250g\/"},"modified":"2025-11-13T15:51:00","modified_gmt":"2025-11-13T14:51:00","slug":"spezialmischung-gemahlener-kaffee-250g","status":"publish","type":"product","link":"https:\/\/mokaefti.ch\/de\/online-kaufen\/spezialmischung-gemahlener-kaffee-250g\/","title":{"rendered":"SPEZIALMISCHUNG KAFFEE GEMAHLEN 250G"},"content":{"rendered":"","protected":false},"excerpt":{"rendered":"<p>Unsere Spezialmischung entsteht durch eine sorgf\u00e4ltige Auswahl der besten Kaffeeherk\u00fcnfte aus den edelsten Plantagen der \u00c4quatorialzone, darunter S\u00fcd- und Mittelamerika, Indien, Afrika und Asien. Diese Mischung besteht zu 70 % aus Arabica und zu 30 % aus Robusta und ergibt einen Espresso mit einem kr\u00e4ftigen und intensiven Geschmack, perfekt f\u00fcr wahre Kenner. Er ist in gemahlener Form erh\u00e4ltlich und wird in Schutzatmosph\u00e4re verpackt, um Aroma und Frische zu bewahren. Jeder 250-g-Beutel, der hermetisch verschlossen und mit einem Aromaschutzventil versehen ist, garantiert h\u00f6chste Qualit\u00e4t und ein unvergleichliches Geschmackserlebnis in jeder Tasse.   <\/p>\n","protected":false},"featured_media":20668,"comment_status":"closed","ping_status":"closed","template":"","meta":{"_acf_changed":false,"_eb_attr":"","inline_featured_image":false},"product_brand":[],"product_cat":[422,407],"product_tag":[409,410],"class_list":{"0":"post-21366","1":"product","2":"type-product","3":"status-publish","4":"has-post-thumbnail","6":"product_cat-gemahlen","7":"product_cat-mischung","8":"product_tag-espresso-mahlung","9":"product_tag-ristretto-mahlung","11":"first","12":"instock","13":"shipping-taxable","14":"purchasable","15":"product-type-simple"},"acf":[],"aioseo_notices":[],"_links":{"self":[{"href":"https:\/\/mokaefti.ch\/de\/wp-json\/wp\/v2\/product\/21366","targetHints":{"allow":["GET"]}}],"collection":[{"href":"https:\/\/mokaefti.ch\/de\/wp-json\/wp\/v2\/product"}],"about":[{"href":"https:\/\/mokaefti.ch\/de\/wp-json\/wp\/v2\/types\/product"}],"replies":[{"embeddable":true,"href":"https:\/\/mokaefti.ch\/de\/wp-json\/wp\/v2\/comments?post=21366"}],"version-history":[{"count":0,"href":"https:\/\/mokaefti.ch\/de\/wp-json\/wp\/v2\/product\/21366\/revisions"}],"wp:featuredmedia":[{"embeddable":true,"href":"https:\/\/mokaefti.ch\/de\/wp-json\/wp\/v2\/media\/20668"}],"wp:attachment":[{"href":"https:\/\/mokaefti.ch\/de\/wp-json\/wp\/v2\/media?parent=21366"}],"wp:term":[{"taxonomy":"product_brand","embeddable":true,"href":"https:\/\/mokaefti.ch\/de\/wp-json\/wp\/v2\/product_brand?post=21366"},{"taxonomy":"product_cat","embeddable":true,"href":"https:\/\/mokaefti.ch\/de\/wp-json\/wp\/v2\/product_cat?post=21366"},{"taxonomy":"product_tag","embeddable":true,"href":"https:\/\/mokaefti.ch\/de\/wp-json\/wp\/v2\/product_tag?post=21366"}],"curies":[{"name":"wp","href":"https:\/\/api.w.org\/{rel}","templated":true}]}}