{"id":21372,"date":"2022-09-08T12:23:36","date_gmt":"2022-09-08T10:23:36","guid":{"rendered":"https:\/\/mokaefti.ch\/negozio-online\/spezialmischung-kaffeebohnen-250g\/"},"modified":"2025-11-13T13:22:35","modified_gmt":"2025-11-13T12:22:35","slug":"spezialmischung-kaffeebohnen-250g","status":"publish","type":"product","link":"https:\/\/mokaefti.ch\/de\/online-kaufen\/spezialmischung-kaffeebohnen-250g\/","title":{"rendered":"SPEZIALMISCHUNG KAFFEE BOHNEN 250G"},"content":{"rendered":"","protected":false},"excerpt":{"rendered":"<p><span class=\"selected\">Unsere Spezialmischung als Kaffeebohnen verk\u00f6rpert die Tradition der italienischen R\u00f6stkunst und bietet ein einzigartiges Erlebnis f\u00fcr Kenner in der Schweiz, die das Vergn\u00fcgen lieben, ihren eigenen Kaffee zu mahlen. Dieser exklusive Blend besteht aus sorgf\u00e4ltig ausgew\u00e4hlten Bohnen von renommierten Plantagen, was eine ausgezeichnete Qualit\u00e4t bei jeder Gelegenheit garantiert. <\/span><\/p>\n<p><span class=\"selected\">Die handwerkliche R\u00f6stung unterstreicht die aromatischen Eigenschaften und verleiht dem Kaffee ein harmonisches und tiefes Geschmacksprofil. Am Gaumen zeichnen sich Noten von Kakao und edlen Gew\u00fcrzen ab, mit einem weichen und anhaltenden Abgang, der zu jedem Schluck einl\u00e4dt. <\/span><\/p>\n<p><span class=\"selected\">Die 250g-Packung Kaffeebohnen wurde entwickelt, um die Frische des Produkts zu bewahren und den Bed\u00fcrfnissen derjenigen gerecht zu werden, die, nachdem sie den Kaffee zu Hause genossen haben, viel Zeit au\u00dfer Haus verbringen. Die sorgf\u00e4ltige Auswahl der Rohstoffe und die akribische Aufmerksamkeit w\u00e4hrend des gesamten Produktionsprozesses spiegeln das Engagement von Moka Efti wider, einen qualitativ hochwertigen Kaffee anzubieten. <\/span><\/p>\n<p><span class=\"selected\">F\u00fcr die Schweizer Konsumenten, die f\u00fcr ihre Wertsch\u00e4tzung von Spitzenprodukten bekannt sind, bietet dieser hochwertige Kaffee die M\u00f6glichkeit, die italienische Leidenschaft und Meisterschaft in der Kunst der R\u00f6stung zu entdecken und zu genie\u00dfen.<\/span><\/p>\n<p>&nbsp;<\/p>\n","protected":false},"featured_media":20226,"comment_status":"closed","ping_status":"closed","template":"","meta":{"_acf_changed":false,"_eb_attr":"","inline_featured_image":false},"product_brand":[],"product_cat":[388,407],"product_tag":[409],"class_list":{"0":"post-21372","1":"product","2":"type-product","3":"status-publish","4":"has-post-thumbnail","6":"product_cat-bohnen","7":"product_cat-mischung","8":"product_tag-espresso-mahlung","10":"first","11":"instock","12":"shipping-taxable","13":"purchasable","14":"product-type-simple"},"acf":[],"aioseo_notices":[],"_links":{"self":[{"href":"https:\/\/mokaefti.ch\/de\/wp-json\/wp\/v2\/product\/21372","targetHints":{"allow":["GET"]}}],"collection":[{"href":"https:\/\/mokaefti.ch\/de\/wp-json\/wp\/v2\/product"}],"about":[{"href":"https:\/\/mokaefti.ch\/de\/wp-json\/wp\/v2\/types\/product"}],"replies":[{"embeddable":true,"href":"https:\/\/mokaefti.ch\/de\/wp-json\/wp\/v2\/comments?post=21372"}],"version-history":[{"count":0,"href":"https:\/\/mokaefti.ch\/de\/wp-json\/wp\/v2\/product\/21372\/revisions"}],"wp:featuredmedia":[{"embeddable":true,"href":"https:\/\/mokaefti.ch\/de\/wp-json\/wp\/v2\/media\/20226"}],"wp:attachment":[{"href":"https:\/\/mokaefti.ch\/de\/wp-json\/wp\/v2\/media?parent=21372"}],"wp:term":[{"taxonomy":"product_brand","embeddable":true,"href":"https:\/\/mokaefti.ch\/de\/wp-json\/wp\/v2\/product_brand?post=21372"},{"taxonomy":"product_cat","embeddable":true,"href":"https:\/\/mokaefti.ch\/de\/wp-json\/wp\/v2\/product_cat?post=21372"},{"taxonomy":"product_tag","embeddable":true,"href":"https:\/\/mokaefti.ch\/de\/wp-json\/wp\/v2\/product_tag?post=21372"}],"curies":[{"name":"wp","href":"https:\/\/api.w.org\/{rel}","templated":true}]}}