{"id":21375,"date":"2022-09-08T12:21:57","date_gmt":"2022-09-08T10:21:57","guid":{"rendered":"https:\/\/mokaefti.ch\/negozio-online\/spezialmischung-kaffeebohnen-500g\/"},"modified":"2025-11-13T13:21:46","modified_gmt":"2025-11-13T12:21:46","slug":"spezialmischung-kaffeebohnen-500g","status":"publish","type":"product","link":"https:\/\/mokaefti.ch\/de\/online-kaufen\/spezialmischung-kaffeebohnen-500g\/","title":{"rendered":"SPEZIALMISCHUNG KAFFEE BOHNEN 500G"},"content":{"rendered":"","protected":false},"excerpt":{"rendered":"<p><span class=\"selected\">Die Spezialmischung von Moka Efti verk\u00f6rpert die authentischste Tradition der italienischen Kaffeer\u00f6sterei und bietet Kennern in der Schweiz ein einzigartiges Geschmackserlebnis. Dieser exklusive Blend besteht aus sorgf\u00e4ltig ausgew\u00e4hlten Bohnen von renommierten Plantagen, was eine hohe Qualit\u00e4t in jeder Tasse garantiert. <\/span><\/p>\n<p><span class=\"selected\">Die handwerkliche R\u00f6stung unterstreicht die aromatischen Eigenschaften und verleiht dem Kaffee ein harmonisches und tiefes Geschmacksprofil. Am Gaumen zeichnen sich Noten von Kakao und edlen Gew\u00fcrzen ab, mit einem weichen und anhaltenden Abgang, der zu jedem Schluck einl\u00e4dt. <\/span><\/p>\n<p><span class=\"selected\">Die 500g-Packung mit edlem gemahlenem Kaffee wurde entwickelt, um die Frische des Produkts zu bewahren und den t\u00e4glichen Bed\u00fcrfnissen von Kaffeeliebhabern gerecht zu werden. Die sorgf\u00e4ltige Auswahl der Rohstoffe und die sorgf\u00e4ltige Aufmerksamkeit w\u00e4hrend des gesamten Produktionsprozesses spiegeln das Engagement von Moka Efti wider, einen erstklassigen Kaffee anzubieten. <\/span><\/p>\n<p><span class=\"selected\">F\u00fcr Schweizer Konsumenten, die f\u00fcr ihre Wertsch\u00e4tzung von Premiumprodukten bekannt sind, stellt die Spezialmischung eine Gelegenheit dar, die italienische Leidenschaft und Meisterschaft in der Welt des Kaffees zu entdecken und zu genie\u00dfen.<\/span><\/p>\n","protected":false},"featured_media":20230,"comment_status":"closed","ping_status":"closed","template":"","meta":{"_acf_changed":false,"_eb_attr":"","inline_featured_image":false},"product_brand":[],"product_cat":[388,407],"product_tag":[409],"class_list":{"0":"post-21375","1":"product","2":"type-product","3":"status-publish","4":"has-post-thumbnail","6":"product_cat-bohnen","7":"product_cat-mischung","8":"product_tag-espresso-mahlung","10":"first","11":"instock","12":"shipping-taxable","13":"purchasable","14":"product-type-simple"},"acf":[],"aioseo_notices":[],"_links":{"self":[{"href":"https:\/\/mokaefti.ch\/de\/wp-json\/wp\/v2\/product\/21375","targetHints":{"allow":["GET"]}}],"collection":[{"href":"https:\/\/mokaefti.ch\/de\/wp-json\/wp\/v2\/product"}],"about":[{"href":"https:\/\/mokaefti.ch\/de\/wp-json\/wp\/v2\/types\/product"}],"replies":[{"embeddable":true,"href":"https:\/\/mokaefti.ch\/de\/wp-json\/wp\/v2\/comments?post=21375"}],"version-history":[{"count":0,"href":"https:\/\/mokaefti.ch\/de\/wp-json\/wp\/v2\/product\/21375\/revisions"}],"wp:featuredmedia":[{"embeddable":true,"href":"https:\/\/mokaefti.ch\/de\/wp-json\/wp\/v2\/media\/20230"}],"wp:attachment":[{"href":"https:\/\/mokaefti.ch\/de\/wp-json\/wp\/v2\/media?parent=21375"}],"wp:term":[{"taxonomy":"product_brand","embeddable":true,"href":"https:\/\/mokaefti.ch\/de\/wp-json\/wp\/v2\/product_brand?post=21375"},{"taxonomy":"product_cat","embeddable":true,"href":"https:\/\/mokaefti.ch\/de\/wp-json\/wp\/v2\/product_cat?post=21375"},{"taxonomy":"product_tag","embeddable":true,"href":"https:\/\/mokaefti.ch\/de\/wp-json\/wp\/v2\/product_tag?post=21375"}],"curies":[{"name":"wp","href":"https:\/\/api.w.org\/{rel}","templated":true}]}}