{"id":21378,"date":"2022-09-08T12:19:29","date_gmt":"2022-09-08T10:19:29","guid":{"rendered":"https:\/\/mokaefti.ch\/negozio-online\/spezialmischung-kaffeebohnen-1000g\/"},"modified":"2025-11-13T13:20:04","modified_gmt":"2025-11-13T12:20:04","slug":"spezialmischung-kaffeebohnen-1000g","status":"publish","type":"product","link":"https:\/\/mokaefti.ch\/de\/online-kaufen\/spezialmischung-kaffeebohnen-1000g\/","title":{"rendered":"SPEZIALMISCHUNG KAFFEE BOHNEN 1000G"},"content":{"rendered":"","protected":false},"excerpt":{"rendered":"<p>Die Spezialmischung in Bohnen von Moka Efti ist eine exklusive Auswahl an erlesenen Arabica- und Robusta-Bohnen, die langsam ger\u00f6stet werden, um einen vollmundigen und ausgewogenen Kaffee zu kreieren. Diese Mischung wurde f\u00fcr wahre Liebhaber des italienischen Espressos entwickelt und zeichnet sich durch ihre samtige Crema und ein aromatisches Profil mit Noten von Schokolade und Trockenfr\u00fcchten aus. Ihre Vielseitigkeit macht sie sowohl f\u00fcr die Extraktion mit professionellen Kaffeemaschinen als auch f\u00fcr Haushaltsmaschinen perfekt und garantiert immer ein ausgezeichnetes Ergebnis. Ideal f\u00fcr einen intensiven Espresso oder als Basis f\u00fcr Cappuccinos und Macchiatos, ist sie die bevorzugte Wahl zahlreicher Bars und Caf\u00e9s in der Schweiz, die ein hochwertiges Produkt mit einem anhaltenden und harmonischen Geschmack suchen.   <\/p>\n","protected":false},"featured_media":20234,"comment_status":"closed","ping_status":"closed","template":"","meta":{"_acf_changed":false,"_eb_attr":"","inline_featured_image":false},"product_brand":[],"product_cat":[388,407],"product_tag":[409],"class_list":{"0":"post-21378","1":"product","2":"type-product","3":"status-publish","4":"has-post-thumbnail","6":"product_cat-bohnen","7":"product_cat-mischung","8":"product_tag-espresso-mahlung","10":"first","11":"instock","12":"shipping-taxable","13":"purchasable","14":"product-type-simple"},"acf":[],"aioseo_notices":[],"_links":{"self":[{"href":"https:\/\/mokaefti.ch\/de\/wp-json\/wp\/v2\/product\/21378","targetHints":{"allow":["GET"]}}],"collection":[{"href":"https:\/\/mokaefti.ch\/de\/wp-json\/wp\/v2\/product"}],"about":[{"href":"https:\/\/mokaefti.ch\/de\/wp-json\/wp\/v2\/types\/product"}],"replies":[{"embeddable":true,"href":"https:\/\/mokaefti.ch\/de\/wp-json\/wp\/v2\/comments?post=21378"}],"version-history":[{"count":0,"href":"https:\/\/mokaefti.ch\/de\/wp-json\/wp\/v2\/product\/21378\/revisions"}],"wp:featuredmedia":[{"embeddable":true,"href":"https:\/\/mokaefti.ch\/de\/wp-json\/wp\/v2\/media\/20234"}],"wp:attachment":[{"href":"https:\/\/mokaefti.ch\/de\/wp-json\/wp\/v2\/media?parent=21378"}],"wp:term":[{"taxonomy":"product_brand","embeddable":true,"href":"https:\/\/mokaefti.ch\/de\/wp-json\/wp\/v2\/product_brand?post=21378"},{"taxonomy":"product_cat","embeddable":true,"href":"https:\/\/mokaefti.ch\/de\/wp-json\/wp\/v2\/product_cat?post=21378"},{"taxonomy":"product_tag","embeddable":true,"href":"https:\/\/mokaefti.ch\/de\/wp-json\/wp\/v2\/product_tag?post=21378"}],"curies":[{"name":"wp","href":"https:\/\/api.w.org\/{rel}","templated":true}]}}