{"id":21381,"date":"2022-09-08T12:16:38","date_gmt":"2022-09-08T10:16:38","guid":{"rendered":"https:\/\/mokaefti.ch\/negozio-online\/nonplus-ultra-gemahlener-kaffee-500g\/"},"modified":"2025-11-13T15:49:23","modified_gmt":"2025-11-13T14:49:23","slug":"nonplus-ultra-gemahlener-kaffee-500g","status":"publish","type":"product","link":"https:\/\/mokaefti.ch\/de\/online-kaufen\/nonplus-ultra-gemahlener-kaffee-500g\/","title":{"rendered":"NONPLUS ULTRA KAFFEE GEMAHLEN 500G"},"content":{"rendered":"","protected":false},"excerpt":{"rendered":"<p>Der Nonplus Ultra gemahlene Kaffee von Moka Efti ist das Sinnbild f\u00fcr Exzellenz, eine Mischung f\u00fcr Kenner, die ein intensives und erf\u00fcllendes Geschmackserlebnis suchen. Diese exklusive Komposition aus 90 % Arabica und 10 % Robusta vereint die besten Urspr\u00fcnge aus Afrika, Asien und S\u00fcdamerika, um eine perfekte Balance zwischen Aroma und K\u00f6rper zu schaffen. Sein vollmundiger und umh\u00fcllender Geschmack dr\u00fcckt sich durch intensive aromatische Noten aus, die lange am Gaumen verweilen und mit einem s\u00fc\u00dfen und harmonischen Nachgeschmack abschlie\u00dfen. Ideal f\u00fcr die Zubereitung mit der Moka oder der Espressomaschine. Er wird in einer edlen 500g-Dose vakuumversiegelt aufbewahrt, die seine Frische sch\u00fctzt und seine wertvollen organoleptischen Eigenschaften Tasse f\u00fcr Tasse intakt h\u00e4lt.   <\/p>\n","protected":false},"featured_media":20723,"comment_status":"closed","ping_status":"closed","template":"","meta":{"_acf_changed":false,"_eb_attr":"","inline_featured_image":false},"product_brand":[],"product_cat":[422,407],"product_tag":[423],"class_list":{"0":"post-21381","1":"product","2":"type-product","3":"status-publish","4":"has-post-thumbnail","6":"product_cat-gemahlen","7":"product_cat-mischung","8":"product_tag-moka-mahlgrad","10":"first","11":"instock","12":"shipping-taxable","13":"purchasable","14":"product-type-simple"},"acf":[],"aioseo_notices":[],"_links":{"self":[{"href":"https:\/\/mokaefti.ch\/de\/wp-json\/wp\/v2\/product\/21381","targetHints":{"allow":["GET"]}}],"collection":[{"href":"https:\/\/mokaefti.ch\/de\/wp-json\/wp\/v2\/product"}],"about":[{"href":"https:\/\/mokaefti.ch\/de\/wp-json\/wp\/v2\/types\/product"}],"replies":[{"embeddable":true,"href":"https:\/\/mokaefti.ch\/de\/wp-json\/wp\/v2\/comments?post=21381"}],"version-history":[{"count":0,"href":"https:\/\/mokaefti.ch\/de\/wp-json\/wp\/v2\/product\/21381\/revisions"}],"wp:featuredmedia":[{"embeddable":true,"href":"https:\/\/mokaefti.ch\/de\/wp-json\/wp\/v2\/media\/20723"}],"wp:attachment":[{"href":"https:\/\/mokaefti.ch\/de\/wp-json\/wp\/v2\/media?parent=21381"}],"wp:term":[{"taxonomy":"product_brand","embeddable":true,"href":"https:\/\/mokaefti.ch\/de\/wp-json\/wp\/v2\/product_brand?post=21381"},{"taxonomy":"product_cat","embeddable":true,"href":"https:\/\/mokaefti.ch\/de\/wp-json\/wp\/v2\/product_cat?post=21381"},{"taxonomy":"product_tag","embeddable":true,"href":"https:\/\/mokaefti.ch\/de\/wp-json\/wp\/v2\/product_tag?post=21381"}],"curies":[{"name":"wp","href":"https:\/\/api.w.org\/{rel}","templated":true}]}}