{"id":21384,"date":"2022-09-08T12:10:08","date_gmt":"2022-09-08T10:10:08","guid":{"rendered":"https:\/\/mokaefti.ch\/negozio-online\/nonplus-ultra-gemahlener-kaffee-250g\/"},"modified":"2025-11-13T15:50:06","modified_gmt":"2025-11-13T14:50:06","slug":"nonplus-ultra-gemahlener-kaffee-250g","status":"publish","type":"product","link":"https:\/\/mokaefti.ch\/de\/online-kaufen\/nonplus-ultra-gemahlener-kaffee-250g\/","title":{"rendered":"NONPLUS ULTRA KAFFEE GEMAHLEN 250G"},"content":{"rendered":"","protected":false},"excerpt":{"rendered":"<p>Der Nonplus Ultra gemahlene Kaffee von Moka Efti ist die Exzellenz f\u00fcr wahre Kenner, eine Mischung, die ein einzigartiges sensorisches Erlebnis bietet. Zusammengesetzt aus 90 % edlen Arabica-Bohnen und 10 % Robusta, vereint er die besten Urspr\u00fcnge aus Afrika, Asien und S\u00fcdamerika, um ein perfektes Gleichgewicht zwischen S\u00fc\u00dfe und St\u00e4rke zu gew\u00e4hrleisten. Jeder Schluck offenbart einen vollen und runden Geschmack, der sich durch komplexe und anhaltende Aromen auszeichnet, die in einem s\u00fc\u00dfen und unglaublich harmonischen Nachgeschmack gipfeln. Um diese Symphonie der Aromen intakt zu halten, wird der Kaffee in vakuumversiegelten Dosen aufbewahrt, um sicherzustellen, dass die Qualit\u00e4t und Frische des Produkts unver\u00e4ndert bleiben. Er ist die perfekte Wahl f\u00fcr alle, die jede Kaffeepause in einen Moment puren Genusses verwandeln m\u00f6chten.    <\/p>\n","protected":false},"featured_media":20680,"comment_status":"closed","ping_status":"closed","template":"","meta":{"_acf_changed":false,"_eb_attr":"","inline_featured_image":false},"product_brand":[],"product_cat":[422,407],"product_tag":[],"class_list":{"0":"post-21384","1":"product","2":"type-product","3":"status-publish","4":"has-post-thumbnail","6":"product_cat-gemahlen","7":"product_cat-mischung","9":"first","10":"instock","11":"shipping-taxable","12":"purchasable","13":"product-type-simple"},"acf":[],"aioseo_notices":[],"_links":{"self":[{"href":"https:\/\/mokaefti.ch\/de\/wp-json\/wp\/v2\/product\/21384","targetHints":{"allow":["GET"]}}],"collection":[{"href":"https:\/\/mokaefti.ch\/de\/wp-json\/wp\/v2\/product"}],"about":[{"href":"https:\/\/mokaefti.ch\/de\/wp-json\/wp\/v2\/types\/product"}],"replies":[{"embeddable":true,"href":"https:\/\/mokaefti.ch\/de\/wp-json\/wp\/v2\/comments?post=21384"}],"version-history":[{"count":0,"href":"https:\/\/mokaefti.ch\/de\/wp-json\/wp\/v2\/product\/21384\/revisions"}],"wp:featuredmedia":[{"embeddable":true,"href":"https:\/\/mokaefti.ch\/de\/wp-json\/wp\/v2\/media\/20680"}],"wp:attachment":[{"href":"https:\/\/mokaefti.ch\/de\/wp-json\/wp\/v2\/media?parent=21384"}],"wp:term":[{"taxonomy":"product_brand","embeddable":true,"href":"https:\/\/mokaefti.ch\/de\/wp-json\/wp\/v2\/product_brand?post=21384"},{"taxonomy":"product_cat","embeddable":true,"href":"https:\/\/mokaefti.ch\/de\/wp-json\/wp\/v2\/product_cat?post=21384"},{"taxonomy":"product_tag","embeddable":true,"href":"https:\/\/mokaefti.ch\/de\/wp-json\/wp\/v2\/product_tag?post=21384"}],"curies":[{"name":"wp","href":"https:\/\/api.w.org\/{rel}","templated":true}]}}