{"id":21387,"date":"2022-09-08T12:08:05","date_gmt":"2022-09-08T10:08:05","guid":{"rendered":"https:\/\/mokaefti.ch\/negozio-online\/nonplus-ultra-kaffeebohnen-250g\/"},"modified":"2025-11-13T13:19:14","modified_gmt":"2025-11-13T12:19:14","slug":"nonplus-ultra-kaffeebohnen-250g","status":"publish","type":"product","link":"https:\/\/mokaefti.ch\/de\/online-kaufen\/nonplus-ultra-kaffeebohnen-250g\/","title":{"rendered":"NONPLUS ULTRA KAFFEE BOHNEN 250G"},"content":{"rendered":"","protected":false},"excerpt":{"rendered":"<p>Der Nonplus Ultra Kaffee in Bohnen von Moka Efti ist der ultimative Ausdruck unserer Leidenschaft f\u00fcr Kaffee, eine exklusive Mischung f\u00fcr alle, die keine Kompromisse eingehen. Durch die sorgf\u00e4ltige Auswahl der besten Arabica- und Robusta-Bohnen und die Anwendung einer langsamen und kontrollierten R\u00f6stung haben wir einen Kaffee mit einem unverwechselbaren und perfekt ausgewogenen Geschmack geschaffen. Jede Tasse bietet ein einnehmendes Erlebnis mit einem vollen K\u00f6rper, reichen Noten von Kakao und Trockenfr\u00fcchten sowie einer samtigen und au\u00dfergew\u00f6hnlich anhaltenden Crema. Seine harmonische Struktur macht ihn ideal f\u00fcr eine einwandfreie Extraktion mit professionellen Espressomaschinen sowie zur Hervorhebung des Aromas der traditionellen Moka. Er ist die perfekte Basis f\u00fcr einen intensiven Espresso oder f\u00fcr die Kreation von Cappuccinos und Macchiatos mit einem reichhaltigen und unvergesslichen Geschmack.    <\/p>\n","protected":false},"featured_media":20238,"comment_status":"closed","ping_status":"closed","template":"","meta":{"_acf_changed":false,"_eb_attr":"","inline_featured_image":false},"product_brand":[],"product_cat":[388,407],"product_tag":[409],"class_list":{"0":"post-21387","1":"product","2":"type-product","3":"status-publish","4":"has-post-thumbnail","6":"product_cat-bohnen","7":"product_cat-mischung","8":"product_tag-espresso-mahlung","10":"first","11":"instock","12":"shipping-taxable","13":"purchasable","14":"product-type-simple"},"acf":[],"aioseo_notices":[],"_links":{"self":[{"href":"https:\/\/mokaefti.ch\/de\/wp-json\/wp\/v2\/product\/21387","targetHints":{"allow":["GET"]}}],"collection":[{"href":"https:\/\/mokaefti.ch\/de\/wp-json\/wp\/v2\/product"}],"about":[{"href":"https:\/\/mokaefti.ch\/de\/wp-json\/wp\/v2\/types\/product"}],"replies":[{"embeddable":true,"href":"https:\/\/mokaefti.ch\/de\/wp-json\/wp\/v2\/comments?post=21387"}],"version-history":[{"count":0,"href":"https:\/\/mokaefti.ch\/de\/wp-json\/wp\/v2\/product\/21387\/revisions"}],"wp:featuredmedia":[{"embeddable":true,"href":"https:\/\/mokaefti.ch\/de\/wp-json\/wp\/v2\/media\/20238"}],"wp:attachment":[{"href":"https:\/\/mokaefti.ch\/de\/wp-json\/wp\/v2\/media?parent=21387"}],"wp:term":[{"taxonomy":"product_brand","embeddable":true,"href":"https:\/\/mokaefti.ch\/de\/wp-json\/wp\/v2\/product_brand?post=21387"},{"taxonomy":"product_cat","embeddable":true,"href":"https:\/\/mokaefti.ch\/de\/wp-json\/wp\/v2\/product_cat?post=21387"},{"taxonomy":"product_tag","embeddable":true,"href":"https:\/\/mokaefti.ch\/de\/wp-json\/wp\/v2\/product_tag?post=21387"}],"curies":[{"name":"wp","href":"https:\/\/api.w.org\/{rel}","templated":true}]}}