{"id":21396,"date":"2022-09-08T11:00:55","date_gmt":"2022-09-08T09:00:55","guid":{"rendered":"https:\/\/mokaefti.ch\/negozio-online\/sublime-kaffee-ganze-bohne-1000-g\/"},"modified":"2025-11-13T13:16:39","modified_gmt":"2025-11-13T12:16:39","slug":"sublime-kaffee-ganze-bohne-1000-g","status":"publish","type":"product","link":"https:\/\/mokaefti.ch\/de\/online-kaufen\/sublime-kaffee-ganze-bohne-1000-g\/","title":{"rendered":"SUBLIME KAFFEE BOHNEN 1000G"},"content":{"rendered":"","protected":false},"excerpt":{"rendered":"<p>Der Sublime Kaffee in ganzen Bohnen von Moka Efti, in der praktischen 1kg-Packung, ist die ideale Wahl f\u00fcr Kaffeeliebhaber, die das volle Aroma einer erlesenen Mischung frisch mahlen m\u00f6chten. Diese harmonische Kombination aus edlen Arabica- und Robusta-Bohnen, veredelt durch eine langsame und gleichm\u00e4\u00dfige R\u00f6stung, ergibt einen Espresso mit vollmundigem Geschmack und intensivem Aroma. Am Gaumen entfalten sich feine Noten von Schokolade und N\u00fcssen, f\u00fcr ein reichhaltiges und befriedigendes Geschmackserlebnis, das an die beste italienische Kaffeetradition erinnert. Perfekt sowohl f\u00fcr professionelle Kaffeemaschinen als auch f\u00fcr den Hausgebrauch, garantiert diese Mischung eine dichte Crema und einen gleichbleibenden Geschmack. Die 1kg-Packung ist so konzipiert, dass sie die Frische und die organoleptischen Eigenschaften der Bohnen optimal bewahrt, Tasse f\u00fcr Tasse.    <\/p>\n","protected":false},"featured_media":20250,"comment_status":"closed","ping_status":"closed","template":"","meta":{"_acf_changed":false,"_eb_attr":"","inline_featured_image":false},"product_brand":[],"product_cat":[402,388,407],"product_tag":[409],"class_list":{"0":"post-21396","1":"product","2":"type-product","3":"status-publish","4":"has-post-thumbnail","6":"product_cat-aktionen","7":"product_cat-bohnen","8":"product_cat-mischung","9":"product_tag-espresso-mahlung","11":"first","12":"instock","13":"shipping-taxable","14":"purchasable","15":"product-type-simple"},"acf":[],"aioseo_notices":[],"_links":{"self":[{"href":"https:\/\/mokaefti.ch\/de\/wp-json\/wp\/v2\/product\/21396","targetHints":{"allow":["GET"]}}],"collection":[{"href":"https:\/\/mokaefti.ch\/de\/wp-json\/wp\/v2\/product"}],"about":[{"href":"https:\/\/mokaefti.ch\/de\/wp-json\/wp\/v2\/types\/product"}],"replies":[{"embeddable":true,"href":"https:\/\/mokaefti.ch\/de\/wp-json\/wp\/v2\/comments?post=21396"}],"version-history":[{"count":0,"href":"https:\/\/mokaefti.ch\/de\/wp-json\/wp\/v2\/product\/21396\/revisions"}],"wp:featuredmedia":[{"embeddable":true,"href":"https:\/\/mokaefti.ch\/de\/wp-json\/wp\/v2\/media\/20250"}],"wp:attachment":[{"href":"https:\/\/mokaefti.ch\/de\/wp-json\/wp\/v2\/media?parent=21396"}],"wp:term":[{"taxonomy":"product_brand","embeddable":true,"href":"https:\/\/mokaefti.ch\/de\/wp-json\/wp\/v2\/product_brand?post=21396"},{"taxonomy":"product_cat","embeddable":true,"href":"https:\/\/mokaefti.ch\/de\/wp-json\/wp\/v2\/product_cat?post=21396"},{"taxonomy":"product_tag","embeddable":true,"href":"https:\/\/mokaefti.ch\/de\/wp-json\/wp\/v2\/product_tag?post=21396"}],"curies":[{"name":"wp","href":"https:\/\/api.w.org\/{rel}","templated":true}]}}