{"id":21399,"date":"2022-09-07T14:14:23","date_gmt":"2022-09-07T12:14:23","guid":{"rendered":"https:\/\/mokaefti.ch\/negozio-online\/arabica-100-kaffeebohnen-1000-g\/"},"modified":"2025-11-13T16:33:42","modified_gmt":"2025-11-13T15:33:42","slug":"arabica-100-kaffeebohnen-1000-g","status":"publish","type":"product","link":"https:\/\/mokaefti.ch\/de\/online-kaufen\/arabica-100-kaffeebohnen-1000-g\/","title":{"rendered":"ARABICA 100% KAFFEEBOHNEN 1000G"},"content":{"rendered":"","protected":false},"excerpt":{"rendered":"<p>Unsere 100% Arabica-Mischung besteht aus sorgf\u00e4ltig ausgew\u00e4hlten Bohnen aus S\u00fcd- und Mittelamerika, Kenia und \u00c4thiopien, die zu den besten der Welt geh\u00f6ren. Diese Mischung zeichnet sich durch ihren s\u00fc\u00dfen und delikaten Geschmack und einen duftenden Nachgeschmack aus, was sie zu einer der beliebtesten bei Kaffeeliebhabern macht. Dank ihres nat\u00fcrlich reduzierten Koffeingehalts ist sie die ideale Wahl f\u00fcr alle, die einen raffinierten und leichten Kaffee w\u00fcnschen. Die Mischung ist als ganze Bohne erh\u00e4ltlich und wird in Schutzatmosph\u00e4re verpackt und in hermetischen Beuteln mit Aromaschutzventil versiegelt, um ihr einzigartiges Aroma zu bewahren und eine gleichbleibend hohe Qualit\u00e4t zu gew\u00e4hrleisten.<\/p>\n","protected":false},"featured_media":20254,"comment_status":"closed","ping_status":"closed","template":"","meta":{"_acf_changed":false,"_eb_attr":"","inline_featured_image":false},"product_brand":[],"product_cat":[388,407],"product_tag":[391,409,410],"class_list":{"0":"post-21399","1":"product","2":"type-product","3":"status-publish","4":"has-post-thumbnail","6":"product_cat-bohnen","7":"product_cat-mischung","8":"product_tag-arabica","9":"product_tag-espresso-mahlung","10":"product_tag-ristretto-mahlung","12":"first","13":"instock","14":"shipping-taxable","15":"purchasable","16":"product-type-simple"},"acf":[],"aioseo_notices":[],"_links":{"self":[{"href":"https:\/\/mokaefti.ch\/de\/wp-json\/wp\/v2\/product\/21399","targetHints":{"allow":["GET"]}}],"collection":[{"href":"https:\/\/mokaefti.ch\/de\/wp-json\/wp\/v2\/product"}],"about":[{"href":"https:\/\/mokaefti.ch\/de\/wp-json\/wp\/v2\/types\/product"}],"replies":[{"embeddable":true,"href":"https:\/\/mokaefti.ch\/de\/wp-json\/wp\/v2\/comments?post=21399"}],"version-history":[{"count":0,"href":"https:\/\/mokaefti.ch\/de\/wp-json\/wp\/v2\/product\/21399\/revisions"}],"wp:featuredmedia":[{"embeddable":true,"href":"https:\/\/mokaefti.ch\/de\/wp-json\/wp\/v2\/media\/20254"}],"wp:attachment":[{"href":"https:\/\/mokaefti.ch\/de\/wp-json\/wp\/v2\/media?parent=21399"}],"wp:term":[{"taxonomy":"product_brand","embeddable":true,"href":"https:\/\/mokaefti.ch\/de\/wp-json\/wp\/v2\/product_brand?post=21399"},{"taxonomy":"product_cat","embeddable":true,"href":"https:\/\/mokaefti.ch\/de\/wp-json\/wp\/v2\/product_cat?post=21399"},{"taxonomy":"product_tag","embeddable":true,"href":"https:\/\/mokaefti.ch\/de\/wp-json\/wp\/v2\/product_tag?post=21399"}],"curies":[{"name":"wp","href":"https:\/\/api.w.org\/{rel}","templated":true}]}}