{"id":21402,"date":"2022-08-17T18:10:35","date_gmt":"2022-08-17T16:10:35","guid":{"rendered":"https:\/\/mokaefti.ch\/negozio-online\/sublime-gemahlener-kaffee-250g\/"},"modified":"2025-11-13T15:47:59","modified_gmt":"2025-11-13T14:47:59","slug":"sublime-gemahlener-kaffee-250g","status":"publish","type":"product","link":"https:\/\/mokaefti.ch\/de\/online-kaufen\/sublime-gemahlener-kaffee-250g\/","title":{"rendered":"SUBLIME KAFFEE GEMAHLEN 250G"},"content":{"rendered":"","protected":false},"excerpt":{"rendered":"<p>Der Sublime gemahlene Kaffee von Moka Efti ist eine raffinierte Mischung, die entwickelt wurde, um das Ritual des mit der Moka zubereiteten Kaffees zu verfeinern. Er ist das Ergebnis einer sorgf\u00e4ltigen Auswahl edler Arabica- und Robusta-Bohnen und wird einer langsamen und gleichm\u00e4\u00dfigen R\u00f6stung unterzogen, die ein intensives Aroma und einen perfekt ausgewogenen Geschmack freisetzt. Am Gaumen entfaltet er einen vollen K\u00f6rper und harmonische Noten von Schokolade und Trockenfr\u00fcchten, mit einer ausgewogenen S\u00fc\u00dfe, die auf dem Schweizer Markt sehr gesch\u00e4tzt wird. Die Mahlung ist darauf ausgelegt, eine optimale Extraktion mit der Moka und anderen traditionellen Methoden zu gew\u00e4hrleisten. Die praktische 250g-Packung bewahrt die Frische und die organoleptischen Eigenschaften des Kaffees bis zur letzten Tasse.    <\/p>\n","protected":false},"featured_media":20684,"comment_status":"closed","ping_status":"closed","template":"","meta":{"_acf_changed":false,"_eb_attr":"","inline_featured_image":false},"product_brand":[],"product_cat":[402,422,407],"product_tag":[423],"class_list":{"0":"post-21402","1":"product","2":"type-product","3":"status-publish","4":"has-post-thumbnail","6":"product_cat-aktionen","7":"product_cat-gemahlen","8":"product_cat-mischung","9":"product_tag-moka-mahlgrad","11":"first","12":"instock","13":"shipping-taxable","14":"purchasable","15":"product-type-simple"},"acf":[],"aioseo_notices":[],"_links":{"self":[{"href":"https:\/\/mokaefti.ch\/de\/wp-json\/wp\/v2\/product\/21402","targetHints":{"allow":["GET"]}}],"collection":[{"href":"https:\/\/mokaefti.ch\/de\/wp-json\/wp\/v2\/product"}],"about":[{"href":"https:\/\/mokaefti.ch\/de\/wp-json\/wp\/v2\/types\/product"}],"replies":[{"embeddable":true,"href":"https:\/\/mokaefti.ch\/de\/wp-json\/wp\/v2\/comments?post=21402"}],"version-history":[{"count":0,"href":"https:\/\/mokaefti.ch\/de\/wp-json\/wp\/v2\/product\/21402\/revisions"}],"wp:featuredmedia":[{"embeddable":true,"href":"https:\/\/mokaefti.ch\/de\/wp-json\/wp\/v2\/media\/20684"}],"wp:attachment":[{"href":"https:\/\/mokaefti.ch\/de\/wp-json\/wp\/v2\/media?parent=21402"}],"wp:term":[{"taxonomy":"product_brand","embeddable":true,"href":"https:\/\/mokaefti.ch\/de\/wp-json\/wp\/v2\/product_brand?post=21402"},{"taxonomy":"product_cat","embeddable":true,"href":"https:\/\/mokaefti.ch\/de\/wp-json\/wp\/v2\/product_cat?post=21402"},{"taxonomy":"product_tag","embeddable":true,"href":"https:\/\/mokaefti.ch\/de\/wp-json\/wp\/v2\/product_tag?post=21402"}],"curies":[{"name":"wp","href":"https:\/\/api.w.org\/{rel}","templated":true}]}}