{"id":21416,"date":"2022-08-08T18:33:19","date_gmt":"2022-08-08T16:33:19","guid":{"rendered":"https:\/\/mokaefti.ch\/negozio-online\/parainema-natural-250-gr\/"},"modified":"2025-11-13T13:28:13","modified_gmt":"2025-11-13T12:28:13","slug":"parainema-natural-250-gr","status":"publish","type":"product","link":"https:\/\/mokaefti.ch\/de\/online-kaufen\/parainema-natural-250-gr\/","title":{"rendered":"PARAINEMA NATURAL 250G"},"content":{"rendered":"","protected":false},"excerpt":{"rendered":"<p>Dieser Micro Lot, der nach der alten Natural-Methode verarbeitet wird, ist eine echte Feier der S\u00fcsse und der fruchtigen Noten, geh\u00fcllt in einen \u00fcberraschend dichten und komplexen K\u00f6rper. Um dieses einzigartige Profil zu erhalten, werden die Kaffeekirschen etwa 15-20 Tage lang im Ganzen auf speziellen Patios in der Sonne getrocknet. W\u00e4hrend dieser langsamen Trocknung \u00fcbertr\u00e4gt das zuckerhaltige Fruchtfleisch wertvolle aromatische Nuancen auf die Bohne. Dieser traditionelle und sorgf\u00e4ltige Prozess, der die Feuchtigkeit von anf\u00e4nglich 65 % auf einen idealen Wert von 10-12 % reduziert, ist das Geheimnis seiner aussergew\u00f6hnlichen Qualit\u00e4t. In der Tasse offenbart er eine hohe S\u00fcsse und einen samtigen K\u00f6rper, der ein intensives aromatisches Bouquet von Schokolade, Trockenfr\u00fcchten und Karamell entfaltet, perfekt ausbalanciert durch eine moderate und angenehme S\u00e4ure.    <\/p>\n","protected":false},"featured_media":20258,"comment_status":"closed","ping_status":"closed","template":"","meta":{"_acf_changed":false,"_eb_attr":"","inline_featured_image":false},"product_brand":[],"product_cat":[388,389,387,390],"product_tag":[391,392,393],"class_list":{"0":"post-21416","1":"product","2":"type-product","3":"status-publish","4":"has-post-thumbnail","6":"product_cat-bohnen","7":"product_cat-microlot-de","8":"product_cat-moka-efti-selection-de","9":"product_cat-parainema-de","10":"product_tag-arabica","11":"product_tag-filtermahlung","12":"product_tag-parainema","14":"first","15":"instock","16":"shipping-taxable","17":"purchasable","18":"product-type-variable"},"acf":[],"aioseo_notices":[],"_links":{"self":[{"href":"https:\/\/mokaefti.ch\/de\/wp-json\/wp\/v2\/product\/21416","targetHints":{"allow":["GET"]}}],"collection":[{"href":"https:\/\/mokaefti.ch\/de\/wp-json\/wp\/v2\/product"}],"about":[{"href":"https:\/\/mokaefti.ch\/de\/wp-json\/wp\/v2\/types\/product"}],"replies":[{"embeddable":true,"href":"https:\/\/mokaefti.ch\/de\/wp-json\/wp\/v2\/comments?post=21416"}],"version-history":[{"count":0,"href":"https:\/\/mokaefti.ch\/de\/wp-json\/wp\/v2\/product\/21416\/revisions"}],"wp:featuredmedia":[{"embeddable":true,"href":"https:\/\/mokaefti.ch\/de\/wp-json\/wp\/v2\/media\/20258"}],"wp:attachment":[{"href":"https:\/\/mokaefti.ch\/de\/wp-json\/wp\/v2\/media?parent=21416"}],"wp:term":[{"taxonomy":"product_brand","embeddable":true,"href":"https:\/\/mokaefti.ch\/de\/wp-json\/wp\/v2\/product_brand?post=21416"},{"taxonomy":"product_cat","embeddable":true,"href":"https:\/\/mokaefti.ch\/de\/wp-json\/wp\/v2\/product_cat?post=21416"},{"taxonomy":"product_tag","embeddable":true,"href":"https:\/\/mokaefti.ch\/de\/wp-json\/wp\/v2\/product_tag?post=21416"}],"curies":[{"name":"wp","href":"https:\/\/api.w.org\/{rel}","templated":true}]}}