{"id":26284,"date":"2025-12-16T10:20:54","date_gmt":"2025-12-16T09:20:54","guid":{"rendered":"https:\/\/mokaefti.ch\/?post_type=product&#038;p=26284"},"modified":"2025-12-16T14:21:21","modified_gmt":"2025-12-16T13:21:21","slug":"pittissima-cremige-espresso-kapseln","status":"publish","type":"product","link":"https:\/\/mokaefti.ch\/de\/online-kaufen\/pittissima-cremige-espresso-kapseln\/","title":{"rendered":"PITTISSIMA CREMOSO ESPRESSO-KAPSELN"},"content":{"rendered":"","protected":false},"excerpt":{"rendered":"<p>Die Pitti Caff\u00e8 Cremoso Kapseln der Linie Pittissima, die im praktischen 10er-Etui erh\u00e4ltlich sind, bieten ein einzigartiges Geschmackserlebnis dank einer gekonnten Mischung aus feinen Arabica- und Robusta-Bohnen. Dieser Kaffee ist ideal f\u00fcr alle, die einen vollmundigen Espresso mit kr\u00e4ftigem Geschmack suchen. Er liefert ein tadelloses Ergebnis in der Tasse, dicht und samtig wie in der Bar. Das Aromaprofil ist komplex und umh\u00fcllend und zeichnet sich durch ausgepr\u00e4gte Noten von dunkler Schokolade, reifen Fr\u00fcchten und Trockenfr\u00fcchten aus, angereichert mit einem unverwechselbaren Hauch von ger\u00f6steter Brotkruste, der angenehm am Gaumen verweilt.<\/p>\n<p><strong>URSPRUNG: <\/strong>Brasilien, \u00c4thiopien, Indien, Uganda, Indonesien<br \/>\n<strong>R\u00d6STEN<\/strong>: Dunkel<br \/>\n<strong>BESCHREIBUNG: <\/strong>1 Kapsel von 5.5 gr. Kaffee<br \/>\n<strong>VERPACKUNG<\/strong>: 10 Kapseln<\/p>\n","protected":false},"featured_media":26289,"comment_status":"closed","ping_status":"closed","template":"","meta":{"_acf_changed":false,"_eb_attr":"","inline_featured_image":false},"product_brand":[],"product_cat":[428,407,459],"product_tag":[409,429],"class_list":{"0":"post-26284","1":"product","2":"type-product","3":"status-publish","4":"has-post-thumbnail","6":"product_cat-kapseln","7":"product_cat-mischung","8":"product_cat-pitti-cafe","9":"product_tag-espresso-mahlung","10":"product_tag-pittissima","12":"first","13":"instock","14":"shipping-taxable","15":"purchasable","16":"product-type-simple"},"acf":[],"aioseo_notices":[],"_links":{"self":[{"href":"https:\/\/mokaefti.ch\/de\/wp-json\/wp\/v2\/product\/26284","targetHints":{"allow":["GET"]}}],"collection":[{"href":"https:\/\/mokaefti.ch\/de\/wp-json\/wp\/v2\/product"}],"about":[{"href":"https:\/\/mokaefti.ch\/de\/wp-json\/wp\/v2\/types\/product"}],"replies":[{"embeddable":true,"href":"https:\/\/mokaefti.ch\/de\/wp-json\/wp\/v2\/comments?post=26284"}],"version-history":[{"count":0,"href":"https:\/\/mokaefti.ch\/de\/wp-json\/wp\/v2\/product\/26284\/revisions"}],"wp:featuredmedia":[{"embeddable":true,"href":"https:\/\/mokaefti.ch\/de\/wp-json\/wp\/v2\/media\/26289"}],"wp:attachment":[{"href":"https:\/\/mokaefti.ch\/de\/wp-json\/wp\/v2\/media?parent=26284"}],"wp:term":[{"taxonomy":"product_brand","embeddable":true,"href":"https:\/\/mokaefti.ch\/de\/wp-json\/wp\/v2\/product_brand?post=26284"},{"taxonomy":"product_cat","embeddable":true,"href":"https:\/\/mokaefti.ch\/de\/wp-json\/wp\/v2\/product_cat?post=26284"},{"taxonomy":"product_tag","embeddable":true,"href":"https:\/\/mokaefti.ch\/de\/wp-json\/wp\/v2\/product_tag?post=26284"}],"curies":[{"name":"wp","href":"https:\/\/api.w.org\/{rel}","templated":true}]}}