{"id":26313,"date":"2025-12-16T11:49:30","date_gmt":"2025-12-16T10:49:30","guid":{"rendered":"https:\/\/mokaefti.ch\/?post_type=product&#038;p=26313"},"modified":"2025-12-16T14:18:13","modified_gmt":"2025-12-16T13:18:13","slug":"spezialmischung-kaffeebohnen-1000g-fairtrade","status":"publish","type":"product","link":"https:\/\/mokaefti.ch\/de\/online-kaufen\/spezialmischung-kaffeebohnen-1000g-fairtrade\/","title":{"rendered":"SPEZIALMISCHUNG KAFFEEBOHNEN 1000G FAIRTRADE"},"content":{"rendered":"","protected":false},"excerpt":{"rendered":"<p>Die Moka Efti Special Bean Blend besteht aus einer exklusiven Auswahl feiner Arabica- und Robusta-Bohnen, die langsam und sorgf\u00e4ltig ger\u00f6stet werden, um einen vollmundigen und perfekt ausgewogenen Kaffee zu garantieren. Diese Mischung ist ideal f\u00fcr Liebhaber des italienischen Espresso. Sie liefert eine samtige und anhaltende Crema und offenbart am Gaumen ein komplexes aromatisches Profil, das durch intensive Noten von Schokolade und Trockenfr\u00fcchten bereichert wird. Seine au\u00dfergew\u00f6hnliche Vielseitigkeit macht ihn zur perfekten Wahl sowohl f\u00fcr die Extraktion mit professionellen Maschinen als auch f\u00fcr den gehobenen Hausgebrauch und garantiert ein hervorragendes Ergebnis in jeder Tasse. Hervorragend geeignet f\u00fcr einen intensiven Espresso oder als strukturierte Basis f\u00fcr Cappuccino und Macchiato, ist diese Referenz eines der beliebtesten Fairtrade-Produkte in unserem Sortiment: Das Ergebnis der Meisterschaft unserer Selektoren, verbindet er nachhaltige Qualit\u00e4t mit der authentischsten italienischen Tradition und ist der Kaffee der Wahl f\u00fcr viele Bars und Verbraucher in der Schweiz.<\/p>\n","protected":false},"featured_media":26317,"comment_status":"closed","ping_status":"closed","template":"","meta":{"_acf_changed":false,"_eb_attr":"","inline_featured_image":false},"product_brand":[],"product_cat":[388,408,407],"product_tag":[409],"class_list":{"0":"post-26313","1":"product","2":"type-product","3":"status-publish","4":"has-post-thumbnail","6":"product_cat-bohnen","7":"product_cat-fairtrade-de","8":"product_cat-mischung","9":"product_tag-espresso-mahlung","11":"first","12":"instock","13":"shipping-taxable","14":"purchasable","15":"product-type-simple"},"acf":[],"aioseo_notices":[],"_links":{"self":[{"href":"https:\/\/mokaefti.ch\/de\/wp-json\/wp\/v2\/product\/26313","targetHints":{"allow":["GET"]}}],"collection":[{"href":"https:\/\/mokaefti.ch\/de\/wp-json\/wp\/v2\/product"}],"about":[{"href":"https:\/\/mokaefti.ch\/de\/wp-json\/wp\/v2\/types\/product"}],"replies":[{"embeddable":true,"href":"https:\/\/mokaefti.ch\/de\/wp-json\/wp\/v2\/comments?post=26313"}],"version-history":[{"count":0,"href":"https:\/\/mokaefti.ch\/de\/wp-json\/wp\/v2\/product\/26313\/revisions"}],"wp:featuredmedia":[{"embeddable":true,"href":"https:\/\/mokaefti.ch\/de\/wp-json\/wp\/v2\/media\/26317"}],"wp:attachment":[{"href":"https:\/\/mokaefti.ch\/de\/wp-json\/wp\/v2\/media?parent=26313"}],"wp:term":[{"taxonomy":"product_brand","embeddable":true,"href":"https:\/\/mokaefti.ch\/de\/wp-json\/wp\/v2\/product_brand?post=26313"},{"taxonomy":"product_cat","embeddable":true,"href":"https:\/\/mokaefti.ch\/de\/wp-json\/wp\/v2\/product_cat?post=26313"},{"taxonomy":"product_tag","embeddable":true,"href":"https:\/\/mokaefti.ch\/de\/wp-json\/wp\/v2\/product_tag?post=26313"}],"curies":[{"name":"wp","href":"https:\/\/api.w.org\/{rel}","templated":true}]}}